{"id":10,"date":"2014-07-08T16:42:36","date_gmt":"2014-07-08T14:42:36","guid":{"rendered":"http:\/\/lasido.de\/?page_id=10"},"modified":"2025-03-19T12:53:30","modified_gmt":"2025-03-19T10:53:30","slug":"home","status":"publish","type":"page","link":"https:\/\/lasido.de\/","title":{"rendered":"lasido.de"},"content":{"rendered":"\n<hr class=\"wp-block-separator has-alpha-channel-opacity is-style-wide is-style-wide--1\"\/>\n\n\n\n<p>Homepage von J\u00f6rg Lanzinger &#8211; Musiker, Musiklehrer, Komponist<\/p>\n\n\n\n<hr class=\"wp-block-separator has-alpha-channel-opacity is-style-default\"\/>\n\n\n\n<figure class=\"wp-block-image size-large is-style-default\"><a href=\"https:\/\/lasido.de\/wordpress\/wp-content\/uploads\/2024\/02\/Joerg-Lanzinger-2024-3-scaled.jpeg\"><img loading=\"lazy\" decoding=\"async\" width=\"1024\" height=\"768\" src=\"https:\/\/lasido.de\/wordpress\/wp-content\/uploads\/2024\/02\/Joerg-Lanzinger-2024-3-1024x768.jpeg\" alt=\"\" class=\"wp-image-1621\" srcset=\"https:\/\/lasido.de\/wordpress\/wp-content\/uploads\/2024\/02\/Joerg-Lanzinger-2024-3-1024x768.jpeg 1024w, https:\/\/lasido.de\/wordpress\/wp-content\/uploads\/2024\/02\/Joerg-Lanzinger-2024-3-300x225.jpeg 300w, https:\/\/lasido.de\/wordpress\/wp-content\/uploads\/2024\/02\/Joerg-Lanzinger-2024-3-768x576.jpeg 768w, https:\/\/lasido.de\/wordpress\/wp-content\/uploads\/2024\/02\/Joerg-Lanzinger-2024-3-1536x1152.jpeg 1536w, https:\/\/lasido.de\/wordpress\/wp-content\/uploads\/2024\/02\/Joerg-Lanzinger-2024-3-2048x1536.jpeg 2048w\" sizes=\"auto, (max-width: 1024px) 100vw, 1024px\" \/><\/a><\/figure>\n\n\n\n<hr class=\"wp-block-separator has-alpha-channel-opacity is-style-default\"\/>\n\n\n<p class=\"wp-block-tag-cloud\"><a href=\"https:\/\/lasido.de\/?tag=adventssingen\" class=\"tag-cloud-link tag-link-125 tag-link-position-1\" style=\"font-size: 10.950495049505pt;\" aria-label=\"Adventssingen (3\u00a0Eintr\u00e4ge)\">Adventssingen<\/a>\n<a href=\"https:\/\/lasido.de\/?tag=album\" class=\"tag-cloud-link tag-link-163 tag-link-position-2\" style=\"font-size: 10pt;\" aria-label=\"Album (2\u00a0Eintr\u00e4ge)\">Album<\/a>\n<a href=\"https:\/\/lasido.de\/?tag=bachtalhalle\" class=\"tag-cloud-link tag-link-146 tag-link-position-3\" style=\"font-size: 12.930693069307pt;\" aria-label=\"Bachtalhalle (6\u00a0Eintr\u00e4ge)\">Bachtalhalle<\/a>\n<a href=\"https:\/\/lasido.de\/?tag=band\" class=\"tag-cloud-link tag-link-98 tag-link-position-4\" style=\"font-size: 11.742574257426pt;\" aria-label=\"Band (4\u00a0Eintr\u00e4ge)\">Band<\/a>\n<a href=\"https:\/\/lasido.de\/?tag=bass\" class=\"tag-cloud-link tag-link-94 tag-link-position-5\" style=\"font-size: 10.950495049505pt;\" aria-label=\"Bass (3\u00a0Eintr\u00e4ge)\">Bass<\/a>\n<a href=\"https:\/\/lasido.de\/?tag=between-the-lines\" class=\"tag-cloud-link tag-link-162 tag-link-position-6\" style=\"font-size: 10.950495049505pt;\" aria-label=\"Between the Lines (3\u00a0Eintr\u00e4ge)\">Between the Lines<\/a>\n<a href=\"https:\/\/lasido.de\/?tag=br\" class=\"tag-cloud-link tag-link-121 tag-link-position-7\" style=\"font-size: 10.950495049505pt;\" aria-label=\"BR (3\u00a0Eintr\u00e4ge)\">BR<\/a>\n<a href=\"https:\/\/lasido.de\/?tag=btl\" class=\"tag-cloud-link tag-link-161 tag-link-position-8\" style=\"font-size: 10pt;\" aria-label=\"BTL (2\u00a0Eintr\u00e4ge)\">BTL<\/a>\n<a href=\"https:\/\/lasido.de\/?tag=buergerhaus\" class=\"tag-cloud-link tag-link-110 tag-link-position-9\" style=\"font-size: 10pt;\" aria-label=\"B\u00fcrgerhaus (2\u00a0Eintr\u00e4ge)\">B\u00fcrgerhaus<\/a>\n<a href=\"https:\/\/lasido.de\/?tag=chor\" class=\"tag-cloud-link tag-link-97 tag-link-position-10\" style=\"font-size: 11.742574257426pt;\" aria-label=\"Chor (4\u00a0Eintr\u00e4ge)\">Chor<\/a>\n<a href=\"https:\/\/lasido.de\/?tag=e-bass\" class=\"tag-cloud-link tag-link-93 tag-link-position-11\" style=\"font-size: 13.326732673267pt;\" aria-label=\"E-Bass (7\u00a0Eintr\u00e4ge)\">E-Bass<\/a>\n<a href=\"https:\/\/lasido.de\/?tag=gscheitholt\" class=\"tag-cloud-link tag-link-111 tag-link-position-12\" style=\"font-size: 10.950495049505pt;\" aria-label=\"G&#039;scheitholt (3\u00a0Eintr\u00e4ge)\">G&#039;scheitholt<\/a>\n<a href=\"https:\/\/lasido.de\/?tag=gelbe-saiten\" class=\"tag-cloud-link tag-link-73 tag-link-position-13\" style=\"font-size: 13.326732673267pt;\" aria-label=\"Gelbe Saiten (7\u00a0Eintr\u00e4ge)\">Gelbe Saiten<\/a>\n<a href=\"https:\/\/lasido.de\/?tag=gitarre\" class=\"tag-cloud-link tag-link-84 tag-link-position-14\" style=\"font-size: 14.752475247525pt;\" aria-label=\"Gitarre (11\u00a0Eintr\u00e4ge)\">Gitarre<\/a>\n<a href=\"https:\/\/lasido.de\/?tag=hackbrett\" class=\"tag-cloud-link tag-link-74 tag-link-position-15\" style=\"font-size: 17.287128712871pt;\" aria-label=\"Hackbrett (24\u00a0Eintr\u00e4ge)\">Hackbrett<\/a>\n<a href=\"https:\/\/lasido.de\/?tag=jazz\" class=\"tag-cloud-link tag-link-95 tag-link-position-16\" style=\"font-size: 10pt;\" aria-label=\"Jazz (2\u00a0Eintr\u00e4ge)\">Jazz<\/a>\n<a href=\"https:\/\/lasido.de\/?tag=kontrabass\" class=\"tag-cloud-link tag-link-123 tag-link-position-17\" style=\"font-size: 10.950495049505pt;\" aria-label=\"Kontrabass (3\u00a0Eintr\u00e4ge)\">Kontrabass<\/a>\n<a href=\"https:\/\/lasido.de\/?tag=konzert\" class=\"tag-cloud-link tag-link-68 tag-link-position-18\" style=\"font-size: 18pt;\" aria-label=\"Konzert (30\u00a0Eintr\u00e4ge)\">Konzert<\/a>\n<a href=\"https:\/\/lasido.de\/?tag=lanzinger-trio\" class=\"tag-cloud-link tag-link-70 tag-link-position-19\" style=\"font-size: 13.326732673267pt;\" aria-label=\"Lanzinger Trio (7\u00a0Eintr\u00e4ge)\">Lanzinger Trio<\/a>\n<a href=\"https:\/\/lasido.de\/?tag=muenchner-saitenquintett\" class=\"tag-cloud-link tag-link-122 tag-link-position-20\" style=\"font-size: 10.950495049505pt;\" aria-label=\"M\u00fcnchner Saitenquintett (3\u00a0Eintr\u00e4ge)\">M\u00fcnchner Saitenquintett<\/a>\n<a href=\"https:\/\/lasido.de\/?tag=noten\" class=\"tag-cloud-link tag-link-105 tag-link-position-21\" style=\"font-size: 10.950495049505pt;\" aria-label=\"Noten (3\u00a0Eintr\u00e4ge)\">Noten<\/a>\n<a href=\"https:\/\/lasido.de\/?tag=notenhefte\" class=\"tag-cloud-link tag-link-116 tag-link-position-22\" style=\"font-size: 10pt;\" aria-label=\"Notenhefte (2\u00a0Eintr\u00e4ge)\">Notenhefte<\/a>\n<a href=\"https:\/\/lasido.de\/?tag=osterkonzert\" class=\"tag-cloud-link tag-link-145 tag-link-position-23\" style=\"font-size: 10pt;\" aria-label=\"Osterkonzert (2\u00a0Eintr\u00e4ge)\">Osterkonzert<\/a>\n<a href=\"https:\/\/lasido.de\/?tag=schueler\" class=\"tag-cloud-link tag-link-127 tag-link-position-24\" style=\"font-size: 11.742574257426pt;\" aria-label=\"Sch\u00fcler (4\u00a0Eintr\u00e4ge)\">Sch\u00fcler<\/a>\n<a href=\"https:\/\/lasido.de\/?tag=seminar\" class=\"tag-cloud-link tag-link-78 tag-link-position-25\" style=\"font-size: 10pt;\" aria-label=\"Seminar (2\u00a0Eintr\u00e4ge)\">Seminar<\/a>\n<a href=\"https:\/\/lasido.de\/?tag=sternsaiten\" class=\"tag-cloud-link tag-link-100 tag-link-position-26\" style=\"font-size: 10pt;\" aria-label=\"Sternsaiten (2\u00a0Eintr\u00e4ge)\">Sternsaiten<\/a>\n<a href=\"https:\/\/lasido.de\/?tag=syrgenstein\" class=\"tag-cloud-link tag-link-126 tag-link-position-27\" style=\"font-size: 12.930693069307pt;\" aria-label=\"Syrgenstein (6\u00a0Eintr\u00e4ge)\">Syrgenstein<\/a>\n<a href=\"https:\/\/lasido.de\/?tag=tv\" class=\"tag-cloud-link tag-link-119 tag-link-position-28\" style=\"font-size: 11.742574257426pt;\" aria-label=\"TV (4\u00a0Eintr\u00e4ge)\">TV<\/a>\n<a href=\"https:\/\/lasido.de\/?tag=unterricht\" class=\"tag-cloud-link tag-link-83 tag-link-position-29\" style=\"font-size: 10.950495049505pt;\" aria-label=\"Unterricht (3\u00a0Eintr\u00e4ge)\">Unterricht<\/a>\n<a href=\"https:\/\/lasido.de\/?tag=wirtshausmusikanten\" class=\"tag-cloud-link tag-link-147 tag-link-position-30\" style=\"font-size: 10pt;\" aria-label=\"Wirtshausmusikanten (2\u00a0Eintr\u00e4ge)\">Wirtshausmusikanten<\/a>\n<a href=\"https:\/\/lasido.de\/?tag=youtube\" class=\"tag-cloud-link tag-link-113 tag-link-position-31\" style=\"font-size: 10pt;\" aria-label=\"YouTube (2\u00a0Eintr\u00e4ge)\">YouTube<\/a>\n<a href=\"https:\/\/lasido.de\/?tag=zither\" class=\"tag-cloud-link tag-link-77 tag-link-position-32\" style=\"font-size: 16.178217821782pt;\" aria-label=\"Zither (17\u00a0Eintr\u00e4ge)\">Zither<\/a><\/p>\n\n\n<hr class=\"wp-block-separator has-alpha-channel-opacity\"\/>\n\n\n\n<p>Aktuelle Informationen<\/p>\n\n\n\n<div class=\"wp-block-query is-layout-flow wp-block-query-is-layout-flow\"><ul class=\"wp-block-post-template is-layout-flow wp-block-post-template-is-layout-flow\"><li class=\"wp-block-post post-2348 post type-post status-publish format-standard has-post-thumbnail hentry category-konzerte tag-bachtalhalle tag-gitarre tag-hackbrett tag-osterkonzert tag-schueler\">\n<h2 class=\"wp-block-post-title\"><a href=\"https:\/\/lasido.de\/?p=2348\" target=\"_self\" >24. Syrgensteiner Osterkonzert<\/a><\/h2>\n\n<figure class=\"alignwide wp-block-post-featured-image\"><a href=\"https:\/\/lasido.de\/?p=2348\" target=\"_self\"  ><img loading=\"lazy\" decoding=\"async\" width=\"1512\" height=\"2016\" src=\"https:\/\/lasido.de\/wordpress\/wp-content\/uploads\/2025\/03\/Osterkonzert-Logo.jpeg\" class=\"attachment-post-thumbnail size-post-thumbnail wp-post-image\" alt=\"24. Syrgensteiner Osterkonzert\" style=\"object-fit:cover;\" srcset=\"https:\/\/lasido.de\/wordpress\/wp-content\/uploads\/2025\/03\/Osterkonzert-Logo.jpeg 1512w, https:\/\/lasido.de\/wordpress\/wp-content\/uploads\/2025\/03\/Osterkonzert-Logo-225x300.jpeg 225w, https:\/\/lasido.de\/wordpress\/wp-content\/uploads\/2025\/03\/Osterkonzert-Logo-768x1024.jpeg 768w, https:\/\/lasido.de\/wordpress\/wp-content\/uploads\/2025\/03\/Osterkonzert-Logo-1152x1536.jpeg 1152w\" sizes=\"auto, (max-width: 1512px) 100vw, 1512px\" \/><\/a><\/figure>\n\n<div class=\"entry-content wp-block-post-content is-layout-flow wp-block-post-content-is-layout-flow\">\n<p>Am Sonntag, 12. April 2026, 17:00 Uhr im Foyer der Bachtalhalle.<\/p>\n\n\n\n<figure class=\"wp-block-image aligncenter size-full\"><a href=\"https:\/\/lasido.de\/wordpress\/wp-content\/uploads\/2026\/04\/24.-Osterkonzert-2026-Flyer.jpg\"><img loading=\"lazy\" decoding=\"async\" width=\"595\" height=\"595\" src=\"https:\/\/lasido.de\/wordpress\/wp-content\/uploads\/2026\/04\/24.-Osterkonzert-2026-Flyer.jpg\" alt=\"\" class=\"wp-image-2349\" srcset=\"https:\/\/lasido.de\/wordpress\/wp-content\/uploads\/2026\/04\/24.-Osterkonzert-2026-Flyer.jpg 595w, https:\/\/lasido.de\/wordpress\/wp-content\/uploads\/2026\/04\/24.-Osterkonzert-2026-Flyer-300x300.jpg 300w, https:\/\/lasido.de\/wordpress\/wp-content\/uploads\/2026\/04\/24.-Osterkonzert-2026-Flyer-150x150.jpg 150w\" sizes=\"auto, (max-width: 595px) 100vw, 595px\" \/><\/a><\/figure>\n<\/div>\n\n\n<hr class=\"wp-block-separator has-css-opacity\"\/>\n\n\n<div class=\"wp-block-post-date\"><time datetime=\"2026-04-08T16:06:07+02:00\">8. April 2026<\/time><\/div>\n<\/li><li class=\"wp-block-post post-2344 post type-post status-publish format-standard has-post-thumbnail hentry category-seminare category-unterricht tag-music4beginners tag-online tag-unterricht tag-zither\">\n<h2 class=\"wp-block-post-title\"><a href=\"https:\/\/lasido.de\/?p=2344\" target=\"_self\" >music4beginners<\/a><\/h2>\n\n<figure class=\"alignwide wp-block-post-featured-image\"><a href=\"https:\/\/lasido.de\/?p=2344\" target=\"_self\"  ><img loading=\"lazy\" decoding=\"async\" width=\"480\" height=\"600\" src=\"https:\/\/lasido.de\/wordpress\/wp-content\/uploads\/2026\/04\/m4b_promo_1.png\" class=\"attachment-post-thumbnail size-post-thumbnail wp-post-image\" alt=\"music4beginners\" style=\"object-fit:cover;\" srcset=\"https:\/\/lasido.de\/wordpress\/wp-content\/uploads\/2026\/04\/m4b_promo_1.png 480w, https:\/\/lasido.de\/wordpress\/wp-content\/uploads\/2026\/04\/m4b_promo_1-240x300.png 240w\" sizes=\"auto, (max-width: 480px) 100vw, 480px\" \/><\/a><\/figure>\n\n<div class=\"entry-content wp-block-post-content is-layout-flow wp-block-post-content-is-layout-flow\">\n<p>Am Montag, 13. April 2026 startet wieder eine neue Projekt-Phase bei &#8222;music4beginners&#8220;, der Online-Plattform f\u00fcr Musikunterricht des BDB. Ich bin wieder als Dozent f\u00fcr Zither mit dabei. Weitere Infos unter die M\u00f6glichkeit, sich an zu melden, gibt es hier:<\/p>\n\n\n\n<p><a href=\"https:\/\/www.bdb-online.de\/music4beginners\/\">https:\/\/www.bdb-online.de\/music4beginners\/<\/a><\/p>\n\n\n\n<figure class=\"wp-block-image aligncenter size-full\"><a href=\"https:\/\/lasido.de\/wordpress\/wp-content\/uploads\/2026\/04\/m4b_promo_2.png\"><img loading=\"lazy\" decoding=\"async\" width=\"640\" height=\"349\" src=\"https:\/\/lasido.de\/wordpress\/wp-content\/uploads\/2026\/04\/m4b_promo_2.png\" alt=\"\" class=\"wp-image-2346\" srcset=\"https:\/\/lasido.de\/wordpress\/wp-content\/uploads\/2026\/04\/m4b_promo_2.png 640w, https:\/\/lasido.de\/wordpress\/wp-content\/uploads\/2026\/04\/m4b_promo_2-300x164.png 300w\" sizes=\"auto, (max-width: 640px) 100vw, 640px\" \/><\/a><\/figure>\n<\/div>\n\n\n<hr class=\"wp-block-separator has-css-opacity\"\/>\n\n\n<div class=\"wp-block-post-date\"><time datetime=\"2026-04-08T16:02:18+02:00\">8. April 2026<\/time><\/div>\n<\/li><li class=\"wp-block-post post-2339 post type-post status-publish format-standard has-post-thumbnail hentry category-between-the-lines tag-album tag-between-the-lines tag-e-bass tag-spotify\">\n<h2 class=\"wp-block-post-title\"><a href=\"https:\/\/lasido.de\/?p=2339\" target=\"_self\" >Re-Release von BTL &#8222;Step High&#8220;<\/a><\/h2>\n\n<figure class=\"alignwide wp-block-post-featured-image\"><a href=\"https:\/\/lasido.de\/?p=2339\" target=\"_self\"  ><img loading=\"lazy\" decoding=\"async\" width=\"2560\" height=\"2560\" src=\"https:\/\/lasido.de\/wordpress\/wp-content\/uploads\/2026\/04\/BTL-Step-High-scaled.jpg\" class=\"attachment-post-thumbnail size-post-thumbnail wp-post-image\" alt=\"Re-Release von BTL &#8222;Step High&#8220;\" style=\"object-fit:cover;\" srcset=\"https:\/\/lasido.de\/wordpress\/wp-content\/uploads\/2026\/04\/BTL-Step-High-scaled.jpg 2560w, https:\/\/lasido.de\/wordpress\/wp-content\/uploads\/2026\/04\/BTL-Step-High-300x300.jpg 300w, https:\/\/lasido.de\/wordpress\/wp-content\/uploads\/2026\/04\/BTL-Step-High-1024x1024.jpg 1024w, https:\/\/lasido.de\/wordpress\/wp-content\/uploads\/2026\/04\/BTL-Step-High-150x150.jpg 150w, https:\/\/lasido.de\/wordpress\/wp-content\/uploads\/2026\/04\/BTL-Step-High-768x768.jpg 768w, https:\/\/lasido.de\/wordpress\/wp-content\/uploads\/2026\/04\/BTL-Step-High-1536x1536.jpg 1536w, https:\/\/lasido.de\/wordpress\/wp-content\/uploads\/2026\/04\/BTL-Step-High-2048x2048.jpg 2048w\" sizes=\"auto, (max-width: 2560px) 100vw, 2560px\" \/><\/a><\/figure>\n\n<div class=\"entry-content wp-block-post-content is-layout-flow wp-block-post-content-is-layout-flow\">\n<p>Auch das Album &#8222;Step High&#8220; wurde im Rahmen der Reunion von &#8222;Between the Lines&#8220; in den Streamingportalen ver\u00f6ffentlicht. Die CD wurde urspr\u00fcnglich 1998 herausgebracht und ist mit 12 Titeln das l\u00e4ngste Album der Rockband.<\/p>\n\n\n\n<p><a href=\"https:\/\/open.spotify.com\/intl-de\/album\/65wsQXgsuRbCaQcxe37tLe\">https:\/\/open.spotify.com\/intl-de\/album\/65wsQXgsuRbCaQcxe37tLe<\/a><\/p>\n\n\n\n<p><a href=\"https:\/\/music.amazon.de\/albums\/B0GV4V8GL2\">https:\/\/music.amazon.de\/albums\/B0GV4V8GL2<\/a><\/p>\n\n\n\n<p><a href=\"https:\/\/music.apple.com\/de\/album\/step-high\/1888465883\">https:\/\/music.apple.com\/de\/album\/step-high\/1888465883<\/a><\/p>\n<\/div>\n\n\n<hr class=\"wp-block-separator has-css-opacity\"\/>\n\n\n<div class=\"wp-block-post-date\"><time datetime=\"2026-04-01T10:44:09+02:00\">1. April 2026<\/time><\/div>\n<\/li><\/ul><\/div>\n\n\n\n<hr class=\"wp-block-separator has-alpha-channel-opacity is-style-default\"\/>\n\n\n\n<div class=\"wp-block-buttons is-content-justification-center is-layout-flex wp-container-core-buttons-is-layout-a89b3969 wp-block-buttons-is-layout-flex\">\n<div class=\"wp-block-button has-custom-width wp-block-button__width-100 is-style-fill\"><a class=\"wp-block-button__link has-vivid-red-background-color has-background wp-element-button\" href=\"mailto:mail@lasido.de\" style=\"border-radius:0px\" rel=\"\">Kontakt<\/a><\/div>\n<\/div>\n\n\n\n<hr class=\"wp-block-separator has-alpha-channel-opacity is-style-default\"\/>\n\n\n\n<p><a href=\"https:\/\/lasido.de\/?page_id=755\" data-type=\"page\" data-id=\"755\">Impressum<\/a><\/p>\n","protected":false},"excerpt":{"rendered":"<p>Homepage von J\u00f6rg Lanzinger &#8211; Musiker, Musiklehrer, Komponist Aktuelle Informationen Impressum<\/p>\n","protected":false},"author":1,"featured_media":185,"parent":0,"menu_order":1,"comment_status":"closed","ping_status":"closed","template":"home-panels.php","meta":{"footnotes":""},"class_list":["post-10","page","type-page","status-publish","has-post-thumbnail","hentry"],"_links":{"self":[{"href":"https:\/\/lasido.de\/index.php?rest_route=\/wp\/v2\/pages\/10","targetHints":{"allow":["GET"]}}],"collection":[{"href":"https:\/\/lasido.de\/index.php?rest_route=\/wp\/v2\/pages"}],"about":[{"href":"https:\/\/lasido.de\/index.php?rest_route=\/wp\/v2\/types\/page"}],"author":[{"embeddable":true,"href":"https:\/\/lasido.de\/index.php?rest_route=\/wp\/v2\/users\/1"}],"replies":[{"embeddable":true,"href":"https:\/\/lasido.de\/index.php?rest_route=%2Fwp%2Fv2%2Fcomments&post=10"}],"version-history":[{"count":64,"href":"https:\/\/lasido.de\/index.php?rest_route=\/wp\/v2\/pages\/10\/revisions"}],"predecessor-version":[{"id":2103,"href":"https:\/\/lasido.de\/index.php?rest_route=\/wp\/v2\/pages\/10\/revisions\/2103"}],"wp:featuredmedia":[{"embeddable":true,"href":"https:\/\/lasido.de\/index.php?rest_route=\/wp\/v2\/media\/185"}],"wp:attachment":[{"href":"https:\/\/lasido.de\/index.php?rest_route=%2Fwp%2Fv2%2Fmedia&parent=10"}],"curies":[{"name":"wp","href":"https:\/\/api.w.org\/{rel}","templated":true}]}}