{"id":1079,"date":"2022-01-30T15:52:39","date_gmt":"2022-01-30T13:52:39","guid":{"rendered":"https:\/\/lasido.de\/?page_id=1079"},"modified":"2024-02-26T19:43:56","modified_gmt":"2024-02-26T17:43:56","slug":"band-mix-2","status":"publish","type":"page","link":"https:\/\/lasido.de\/?page_id=1079","title":{"rendered":"Band-Mix 2"},"content":{"rendered":"\n<p>Ein Spielbuch f\u00fcr ein bis drei Melodie-Instrumente<\/p>\n\n\n\n<p>Und (Band-) Begleitung<\/p>\n\n\n\n<p>Komponiert, arrangiert und herausgegeben von J\u00f6rg Lanzinger<\/p>\n\n\n\n<p>1. Auflage, Februar 2022<\/p>\n\n\n\n<hr class=\"wp-block-separator has-css-opacity is-style-wide is-style-wide--1\"\/>\n\n\n\n<p>Dieses Projekt wurde unterst\u00fctzt durch das Stipendienprogramm 2021 der GEMA.<\/p>\n\n\n\n<div class=\"wp-block-columns is-layout-flex wp-container-core-columns-is-layout-28f84493 wp-block-columns-is-layout-flex\">\n<div class=\"wp-block-column is-layout-flow wp-block-column-is-layout-flow\">\n<figure class=\"wp-block-image aligncenter size-full\"><a href=\"https:\/\/lasido.de\/wordpress\/wp-content\/uploads\/2022\/02\/logo_bkm_neustart_kultur.jpg\"><img loading=\"lazy\" decoding=\"async\" width=\"124\" height=\"175\" src=\"https:\/\/lasido.de\/wordpress\/wp-content\/uploads\/2022\/02\/logo_bkm_neustart_kultur.jpg\" alt=\"\" class=\"wp-image-1146\"\/><\/a><\/figure>\n<\/div>\n\n\n\n<div class=\"wp-block-column is-layout-flow wp-block-column-is-layout-flow\">\n<figure class=\"wp-block-image aligncenter size-full\"><a href=\"https:\/\/lasido.de\/wordpress\/wp-content\/uploads\/2022\/02\/logo_bkm.jpg\"><img loading=\"lazy\" decoding=\"async\" width=\"409\" height=\"175\" src=\"https:\/\/lasido.de\/wordpress\/wp-content\/uploads\/2022\/02\/logo_bkm.jpg\" alt=\"\" class=\"wp-image-1145\" srcset=\"https:\/\/lasido.de\/wordpress\/wp-content\/uploads\/2022\/02\/logo_bkm.jpg 409w, https:\/\/lasido.de\/wordpress\/wp-content\/uploads\/2022\/02\/logo_bkm-300x128.jpg 300w\" sizes=\"auto, (max-width: 409px) 100vw, 409px\" \/><\/a><\/figure>\n<\/div>\n\n\n\n<div class=\"wp-block-column is-layout-flow wp-block-column-is-layout-flow\">\n<figure class=\"wp-block-image aligncenter size-full\"><a href=\"https:\/\/lasido.de\/wordpress\/wp-content\/uploads\/2022\/02\/logo_gema.jpg\"><img loading=\"lazy\" decoding=\"async\" width=\"138\" height=\"175\" src=\"https:\/\/lasido.de\/wordpress\/wp-content\/uploads\/2022\/02\/logo_gema.jpg\" alt=\"\" class=\"wp-image-1147\"\/><\/a><\/figure>\n<\/div>\n<\/div>\n\n\n\n<hr class=\"wp-block-separator has-css-opacity is-style-wide is-style-wide--2\"\/>\n\n\n\n<p>K\u00fcnstlerischer und p\u00e4dagogischer Inhalt des Stipendiums war die Ver\u00f6ffentlichung eines Nachfolgeheftes f\u00fcr &#8222;Band-Mix&#8220;, einem Spielbuch f\u00fcr 2 Melodie-Instrumente und (Band-) Begleitung unter Ber\u00fccksichtigung und Implementierung aller M\u00f6glichkeiten, die Publikation vor allem f\u00fcr Unterrichtszwecke zu optimieren.<\/p>\n\n\n\n<hr class=\"wp-block-separator has-css-opacity is-style-wide is-style-wide--3\"\/>\n\n\n\n<p>Titelliste:<\/p>\n\n\n\n<p><a href=\"https:\/\/lasido.de\/?page_id=1094\" data-type=\"page\" data-id=\"1094\">Dance of the Sparrows<\/a><\/p>\n\n\n\n<p><a href=\"https:\/\/lasido.de\/?page_id=1096\" data-type=\"page\" data-id=\"1096\">Mitternachtsorchideen<\/a><\/p>\n\n\n\n<p><a href=\"https:\/\/lasido.de\/?page_id=1098\" data-type=\"page\" data-id=\"1098\">Soon June Tune<\/a><\/p>\n\n\n\n<p><a href=\"https:\/\/lasido.de\/?page_id=1100\" data-type=\"page\" data-id=\"1100\">You Will Rock Them<\/a><\/p>\n\n\n\n<p><a href=\"https:\/\/lasido.de\/?page_id=1102\" data-type=\"page\" data-id=\"1102\">Elli Jens<\/a><\/p>\n\n\n\n<p><a href=\"https:\/\/lasido.de\/?page_id=1104\" data-type=\"page\" data-id=\"1104\">Ka Ninchen<\/a><\/p>\n\n\n\n<p><a href=\"https:\/\/lasido.de\/?page_id=1106\" data-type=\"page\" data-id=\"1106\">Gisbert und die leere Granatapfelsaftflasche<\/a><\/p>\n\n\n\n<p><a href=\"https:\/\/lasido.de\/?page_id=1108\" data-type=\"page\" data-id=\"1108\">Rommbldibommbl<\/a><\/p>\n\n\n\n<p><a href=\"https:\/\/lasido.de\/?page_id=1110\" data-type=\"page\" data-id=\"1110\">Das Ufo auf der Wiese<\/a><\/p>\n\n\n\n<hr class=\"wp-block-separator has-css-opacity is-style-wide is-style-wide--4\"\/>\n\n\n\n<p>Dieses Heft folgt inhaltlich dem Konzept des 2008 ver\u00f6ffentlichten Vorg\u00e4ngers \u201eBand-Mix\u201c und m\u00f6chte mit leichten, eing\u00e4ngigen Melodien zum (gemeinsamen) Musizieren einladen.<\/p>\n\n\n\n<p>Die Inspiration dazu kommt wiederum aus der Popmusik, wobei gleichzeitig darauf geachtet wurde, dass auch musiktheoretische Inhalte vermittelt werden k\u00f6nnen. So sind die St\u00fccke in unterschiedlichen Ton- bzw. Taktarten, in wechselnden rhythmischen Strukturen und harmonischen Folgen komponiert. Auch verschiedenen Spielniveaus wurde Rechnung getragen: ein St\u00fcck kann komplett mit einem Ton durchgespielt werden, ein anderes basiert auf nur zwei einfachen Akkorden. Diese Titel k\u00f6nnen prima f\u00fcr den Unterricht in den ersten Stunden verwendet werden.<\/p>\n\n\n\n<p>Die Tonlage der Kompositionen orientiert sich an einer guten Spielbarkeit f\u00fcr Hackbrett oder Gitarre. Beide Instrumente k\u00f6nnen nat\u00fcrlich auch kombiniert werden, wobei die Nebenstimme (3. System) f\u00fcr Gitarre meistens eher ungeeignet ist.<\/p>\n\n\n\n<hr class=\"wp-block-separator has-css-opacity is-style-wide is-style-wide--5\"\/>\n\n\n\n<figure class=\"wp-block-image size-large\"><a href=\"https:\/\/lasido.de\/wordpress\/wp-content\/uploads\/2022\/02\/Band-Mix-2-Cover.jpg\"><img decoding=\"async\" src=\"https:\/\/lasido.de\/wordpress\/wp-content\/uploads\/2022\/02\/Band-Mix-2-Cover-728x1024.jpg\" alt=\"\" class=\"wp-image-1168\"\/><\/a><\/figure>\n","protected":false},"excerpt":{"rendered":"<p>Ein Spielbuch f\u00fcr ein bis drei Melodie-Instrumente Und (Band-) Begleitung Komponiert, arrangiert und herausgegeben von J\u00f6rg Lanzinger 1. Auflage, Februar 2022 Dieses Projekt wurde unterst\u00fctzt durch das Stipendienprogramm 2021 der GEMA. K\u00fcnstlerischer und p\u00e4dagogischer Inhalt des Stipendiums war die Ver\u00f6ffentlichung eines Nachfolgeheftes f\u00fcr &#8222;Band-Mix&#8220;, einem Spielbuch f\u00fcr 2 Melodie-Instrumente und (Band-) Begleitung unter Ber\u00fccksichtigung und [&hellip;]<\/p>\n","protected":false},"author":1,"featured_media":0,"parent":1640,"menu_order":1,"comment_status":"closed","ping_status":"closed","template":"","meta":{"footnotes":""},"class_list":["post-1079","page","type-page","status-publish","hentry"],"_links":{"self":[{"href":"https:\/\/lasido.de\/index.php?rest_route=\/wp\/v2\/pages\/1079","targetHints":{"allow":["GET"]}}],"collection":[{"href":"https:\/\/lasido.de\/index.php?rest_route=\/wp\/v2\/pages"}],"about":[{"href":"https:\/\/lasido.de\/index.php?rest_route=\/wp\/v2\/types\/page"}],"author":[{"embeddable":true,"href":"https:\/\/lasido.de\/index.php?rest_route=\/wp\/v2\/users\/1"}],"replies":[{"embeddable":true,"href":"https:\/\/lasido.de\/index.php?rest_route=%2Fwp%2Fv2%2Fcomments&post=1079"}],"version-history":[{"count":14,"href":"https:\/\/lasido.de\/index.php?rest_route=\/wp\/v2\/pages\/1079\/revisions"}],"predecessor-version":[{"id":1696,"href":"https:\/\/lasido.de\/index.php?rest_route=\/wp\/v2\/pages\/1079\/revisions\/1696"}],"up":[{"embeddable":true,"href":"https:\/\/lasido.de\/index.php?rest_route=\/wp\/v2\/pages\/1640"}],"wp:attachment":[{"href":"https:\/\/lasido.de\/index.php?rest_route=%2Fwp%2Fv2%2Fmedia&parent=1079"}],"curies":[{"name":"wp","href":"https:\/\/api.w.org\/{rel}","templated":true}]}}