{"id":1098,"date":"2022-01-31T16:33:54","date_gmt":"2022-01-31T14:33:54","guid":{"rendered":"https:\/\/lasido.de\/?page_id=1098"},"modified":"2024-03-05T20:34:11","modified_gmt":"2024-03-05T18:34:11","slug":"soon-june-tune","status":"publish","type":"page","link":"https:\/\/lasido.de\/?page_id=1098","title":{"rendered":"Soon June Tune"},"content":{"rendered":"\n<div class=\"wp-block-columns is-layout-flex wp-container-core-columns-is-layout-28f84493 wp-block-columns-is-layout-flex\">\n<div class=\"wp-block-column is-layout-flow wp-block-column-is-layout-flow\">\n<p><strong>Hinweis zum Titel:<\/strong><br>Die Idee zu diesem Titel kam nat\u00fcrlich im Sommermonat Juni. Die urspr\u00fcngliche Melodie habe ich verworfen. Das St\u00fcck wurde so, wie es jetzt ver\u00f6ffentlicht ist, im Februar komponiert. Aber den tollen Titel wollte ich einfach \u00fcbernehmen. Ich hoffe, dass dabei dennoch sommerliche Gef\u00fchle aufkommen.<\/p>\n<\/div>\n\n\n\n<div class=\"wp-block-column is-layout-flow wp-block-column-is-layout-flow\">\n<p><strong>Musikp\u00e4dagogische Hinweise:<\/strong><br>Dieser &#8222;Tune&#8220; ist das erste St\u00fcck im Heft mit Offbeats, wie in der Popmusik \u00fcblich. Der Rhythmus sollte vor allem \u00fcber das H\u00f6ren der Playalongs einstudiert werden. Der Tonumfang in der 1. Stimme fordert vom Gitarristen Lagenspiel, alternativ kann die 2. Stimme gelernt werden.<br>Im zweiten Teil wechselt der Beat in ein halbes Tempo. Hier kann der Begriff &#8222;Halftime&#8220; eingef\u00fchrt werden. Akkorde wurden wieder vereinfacht notiert.<\/p>\n<\/div>\n<\/div>\n\n\n\n<hr class=\"wp-block-separator has-css-opacity is-style-wide is-style-wide--1\"\/>\n\n\n\n<p><strong>Playalongs:<\/strong><\/p>\n\n\n\n<center>\n<iframe loading=\"lazy\" width=\"100%\" height=\"166\" scrolling=\"no\" frameborder=\"no\" allow=\"autoplay\" src=\"https:\/\/w.soundcloud.com\/player\/?url=https%3A\/\/api.soundcloud.com\/tracks\/1221628690&amp;color=%23ff5500&amp;auto_play=false&amp;hide_related=false&amp;show_comments=true&amp;show_user=true&amp;show_reposts=false&amp;show_teaser=true\"><\/iframe><div style=\"font-size: 10px; color: #cccccc;line-break: anywhere;word-break: normal;overflow: hidden;white-space: nowrap;text-overflow: ellipsis; font-family: Interstate,Lucida Grande,Lucida Sans Unicode,Lucida Sans,Garuda,Verdana,Tahoma,sans-serif;font-weight: 100;\"><a href=\"https:\/\/soundcloud.com\/joerg-lanzinger\" title=\"J\u00f6rg Lanzinger\" target=\"_blank\" style=\"color: #cccccc; text-decoration: none;\" rel=\"noopener\">J\u00f6rg Lanzinger<\/a> \u00b7 <a href=\"https:\/\/soundcloud.com\/joerg-lanzinger\/soon-june-tune\" title=\"Soon June Tune\" target=\"_blank\" style=\"color: #cccccc; text-decoration: none;\" rel=\"noopener\">Soon June Tune<\/a><\/div>\n<\/center>\n\n\n\n<center>\n<iframe loading=\"lazy\" width=\"100%\" height=\"166\" scrolling=\"no\" frameborder=\"no\" allow=\"autoplay\" src=\"https:\/\/w.soundcloud.com\/player\/?url=https%3A\/\/api.soundcloud.com\/tracks\/1221629158&amp;color=%23ff5500&amp;auto_play=false&amp;hide_related=false&amp;show_comments=true&amp;show_user=true&amp;show_reposts=false&amp;show_teaser=true\"><\/iframe><div style=\"font-size: 10px; color: #cccccc;line-break: anywhere;word-break: normal;overflow: hidden;white-space: nowrap;text-overflow: ellipsis; font-family: Interstate,Lucida Grande,Lucida Sans Unicode,Lucida Sans,Garuda,Verdana,Tahoma,sans-serif;font-weight: 100;\"><a href=\"https:\/\/soundcloud.com\/joerg-lanzinger\" title=\"J\u00f6rg Lanzinger\" target=\"_blank\" style=\"color: #cccccc; text-decoration: none;\" rel=\"noopener\">J\u00f6rg Lanzinger<\/a> \u00b7 <a href=\"https:\/\/soundcloud.com\/joerg-lanzinger\/soon-june-tune-langsamer\" title=\"Soon June Tune langsamer\" target=\"_blank\" style=\"color: #cccccc; text-decoration: none;\" rel=\"noopener\">Soon June Tune langsamer<\/a><\/div>\n<\/center>\n\n\n\n<hr class=\"wp-block-separator has-css-opacity is-style-wide is-style-wide--2\"\/>\n\n\n\n<p class=\"has-small-font-size\"><strong>Zus\u00e4tzliche Noten:<\/strong><\/p>\n\n\n<div class=\"sdm_download_item \"><div class=\"sdm_download_item_top\"><div class=\"sdm_download_thumbnail\"><\/div><div class=\"sdm_download_title\">Soon June Tune &#8211; Partitur<\/div><\/div><div style=\"clear:both;\"><\/div><div class=\"sdm_download_description\"><\/div><div class=\"sdm_download_link\"><span class=\"sdm_download_button\"><a href=\"https:\/\/lasido.de\/?sdm_process_download=1&#038;download_id=1733\" class=\"sdm_download grey\" title=\"Soon June Tune &#8211; Partitur\" target=\"_self\">Jetzt herunterladen!<\/a><\/span><span class=\"sdm_download_item_count\"><span class=\"sdm_item_count_number\">672<\/span><span class=\"sdm_item_count_string\"> Downloads<\/span><\/span><\/div><\/div><div class=\"sdm_clear_float\"><\/div>\n\n<div class=\"sdm_download_item \"><div class=\"sdm_download_item_top\"><div class=\"sdm_download_thumbnail\"><\/div><div class=\"sdm_download_title\">Soon June Tune &#8211; 1. Stimme<\/div><\/div><div style=\"clear:both;\"><\/div><div class=\"sdm_download_description\"><\/div><div class=\"sdm_download_link\"><span class=\"sdm_download_button\"><a href=\"https:\/\/lasido.de\/?sdm_process_download=1&#038;download_id=1735\" class=\"sdm_download grey\" title=\"Soon June Tune &#8211; 1. Stimme\" target=\"_self\">Jetzt herunterladen!<\/a><\/span><span class=\"sdm_download_item_count\"><span class=\"sdm_item_count_number\">582<\/span><span class=\"sdm_item_count_string\"> Downloads<\/span><\/span><\/div><\/div><div class=\"sdm_clear_float\"><\/div>\n\n<div class=\"sdm_download_item \"><div class=\"sdm_download_item_top\"><div class=\"sdm_download_thumbnail\"><\/div><div class=\"sdm_download_title\">Soon June Tune &#8211; zweistimmig homophon<\/div><\/div><div style=\"clear:both;\"><\/div><div class=\"sdm_download_description\"><\/div><div class=\"sdm_download_link\"><span class=\"sdm_download_button\"><a href=\"https:\/\/lasido.de\/?sdm_process_download=1&#038;download_id=1737\" class=\"sdm_download grey\" title=\"Soon June Tune &#8211; zweistimmig homophon\" target=\"_self\">Jetzt herunterladen!<\/a><\/span><span class=\"sdm_download_item_count\"><span class=\"sdm_item_count_number\">575<\/span><span class=\"sdm_item_count_string\"> Downloads<\/span><\/span><\/div><\/div><div class=\"sdm_clear_float\"><\/div>\n\n<div class=\"sdm_download_item \"><div class=\"sdm_download_item_top\"><div class=\"sdm_download_thumbnail\"><\/div><div class=\"sdm_download_title\">Soon June Tune &#8211; zweistimmig polyphon<\/div><\/div><div style=\"clear:both;\"><\/div><div class=\"sdm_download_description\"><\/div><div class=\"sdm_download_link\"><span class=\"sdm_download_button\"><a href=\"https:\/\/lasido.de\/?sdm_process_download=1&#038;download_id=1739\" class=\"sdm_download grey\" title=\"Soon June Tune &#8211; zweistimmig polyphon\" target=\"_self\">Jetzt herunterladen!<\/a><\/span><span class=\"sdm_download_item_count\"><span class=\"sdm_item_count_number\">560<\/span><span class=\"sdm_item_count_string\"> Downloads<\/span><\/span><\/div><\/div><div class=\"sdm_clear_float\"><\/div>\n\n<div class=\"sdm_download_item \"><div class=\"sdm_download_item_top\"><div class=\"sdm_download_thumbnail\"><\/div><div class=\"sdm_download_title\">Soon June Tune &#8211; Zither<\/div><\/div><div style=\"clear:both;\"><\/div><div class=\"sdm_download_description\"><\/div><div class=\"sdm_download_link\"><span class=\"sdm_download_button\"><a href=\"https:\/\/lasido.de\/?sdm_process_download=1&#038;download_id=1741\" class=\"sdm_download grey\" title=\"Soon June Tune &#8211; Zither\" target=\"_self\">Jetzt herunterladen!<\/a><\/span><span class=\"sdm_download_item_count\"><span class=\"sdm_item_count_number\">583<\/span><span class=\"sdm_item_count_string\"> Downloads<\/span><\/span><\/div><\/div><div class=\"sdm_clear_float\"><\/div>\n\n<div class=\"sdm_download_item \"><div class=\"sdm_download_item_top\"><div class=\"sdm_download_thumbnail\"><\/div><div class=\"sdm_download_title\">Soon June Tune &#8211; Keyboard<\/div><\/div><div style=\"clear:both;\"><\/div><div class=\"sdm_download_description\"><\/div><div class=\"sdm_download_link\"><span class=\"sdm_download_button\"><a href=\"https:\/\/lasido.de\/?sdm_process_download=1&#038;download_id=1743\" class=\"sdm_download grey\" title=\"Soon June Tune &#8211; Keyboard\" target=\"_self\">Jetzt herunterladen!<\/a><\/span><span class=\"sdm_download_item_count\"><span class=\"sdm_item_count_number\">551<\/span><span class=\"sdm_item_count_string\"> Downloads<\/span><\/span><\/div><\/div><div class=\"sdm_clear_float\"><\/div>\n\n<div class=\"sdm_download_item \"><div class=\"sdm_download_item_top\"><div class=\"sdm_download_thumbnail\"><\/div><div class=\"sdm_download_title\">Soon June Tune &#8211; Perkussion<\/div><\/div><div style=\"clear:both;\"><\/div><div class=\"sdm_download_description\"><\/div><div class=\"sdm_download_link\"><span class=\"sdm_download_button\"><a href=\"https:\/\/lasido.de\/?sdm_process_download=1&#038;download_id=1745\" class=\"sdm_download grey\" title=\"Soon June Tune &#8211; Perkussion\" target=\"_self\">Jetzt herunterladen!<\/a><\/span><span class=\"sdm_download_item_count\"><span class=\"sdm_item_count_number\">595<\/span><span class=\"sdm_item_count_string\"> Downloads<\/span><\/span><\/div><\/div><div class=\"sdm_clear_float\"><\/div>\n\n\n<hr class=\"wp-block-separator has-alpha-channel-opacity is-style-wide is-style-wide--3\"\/>\n\n\n\n<p>Videos folgen in K\u00fcrze.<\/p>\n\n\n\n<hr class=\"wp-block-separator has-alpha-channel-opacity is-style-wide is-style-wide--4\"\/>\n\n\n\n<p><a href=\"https:\/\/lasido.de\/?page_id=1096\" data-type=\"page\" data-id=\"1096\">Mitternachtsorchideen<\/a> &#8211; <a href=\"https:\/\/lasido.de\/?page_id=1079\" data-type=\"page\" data-id=\"1079\">Zur\u00fcck zu &#8222;Band-Mix 2&#8220;<\/a> &#8211; <a href=\"https:\/\/lasido.de\/?page_id=1100\" data-type=\"page\" data-id=\"1100\">You Will Rock Them<\/a><\/p>\n","protected":false},"excerpt":{"rendered":"<p>Hinweis zum Titel:Die Idee zu diesem Titel kam nat\u00fcrlich im Sommermonat Juni. Die urspr\u00fcngliche Melodie habe ich verworfen. Das St\u00fcck wurde so, wie es jetzt ver\u00f6ffentlicht ist, im Februar komponiert. Aber den tollen Titel wollte ich einfach \u00fcbernehmen. Ich hoffe, dass dabei dennoch sommerliche Gef\u00fchle aufkommen. Musikp\u00e4dagogische Hinweise:Dieser &#8222;Tune&#8220; ist das erste St\u00fcck im Heft [&hellip;]<\/p>\n","protected":false},"author":1,"featured_media":0,"parent":1079,"menu_order":3,"comment_status":"closed","ping_status":"closed","template":"","meta":{"footnotes":""},"class_list":["post-1098","page","type-page","status-publish","hentry"],"_links":{"self":[{"href":"https:\/\/lasido.de\/index.php?rest_route=\/wp\/v2\/pages\/1098","targetHints":{"allow":["GET"]}}],"collection":[{"href":"https:\/\/lasido.de\/index.php?rest_route=\/wp\/v2\/pages"}],"about":[{"href":"https:\/\/lasido.de\/index.php?rest_route=\/wp\/v2\/types\/page"}],"author":[{"embeddable":true,"href":"https:\/\/lasido.de\/index.php?rest_route=\/wp\/v2\/users\/1"}],"replies":[{"embeddable":true,"href":"https:\/\/lasido.de\/index.php?rest_route=%2Fwp%2Fv2%2Fcomments&post=1098"}],"version-history":[{"count":8,"href":"https:\/\/lasido.de\/index.php?rest_route=\/wp\/v2\/pages\/1098\/revisions"}],"predecessor-version":[{"id":1748,"href":"https:\/\/lasido.de\/index.php?rest_route=\/wp\/v2\/pages\/1098\/revisions\/1748"}],"up":[{"embeddable":true,"href":"https:\/\/lasido.de\/index.php?rest_route=\/wp\/v2\/pages\/1079"}],"wp:attachment":[{"href":"https:\/\/lasido.de\/index.php?rest_route=%2Fwp%2Fv2%2Fmedia&parent=1098"}],"curies":[{"name":"wp","href":"https:\/\/api.w.org\/{rel}","templated":true}]}}