{"id":1100,"date":"2022-01-31T16:34:27","date_gmt":"2022-01-31T14:34:27","guid":{"rendered":"https:\/\/lasido.de\/?page_id=1100"},"modified":"2024-06-13T13:53:19","modified_gmt":"2024-06-13T11:53:19","slug":"you-will-rock-them","status":"publish","type":"page","link":"https:\/\/lasido.de\/?page_id=1100","title":{"rendered":"You Will Rock Them"},"content":{"rendered":"\n<div class=\"wp-block-columns is-layout-flex wp-container-core-columns-is-layout-28f84493 wp-block-columns-is-layout-flex\">\n<div class=\"wp-block-column is-layout-flow wp-block-column-is-layout-flow\">\n<p><strong>Hinweis zum Titel:<\/strong><br>In der ersten Stunde mache ich mit fast all meinen Sch\u00fclern &#8222;We Will Rock You&#8220; von &#8222;Queen&#8220;. Dieser Rockklassiker eignet sich perfekt f\u00fcr den Einstieg. Eine Note oder ein leichter Akkord reicht aus, um schon richtig ab zu rocken. &#8222;You Will Rock Them&#8220; soll ein Folgest\u00fcck sein, bei dem man hoffentlich auch gut mitmachen kann.<\/p>\n<\/div>\n\n\n\n<div class=\"wp-block-column is-layout-flow wp-block-column-is-layout-flow\">\n<p><strong>Musikp\u00e4dagogische Hinweise:<\/strong><br>Der Begleitrhythmus wurde von dem &#8222;Queen&#8220;-Klassiker \u00fcbernommen und kann auch k\u00f6rperlich mit zweimal Stampfen, einmal Klatschen gut gemacht werden.<br>Die Harmonien wurden bewusst auf die zwei einfachen Akkorde f\u00fcr die Gitarre reduziert.<br>Sollte der Tonumfang noch zu gro\u00df sein, kann auch die zweite Stimme im Anf\u00e4ngerunterricht verwendet werden.<br>Der Rhythmus in der Perkussion-Stimme kann nat\u00fcrlich gerne mit Becken erweitert werden.<\/p>\n<\/div>\n<\/div>\n\n\n\n<hr class=\"wp-block-separator has-css-opacity is-style-wide is-style-wide--1\"\/>\n\n\n\n<p><strong>Playalongs:<\/strong><\/p>\n\n\n\n<center>\n<iframe loading=\"lazy\" width=\"100%\" height=\"166\" scrolling=\"no\" frameborder=\"no\" allow=\"autoplay\" src=\"https:\/\/w.soundcloud.com\/player\/?url=https%3A\/\/api.soundcloud.com\/tracks\/1221643063&amp;color=%23ff5500&amp;auto_play=false&amp;hide_related=false&amp;show_comments=true&amp;show_user=true&amp;show_reposts=false&amp;show_teaser=true\"><\/iframe><div style=\"font-size: 10px; color: #cccccc;line-break: anywhere;word-break: normal;overflow: hidden;white-space: nowrap;text-overflow: ellipsis; font-family: Interstate,Lucida Grande,Lucida Sans Unicode,Lucida Sans,Garuda,Verdana,Tahoma,sans-serif;font-weight: 100;\"><a href=\"https:\/\/soundcloud.com\/joerg-lanzinger\" title=\"J\u00f6rg Lanzinger\" target=\"_blank\" style=\"color: #cccccc; text-decoration: none;\" rel=\"noopener\">J\u00f6rg Lanzinger<\/a> \u00b7 <a href=\"https:\/\/soundcloud.com\/joerg-lanzinger\/you-will-rock-them\" title=\"You Will Rock Them\" target=\"_blank\" style=\"color: #cccccc; text-decoration: none;\" rel=\"noopener\">You Will Rock Them<\/a><\/div>\n<\/center>\n\n\n\n<center>\n<iframe loading=\"lazy\" width=\"100%\" height=\"166\" scrolling=\"no\" frameborder=\"no\" allow=\"autoplay\" src=\"https:\/\/w.soundcloud.com\/player\/?url=https%3A\/\/api.soundcloud.com\/tracks\/1221643525&amp;color=%23ff5500&amp;auto_play=false&amp;hide_related=false&amp;show_comments=true&amp;show_user=true&amp;show_reposts=false&amp;show_teaser=true\"><\/iframe><div style=\"font-size: 10px; color: #cccccc;line-break: anywhere;word-break: normal;overflow: hidden;white-space: nowrap;text-overflow: ellipsis; font-family: Interstate,Lucida Grande,Lucida Sans Unicode,Lucida Sans,Garuda,Verdana,Tahoma,sans-serif;font-weight: 100;\"><a href=\"https:\/\/soundcloud.com\/joerg-lanzinger\" title=\"J\u00f6rg Lanzinger\" target=\"_blank\" style=\"color: #cccccc; text-decoration: none;\" rel=\"noopener\">J\u00f6rg Lanzinger<\/a> \u00b7 <a href=\"https:\/\/soundcloud.com\/joerg-lanzinger\/you-will-rock-them-langsamer\" title=\"You Will Rock Them langsamer\" target=\"_blank\" style=\"color: #cccccc; text-decoration: none;\" rel=\"noopener\">You Will Rock Them langsamer<\/a><\/div>\n<\/center>\n\n\n\n<hr class=\"wp-block-separator has-alpha-channel-opacity is-style-wide is-style-wide--2\"\/>\n\n\n\n<p class=\"has-small-font-size\"><strong>Zus\u00e4tzliche Noten:<\/strong><\/p>\n\n\n<div class=\"sdm_download_item \"><div class=\"sdm_download_item_top\"><div class=\"sdm_download_thumbnail\"><\/div><div class=\"sdm_download_title\">You Will Rock Them &#8211; Partitur<\/div><\/div><div style=\"clear:both;\"><\/div><div class=\"sdm_download_description\"><\/div><div class=\"sdm_download_link\"><span class=\"sdm_download_button\"><a href=\"https:\/\/lasido.de\/?sdm_process_download=1&#038;download_id=1838\" class=\"sdm_download grey\" title=\"You Will Rock Them &#8211; Partitur\" target=\"_self\">Jetzt herunterladen!<\/a><\/span><span class=\"sdm_download_item_count\"><span class=\"sdm_item_count_number\">532<\/span><span class=\"sdm_item_count_string\"> Downloads<\/span><\/span><\/div><\/div><div class=\"sdm_clear_float\"><\/div>\n\n<div class=\"sdm_download_item \"><div class=\"sdm_download_item_top\"><div class=\"sdm_download_thumbnail\"><\/div><div class=\"sdm_download_title\">You Will Rock Them &#8211; zweistimmig homophon<\/div><\/div><div style=\"clear:both;\"><\/div><div class=\"sdm_download_description\"><\/div><div class=\"sdm_download_link\"><span class=\"sdm_download_button\"><a href=\"https:\/\/lasido.de\/?sdm_process_download=1&#038;download_id=1840\" class=\"sdm_download grey\" title=\"You Will Rock Them &#8211; zweistimmig homophon\" target=\"_self\">Jetzt herunterladen!<\/a><\/span><span class=\"sdm_download_item_count\"><span class=\"sdm_item_count_number\">546<\/span><span class=\"sdm_item_count_string\"> Downloads<\/span><\/span><\/div><\/div><div class=\"sdm_clear_float\"><\/div>\n\n<div class=\"sdm_download_item \"><div class=\"sdm_download_item_top\"><div class=\"sdm_download_thumbnail\"><\/div><div class=\"sdm_download_title\">You Will Rock Them &#8211; zweistimmig polyphon<\/div><\/div><div style=\"clear:both;\"><\/div><div class=\"sdm_download_description\"><\/div><div class=\"sdm_download_link\"><span class=\"sdm_download_button\"><a href=\"https:\/\/lasido.de\/?sdm_process_download=1&#038;download_id=1842\" class=\"sdm_download grey\" title=\"You Will Rock Them &#8211; zweistimmig polyphon\" target=\"_self\">Jetzt herunterladen!<\/a><\/span><span class=\"sdm_download_item_count\"><span class=\"sdm_item_count_number\">532<\/span><span class=\"sdm_item_count_string\"> Downloads<\/span><\/span><\/div><\/div><div class=\"sdm_clear_float\"><\/div>\n\n<div class=\"sdm_download_item \"><div class=\"sdm_download_item_top\"><div class=\"sdm_download_thumbnail\"><\/div><div class=\"sdm_download_title\">You Will Rock Them &#8211; Zither<\/div><\/div><div style=\"clear:both;\"><\/div><div class=\"sdm_download_description\"><\/div><div class=\"sdm_download_link\"><span class=\"sdm_download_button\"><a href=\"https:\/\/lasido.de\/?sdm_process_download=1&#038;download_id=1844\" class=\"sdm_download grey\" title=\"You Will Rock Them &#8211; Zither\" target=\"_self\">Jetzt herunterladen!<\/a><\/span><span class=\"sdm_download_item_count\"><span class=\"sdm_item_count_number\">543<\/span><span class=\"sdm_item_count_string\"> Downloads<\/span><\/span><\/div><\/div><div class=\"sdm_clear_float\"><\/div>\n\n<div class=\"sdm_download_item \"><div class=\"sdm_download_item_top\"><div class=\"sdm_download_thumbnail\"><\/div><div class=\"sdm_download_title\">You Will Rock Them &#8211; Keyboard<\/div><\/div><div style=\"clear:both;\"><\/div><div class=\"sdm_download_description\"><\/div><div class=\"sdm_download_link\"><span class=\"sdm_download_button\"><a href=\"https:\/\/lasido.de\/?sdm_process_download=1&#038;download_id=1846\" class=\"sdm_download grey\" title=\"You Will Rock Them &#8211; Keyboard\" target=\"_self\">Jetzt herunterladen!<\/a><\/span><span class=\"sdm_download_item_count\"><span class=\"sdm_item_count_number\">526<\/span><span class=\"sdm_item_count_string\"> Downloads<\/span><\/span><\/div><\/div><div class=\"sdm_clear_float\"><\/div>\n\n<div class=\"sdm_download_item \"><div class=\"sdm_download_item_top\"><div class=\"sdm_download_thumbnail\"><\/div><div class=\"sdm_download_title\">You Will Rock Them &#8211; Perkussion<\/div><\/div><div style=\"clear:both;\"><\/div><div class=\"sdm_download_description\"><\/div><div class=\"sdm_download_link\"><span class=\"sdm_download_button\"><a href=\"https:\/\/lasido.de\/?sdm_process_download=1&#038;download_id=1848\" class=\"sdm_download grey\" title=\"You Will Rock Them &#8211; Perkussion\" target=\"_self\">Jetzt herunterladen!<\/a><\/span><span class=\"sdm_download_item_count\"><span class=\"sdm_item_count_number\">560<\/span><span class=\"sdm_item_count_string\"> Downloads<\/span><\/span><\/div><\/div><div class=\"sdm_clear_float\"><\/div>\n\n\n<hr class=\"wp-block-separator has-alpha-channel-opacity is-style-wide is-style-wide--3\"\/>\n\n\n\n<p><a href=\"https:\/\/lasido.de\/?page_id=1098\" data-type=\"page\" data-id=\"1098\">Soon June Tune<\/a> &#8211; <a href=\"https:\/\/lasido.de\/?page_id=1079\" data-type=\"page\" data-id=\"1079\">Zur\u00fcck zu &#8222;Band-Mix 2&#8220;<\/a> &#8211; <a href=\"https:\/\/lasido.de\/?page_id=1102\" data-type=\"page\" data-id=\"1102\">Elli Jens<\/a><\/p>\n","protected":false},"excerpt":{"rendered":"<p>Hinweis zum Titel:In der ersten Stunde mache ich mit fast all meinen Sch\u00fclern &#8222;We Will Rock You&#8220; von &#8222;Queen&#8220;. Dieser Rockklassiker eignet sich perfekt f\u00fcr den Einstieg. Eine Note oder ein leichter Akkord reicht aus, um schon richtig ab zu rocken. &#8222;You Will Rock Them&#8220; soll ein Folgest\u00fcck sein, bei dem man hoffentlich auch gut [&hellip;]<\/p>\n","protected":false},"author":1,"featured_media":0,"parent":1079,"menu_order":4,"comment_status":"closed","ping_status":"closed","template":"","meta":{"footnotes":""},"class_list":["post-1100","page","type-page","status-publish","hentry"],"_links":{"self":[{"href":"https:\/\/lasido.de\/index.php?rest_route=\/wp\/v2\/pages\/1100","targetHints":{"allow":["GET"]}}],"collection":[{"href":"https:\/\/lasido.de\/index.php?rest_route=\/wp\/v2\/pages"}],"about":[{"href":"https:\/\/lasido.de\/index.php?rest_route=\/wp\/v2\/types\/page"}],"author":[{"embeddable":true,"href":"https:\/\/lasido.de\/index.php?rest_route=\/wp\/v2\/users\/1"}],"replies":[{"embeddable":true,"href":"https:\/\/lasido.de\/index.php?rest_route=%2Fwp%2Fv2%2Fcomments&post=1100"}],"version-history":[{"count":10,"href":"https:\/\/lasido.de\/index.php?rest_route=\/wp\/v2\/pages\/1100\/revisions"}],"predecessor-version":[{"id":1852,"href":"https:\/\/lasido.de\/index.php?rest_route=\/wp\/v2\/pages\/1100\/revisions\/1852"}],"up":[{"embeddable":true,"href":"https:\/\/lasido.de\/index.php?rest_route=\/wp\/v2\/pages\/1079"}],"wp:attachment":[{"href":"https:\/\/lasido.de\/index.php?rest_route=%2Fwp%2Fv2%2Fmedia&parent=1100"}],"curies":[{"name":"wp","href":"https:\/\/api.w.org\/{rel}","templated":true}]}}