{"id":1102,"date":"2022-01-31T16:35:03","date_gmt":"2022-01-31T14:35:03","guid":{"rendered":"https:\/\/lasido.de\/?page_id=1102"},"modified":"2025-03-08T17:53:41","modified_gmt":"2025-03-08T15:53:41","slug":"elli-jens","status":"publish","type":"page","link":"https:\/\/lasido.de\/?page_id=1102","title":{"rendered":"Elli Jens"},"content":{"rendered":"\n<div class=\"wp-block-columns is-layout-flex wp-container-core-columns-is-layout-28f84493 wp-block-columns-is-layout-flex\">\n<div class=\"wp-block-column is-layout-flow wp-block-column-is-layout-flow\">\n<p><strong>Hinweis zum Titel:<\/strong><br>&#8222;Elli Jens&#8220; klingt \u00e4hnlich dem englischen Wort &#8222;Aliens&#8220; und soll somit Motivation f\u00fcr die Sch\u00fcler sein, dieses &#8222;intergalaktische&#8220; Saitenmusik-St\u00fcck zu spielen. Ich wollte es nicht zu atonal machen und habe deshalb ein bluesiges St\u00fcck, im Swing-Feeling mit vielen &#8222;Blue Notes&#8220; geschrieben. M\u00f6ge der Shuffle mit euch sein.<\/p>\n<\/div>\n\n\n\n<div class=\"wp-block-column is-layout-flow wp-block-column-is-layout-flow\">\n<p><strong>Musikp\u00e4dagogische Hinweise:<\/strong><br>Dieses St\u00fcck soll dazu dienen, das Swing-Feeling zu trainieren.<br>Artikulationen k\u00f6nnen gerne noch hinzugef\u00fcgt werden, um den Titel noch grooviger zu machen.<br>Die Bass-, Keyboard- und Perkussion-Stimmen k\u00f6nnen nat\u00fcrlich gerne erweitert werden, ja nach individuellem K\u00f6nnen.<\/p>\n<\/div>\n<\/div>\n\n\n\n<hr class=\"wp-block-separator has-css-opacity is-style-wide is-style-wide--1\"\/>\n\n\n\n<center>\n<iframe loading=\"lazy\" width=\"100%\" height=\"166\" scrolling=\"no\" frameborder=\"no\" allow=\"autoplay\" src=\"https:\/\/w.soundcloud.com\/player\/?url=https%3A\/\/api.soundcloud.com\/tracks\/1225581121&amp;color=%23ff5500&amp;auto_play=false&amp;hide_related=false&amp;show_comments=true&amp;show_user=true&amp;show_reposts=false&amp;show_teaser=true\"><\/iframe><div style=\"font-size: 10px; color: #cccccc;line-break: anywhere;word-break: normal;overflow: hidden;white-space: nowrap;text-overflow: ellipsis; font-family: Interstate,Lucida Grande,Lucida Sans Unicode,Lucida Sans,Garuda,Verdana,Tahoma,sans-serif;font-weight: 100;\"><a href=\"https:\/\/soundcloud.com\/joerg-lanzinger\" title=\"J\u00f6rg Lanzinger\" target=\"_blank\" style=\"color: #cccccc; text-decoration: none;\" rel=\"noopener\">J\u00f6rg Lanzinger<\/a> \u00b7 <a href=\"https:\/\/soundcloud.com\/joerg-lanzinger\/elli-jens\" title=\"Elli Jens\" target=\"_blank\" style=\"color: #cccccc; text-decoration: none;\" rel=\"noopener\">Elli Jens<\/a><\/div>\n<\/center>\n\n\n\n<center>\n<iframe loading=\"lazy\" width=\"100%\" height=\"166\" scrolling=\"no\" frameborder=\"no\" allow=\"autoplay\" src=\"https:\/\/w.soundcloud.com\/player\/?url=https%3A\/\/api.soundcloud.com\/tracks\/1225581646&amp;color=%23ff5500&amp;auto_play=false&amp;hide_related=false&amp;show_comments=true&amp;show_user=true&amp;show_reposts=false&amp;show_teaser=true\"><\/iframe><div style=\"font-size: 10px; color: #cccccc;line-break: anywhere;word-break: normal;overflow: hidden;white-space: nowrap;text-overflow: ellipsis; font-family: Interstate,Lucida Grande,Lucida Sans Unicode,Lucida Sans,Garuda,Verdana,Tahoma,sans-serif;font-weight: 100;\"><a href=\"https:\/\/soundcloud.com\/joerg-lanzinger\" title=\"J\u00f6rg Lanzinger\" target=\"_blank\" style=\"color: #cccccc; text-decoration: none;\" rel=\"noopener\">J\u00f6rg Lanzinger<\/a> \u00b7 <a href=\"https:\/\/soundcloud.com\/joerg-lanzinger\/elli-jens-langsamer\" title=\"Elli Jens langsamer\" target=\"_blank\" style=\"color: #cccccc; text-decoration: none;\" rel=\"noopener\">Elli Jens langsamer<\/a><\/div>\n<\/center>\n\n\n\n<hr class=\"wp-block-separator has-alpha-channel-opacity is-style-wide is-style-wide--2\"\/>\n\n\n\n<p class=\"has-small-font-size\"><strong>Zus\u00e4tzliche Noten:<\/strong><\/p>\n\n\n<div class=\"sdm_download_item \"><div class=\"sdm_download_item_top\"><div class=\"sdm_download_thumbnail\"><\/div><div class=\"sdm_download_title\">Elli Jens &#8211; Partitur<\/div><\/div><div style=\"clear:both;\"><\/div><div class=\"sdm_download_description\"><\/div><div class=\"sdm_download_link\"><span class=\"sdm_download_button\"><a href=\"https:\/\/lasido.de\/?sdm_process_download=1&#038;download_id=1944\" class=\"sdm_download grey\" title=\"Elli Jens &#8211; Partitur\" target=\"_self\">Jetzt herunterladen!<\/a><\/span><span class=\"sdm_download_item_count\"><span class=\"sdm_item_count_number\">394<\/span><span class=\"sdm_item_count_string\"> Downloads<\/span><\/span><\/div><\/div><div class=\"sdm_clear_float\"><\/div>\n\n<div class=\"sdm_download_item \"><div class=\"sdm_download_item_top\"><div class=\"sdm_download_thumbnail\"><\/div><div class=\"sdm_download_title\">Elli Jens &#8211; zweistimmig homophon<\/div><\/div><div style=\"clear:both;\"><\/div><div class=\"sdm_download_description\"><\/div><div class=\"sdm_download_link\"><span class=\"sdm_download_button\"><a href=\"https:\/\/lasido.de\/?sdm_process_download=1&#038;download_id=1947\" class=\"sdm_download grey\" title=\"Elli Jens &#8211; zweistimmig homophon\" target=\"_self\">Jetzt herunterladen!<\/a><\/span><span class=\"sdm_download_item_count\"><span class=\"sdm_item_count_number\">419<\/span><span class=\"sdm_item_count_string\"> Downloads<\/span><\/span><\/div><\/div><div class=\"sdm_clear_float\"><\/div>\n\n<div class=\"sdm_download_item \"><div class=\"sdm_download_item_top\"><div class=\"sdm_download_thumbnail\"><\/div><div class=\"sdm_download_title\">Elli Jens &#8211; zweistimmig polyphon<\/div><\/div><div style=\"clear:both;\"><\/div><div class=\"sdm_download_description\"><\/div><div class=\"sdm_download_link\"><span class=\"sdm_download_button\"><a href=\"https:\/\/lasido.de\/?sdm_process_download=1&#038;download_id=1949\" class=\"sdm_download grey\" title=\"Elli Jens &#8211; zweistimmig polyphon\" target=\"_self\">Jetzt herunterladen!<\/a><\/span><span class=\"sdm_download_item_count\"><span class=\"sdm_item_count_number\">419<\/span><span class=\"sdm_item_count_string\"> Downloads<\/span><\/span><\/div><\/div><div class=\"sdm_clear_float\"><\/div>\n\n<div class=\"sdm_download_item \"><div class=\"sdm_download_item_top\"><div class=\"sdm_download_thumbnail\"><\/div><div class=\"sdm_download_title\">Elli Jens &#8211; Zither<\/div><\/div><div style=\"clear:both;\"><\/div><div class=\"sdm_download_description\"><\/div><div class=\"sdm_download_link\"><span class=\"sdm_download_button\"><a href=\"https:\/\/lasido.de\/?sdm_process_download=1&#038;download_id=1951\" class=\"sdm_download grey\" title=\"Elli Jens &#8211; Zither\" target=\"_self\">Jetzt herunterladen!<\/a><\/span><span class=\"sdm_download_item_count\"><span class=\"sdm_item_count_number\">422<\/span><span class=\"sdm_item_count_string\"> Downloads<\/span><\/span><\/div><\/div><div class=\"sdm_clear_float\"><\/div>\n\n<div class=\"sdm_download_item \"><div class=\"sdm_download_item_top\"><div class=\"sdm_download_thumbnail\"><\/div><div class=\"sdm_download_title\">Elli Jens &#8211; Keyboard<\/div><\/div><div style=\"clear:both;\"><\/div><div class=\"sdm_download_description\"><\/div><div class=\"sdm_download_link\"><span class=\"sdm_download_button\"><a href=\"https:\/\/lasido.de\/?sdm_process_download=1&#038;download_id=1953\" class=\"sdm_download grey\" title=\"Elli Jens &#8211; Keyboard\" target=\"_self\">Jetzt herunterladen!<\/a><\/span><span class=\"sdm_download_item_count\"><span class=\"sdm_item_count_number\">425<\/span><span class=\"sdm_item_count_string\"> Downloads<\/span><\/span><\/div><\/div><div class=\"sdm_clear_float\"><\/div>\n\n<div class=\"sdm_download_item \"><div class=\"sdm_download_item_top\"><div class=\"sdm_download_thumbnail\"><\/div><div class=\"sdm_download_title\">Elli Jens &#8211; Perkussion<\/div><\/div><div style=\"clear:both;\"><\/div><div class=\"sdm_download_description\"><\/div><div class=\"sdm_download_link\"><span class=\"sdm_download_button\"><a href=\"https:\/\/lasido.de\/?sdm_process_download=1&#038;download_id=1955\" class=\"sdm_download grey\" title=\"Elli Jens &#8211; Perkussion\" target=\"_self\">Jetzt herunterladen!<\/a><\/span><span class=\"sdm_download_item_count\"><span class=\"sdm_item_count_number\">427<\/span><span class=\"sdm_item_count_string\"> Downloads<\/span><\/span><\/div><\/div><div class=\"sdm_clear_float\"><\/div>\n\n\n<hr class=\"wp-block-separator has-alpha-channel-opacity is-style-wide is-style-wide--3\"\/>\n\n\n\n<p>Videos folgen in K\u00fcrze.<\/p>\n\n\n\n<hr class=\"wp-block-separator has-alpha-channel-opacity is-style-wide is-style-wide--4\"\/>\n\n\n\n<p><a href=\"https:\/\/lasido.de\/?page_id=1100\" data-type=\"page\" data-id=\"1100\">You Will Rock Them<\/a> &#8211; <a href=\"https:\/\/lasido.de\/?page_id=1079\" data-type=\"page\" data-id=\"1079\">Zur\u00fcck zu &#8222;Band-Mix 2&#8220;<\/a> &#8211; <a href=\"https:\/\/lasido.de\/?page_id=1104\" data-type=\"page\" data-id=\"1104\">Ka Ninchen<\/a><\/p>\n","protected":false},"excerpt":{"rendered":"<p>Hinweis zum Titel:&#8222;Elli Jens&#8220; klingt \u00e4hnlich dem englischen Wort &#8222;Aliens&#8220; und soll somit Motivation f\u00fcr die Sch\u00fcler sein, dieses &#8222;intergalaktische&#8220; Saitenmusik-St\u00fcck zu spielen. Ich wollte es nicht zu atonal machen und habe deshalb ein bluesiges St\u00fcck, im Swing-Feeling mit vielen &#8222;Blue Notes&#8220; geschrieben. M\u00f6ge der Shuffle mit euch sein. Musikp\u00e4dagogische Hinweise:Dieses St\u00fcck soll dazu dienen, [&hellip;]<\/p>\n","protected":false},"author":1,"featured_media":0,"parent":1079,"menu_order":5,"comment_status":"closed","ping_status":"closed","template":"","meta":{"footnotes":""},"class_list":["post-1102","page","type-page","status-publish","hentry"],"_links":{"self":[{"href":"https:\/\/lasido.de\/index.php?rest_route=\/wp\/v2\/pages\/1102","targetHints":{"allow":["GET"]}}],"collection":[{"href":"https:\/\/lasido.de\/index.php?rest_route=\/wp\/v2\/pages"}],"about":[{"href":"https:\/\/lasido.de\/index.php?rest_route=\/wp\/v2\/types\/page"}],"author":[{"embeddable":true,"href":"https:\/\/lasido.de\/index.php?rest_route=\/wp\/v2\/users\/1"}],"replies":[{"embeddable":true,"href":"https:\/\/lasido.de\/index.php?rest_route=%2Fwp%2Fv2%2Fcomments&post=1102"}],"version-history":[{"count":8,"href":"https:\/\/lasido.de\/index.php?rest_route=\/wp\/v2\/pages\/1102\/revisions"}],"predecessor-version":[{"id":1958,"href":"https:\/\/lasido.de\/index.php?rest_route=\/wp\/v2\/pages\/1102\/revisions\/1958"}],"up":[{"embeddable":true,"href":"https:\/\/lasido.de\/index.php?rest_route=\/wp\/v2\/pages\/1079"}],"wp:attachment":[{"href":"https:\/\/lasido.de\/index.php?rest_route=%2Fwp%2Fv2%2Fmedia&parent=1102"}],"curies":[{"name":"wp","href":"https:\/\/api.w.org\/{rel}","templated":true}]}}