{"id":1104,"date":"2022-01-31T16:35:36","date_gmt":"2022-01-31T14:35:36","guid":{"rendered":"https:\/\/lasido.de\/?page_id=1104"},"modified":"2025-03-08T18:01:12","modified_gmt":"2025-03-08T16:01:12","slug":"ka-ninchen","status":"publish","type":"page","link":"https:\/\/lasido.de\/?page_id=1104","title":{"rendered":"Ka Ninchen"},"content":{"rendered":"\n<div class=\"wp-block-columns is-layout-flex wp-container-core-columns-is-layout-28f84493 wp-block-columns-is-layout-flex\">\n<div class=\"wp-block-column is-layout-flow wp-block-column-is-layout-flow\">\n<p><strong>Hinweis zum Titel:<\/strong><br>Die Melodie ist eigentlich zu brav f\u00fcr das wilde Treiben von vier jungen Nagetieren. Dennoch waren die Eindr\u00fccke von diesen lieben Haustieren Inspiration f\u00fcr dieses St\u00fcck.<\/p>\n<\/div>\n\n\n\n<div class=\"wp-block-column is-layout-flow wp-block-column-is-layout-flow\">\n<p><strong>Musikp\u00e4dagogische Hinweise:<\/strong><br>Balladen sind in der Rockmusik \u00f6fters auch mal im 6\/8 Takt. Bestes Beispiel ist &#8222;Nothing Else Matters&#8220; von &#8222;Metallica&#8220;. Drum sollte auch diese au\u00dfergew\u00f6hnlichere Taktart geschult werden.<br>Die 1. Stimme kann wieder gut in der 1. Lage der Gitarre gespielt werden.<\/p>\n<\/div>\n<\/div>\n\n\n\n<hr class=\"wp-block-separator has-css-opacity is-style-wide is-style-wide--1\"\/>\n\n\n\n<center>\n<iframe loading=\"lazy\" width=\"100%\" height=\"166\" scrolling=\"no\" frameborder=\"no\" allow=\"autoplay\" src=\"https:\/\/w.soundcloud.com\/player\/?url=https%3A\/\/api.soundcloud.com\/tracks\/1225590826&amp;color=%23ff5500&amp;auto_play=false&amp;hide_related=false&amp;show_comments=true&amp;show_user=true&amp;show_reposts=false&amp;show_teaser=true\"><\/iframe><div style=\"font-size: 10px; color: #cccccc;line-break: anywhere;word-break: normal;overflow: hidden;white-space: nowrap;text-overflow: ellipsis; font-family: Interstate,Lucida Grande,Lucida Sans Unicode,Lucida Sans,Garuda,Verdana,Tahoma,sans-serif;font-weight: 100;\"><a href=\"https:\/\/soundcloud.com\/joerg-lanzinger\" title=\"J\u00f6rg Lanzinger\" target=\"_blank\" style=\"color: #cccccc; text-decoration: none;\" rel=\"noopener\">J\u00f6rg Lanzinger<\/a> \u00b7 <a href=\"https:\/\/soundcloud.com\/joerg-lanzinger\/ka-ninchen\" title=\"Ka Ninchen\" target=\"_blank\" style=\"color: #cccccc; text-decoration: none;\" rel=\"noopener\">Ka Ninchen<\/a><\/div>\n<\/center>\n\n\n\n<center>\n<iframe loading=\"lazy\" width=\"100%\" height=\"166\" scrolling=\"no\" frameborder=\"no\" allow=\"autoplay\" src=\"https:\/\/w.soundcloud.com\/player\/?url=https%3A\/\/api.soundcloud.com\/tracks\/1225591273&amp;color=%23ff5500&amp;auto_play=false&amp;hide_related=false&amp;show_comments=true&amp;show_user=true&amp;show_reposts=false&amp;show_teaser=true\"><\/iframe><div style=\"font-size: 10px; color: #cccccc;line-break: anywhere;word-break: normal;overflow: hidden;white-space: nowrap;text-overflow: ellipsis; font-family: Interstate,Lucida Grande,Lucida Sans Unicode,Lucida Sans,Garuda,Verdana,Tahoma,sans-serif;font-weight: 100;\"><a href=\"https:\/\/soundcloud.com\/joerg-lanzinger\" title=\"J\u00f6rg Lanzinger\" target=\"_blank\" style=\"color: #cccccc; text-decoration: none;\" rel=\"noopener\">J\u00f6rg Lanzinger<\/a> \u00b7 <a href=\"https:\/\/soundcloud.com\/joerg-lanzinger\/ka-ninchen-langsamer\" title=\"Ka Ninchen Langsamer\" target=\"_blank\" style=\"color: #cccccc; text-decoration: none;\" rel=\"noopener\">Ka Ninchen Langsamer<\/a><\/div>\n<\/center>\n\n\n\n<hr class=\"wp-block-separator has-alpha-channel-opacity is-style-wide is-style-wide--2\"\/>\n\n\n\n<p class=\"has-small-font-size\"><strong>Zus\u00e4tzliche Noten:<\/strong><\/p>\n\n\n<div class=\"sdm_download_item \"><div class=\"sdm_download_item_top\"><div class=\"sdm_download_thumbnail\"><\/div><div class=\"sdm_download_title\">Ka Ninchen &#8211; Partitur<\/div><\/div><div style=\"clear:both;\"><\/div><div class=\"sdm_download_description\"><\/div><div class=\"sdm_download_link\"><span class=\"sdm_download_button\"><a href=\"https:\/\/lasido.de\/?sdm_process_download=1&#038;download_id=1959\" class=\"sdm_download grey\" title=\"Ka Ninchen &#8211; Partitur\" target=\"_self\">Jetzt herunterladen!<\/a><\/span><span class=\"sdm_download_item_count\"><span class=\"sdm_item_count_number\">398<\/span><span class=\"sdm_item_count_string\"> Downloads<\/span><\/span><\/div><\/div><div class=\"sdm_clear_float\"><\/div>\n\n<div class=\"sdm_download_item \"><div class=\"sdm_download_item_top\"><div class=\"sdm_download_thumbnail\"><\/div><div class=\"sdm_download_title\">Ka Ninchen &#8211; zweistimmig homophon<\/div><\/div><div style=\"clear:both;\"><\/div><div class=\"sdm_download_description\"><\/div><div class=\"sdm_download_link\"><span class=\"sdm_download_button\"><a href=\"https:\/\/lasido.de\/?sdm_process_download=1&#038;download_id=1961\" class=\"sdm_download grey\" title=\"Ka Ninchen &#8211; zweistimmig homophon\" target=\"_self\">Jetzt herunterladen!<\/a><\/span><span class=\"sdm_download_item_count\"><span class=\"sdm_item_count_number\">416<\/span><span class=\"sdm_item_count_string\"> Downloads<\/span><\/span><\/div><\/div><div class=\"sdm_clear_float\"><\/div>\n\n<div class=\"sdm_download_item \"><div class=\"sdm_download_item_top\"><div class=\"sdm_download_thumbnail\"><\/div><div class=\"sdm_download_title\">Ka Ninchen &#8211; zweistimmig polyphon<\/div><\/div><div style=\"clear:both;\"><\/div><div class=\"sdm_download_description\"><\/div><div class=\"sdm_download_link\"><span class=\"sdm_download_button\"><a href=\"https:\/\/lasido.de\/?sdm_process_download=1&#038;download_id=1963\" class=\"sdm_download grey\" title=\"Ka Ninchen &#8211; zweistimmig polyphon\" target=\"_self\">Jetzt herunterladen!<\/a><\/span><span class=\"sdm_download_item_count\"><span class=\"sdm_item_count_number\">404<\/span><span class=\"sdm_item_count_string\"> Downloads<\/span><\/span><\/div><\/div><div class=\"sdm_clear_float\"><\/div>\n\n<div class=\"sdm_download_item \"><div class=\"sdm_download_item_top\"><div class=\"sdm_download_thumbnail\"><\/div><div class=\"sdm_download_title\">Ka Ninchen &#8211; Zither<\/div><\/div><div style=\"clear:both;\"><\/div><div class=\"sdm_download_description\"><\/div><div class=\"sdm_download_link\"><span class=\"sdm_download_button\"><a href=\"https:\/\/lasido.de\/?sdm_process_download=1&#038;download_id=1965\" class=\"sdm_download grey\" title=\"Ka Ninchen &#8211; Zither\" target=\"_self\">Jetzt herunterladen!<\/a><\/span><span class=\"sdm_download_item_count\"><span class=\"sdm_item_count_number\">414<\/span><span class=\"sdm_item_count_string\"> Downloads<\/span><\/span><\/div><\/div><div class=\"sdm_clear_float\"><\/div>\n\n<div class=\"sdm_download_item \"><div class=\"sdm_download_item_top\"><div class=\"sdm_download_thumbnail\"><\/div><div class=\"sdm_download_title\">Ka Ninchen &#8211; Keyboard<\/div><\/div><div style=\"clear:both;\"><\/div><div class=\"sdm_download_description\"><\/div><div class=\"sdm_download_link\"><span class=\"sdm_download_button\"><a href=\"https:\/\/lasido.de\/?sdm_process_download=1&#038;download_id=1967\" class=\"sdm_download grey\" title=\"Ka Ninchen &#8211; Keyboard\" target=\"_self\">Jetzt herunterladen!<\/a><\/span><span class=\"sdm_download_item_count\"><span class=\"sdm_item_count_number\">418<\/span><span class=\"sdm_item_count_string\"> Downloads<\/span><\/span><\/div><\/div><div class=\"sdm_clear_float\"><\/div>\n\n<div class=\"sdm_download_item \"><div class=\"sdm_download_item_top\"><div class=\"sdm_download_thumbnail\"><\/div><div class=\"sdm_download_title\">Ka Ninchen &#8211; Perkussion<\/div><\/div><div style=\"clear:both;\"><\/div><div class=\"sdm_download_description\"><\/div><div class=\"sdm_download_link\"><span class=\"sdm_download_button\"><a href=\"https:\/\/lasido.de\/?sdm_process_download=1&#038;download_id=1969\" class=\"sdm_download grey\" title=\"Ka Ninchen &#8211; Perkussion\" target=\"_self\">Jetzt herunterladen!<\/a><\/span><span class=\"sdm_download_item_count\"><span class=\"sdm_item_count_number\">414<\/span><span class=\"sdm_item_count_string\"> Downloads<\/span><\/span><\/div><\/div><div class=\"sdm_clear_float\"><\/div>\n\n\n<hr class=\"wp-block-separator has-alpha-channel-opacity is-style-wide is-style-wide--3\"\/>\n\n\n\n<p>Videos folgen in K\u00fcrze.<\/p>\n\n\n\n<hr class=\"wp-block-separator has-alpha-channel-opacity is-style-wide is-style-wide--4\"\/>\n\n\n\n<p><a href=\"https:\/\/lasido.de\/?page_id=1102\" data-type=\"page\" data-id=\"1102\">Elli Jens<\/a> &#8211; <a href=\"https:\/\/lasido.de\/?page_id=1079\" data-type=\"page\" data-id=\"1079\">Zur\u00fcck zu &#8222;Band-Mix 2&#8220;<\/a> &#8211; <a href=\"https:\/\/lasido.de\/?page_id=1106\" data-type=\"page\" data-id=\"1106\">Gisbert und die leere Granatapfelsaftflasche<\/a><\/p>\n","protected":false},"excerpt":{"rendered":"<p>Hinweis zum Titel:Die Melodie ist eigentlich zu brav f\u00fcr das wilde Treiben von vier jungen Nagetieren. Dennoch waren die Eindr\u00fccke von diesen lieben Haustieren Inspiration f\u00fcr dieses St\u00fcck. Musikp\u00e4dagogische Hinweise:Balladen sind in der Rockmusik \u00f6fters auch mal im 6\/8 Takt. Bestes Beispiel ist &#8222;Nothing Else Matters&#8220; von &#8222;Metallica&#8220;. Drum sollte auch diese au\u00dfergew\u00f6hnlichere Taktart geschult [&hellip;]<\/p>\n","protected":false},"author":1,"featured_media":0,"parent":1079,"menu_order":6,"comment_status":"closed","ping_status":"closed","template":"","meta":{"footnotes":""},"class_list":["post-1104","page","type-page","status-publish","hentry"],"_links":{"self":[{"href":"https:\/\/lasido.de\/index.php?rest_route=\/wp\/v2\/pages\/1104","targetHints":{"allow":["GET"]}}],"collection":[{"href":"https:\/\/lasido.de\/index.php?rest_route=\/wp\/v2\/pages"}],"about":[{"href":"https:\/\/lasido.de\/index.php?rest_route=\/wp\/v2\/types\/page"}],"author":[{"embeddable":true,"href":"https:\/\/lasido.de\/index.php?rest_route=\/wp\/v2\/users\/1"}],"replies":[{"embeddable":true,"href":"https:\/\/lasido.de\/index.php?rest_route=%2Fwp%2Fv2%2Fcomments&post=1104"}],"version-history":[{"count":8,"href":"https:\/\/lasido.de\/index.php?rest_route=\/wp\/v2\/pages\/1104\/revisions"}],"predecessor-version":[{"id":1972,"href":"https:\/\/lasido.de\/index.php?rest_route=\/wp\/v2\/pages\/1104\/revisions\/1972"}],"up":[{"embeddable":true,"href":"https:\/\/lasido.de\/index.php?rest_route=\/wp\/v2\/pages\/1079"}],"wp:attachment":[{"href":"https:\/\/lasido.de\/index.php?rest_route=%2Fwp%2Fv2%2Fmedia&parent=1104"}],"curies":[{"name":"wp","href":"https:\/\/api.w.org\/{rel}","templated":true}]}}