{"id":1108,"date":"2022-01-31T16:36:41","date_gmt":"2022-01-31T14:36:41","guid":{"rendered":"https:\/\/lasido.de\/?page_id=1108"},"modified":"2025-03-08T18:14:37","modified_gmt":"2025-03-08T16:14:37","slug":"rommbldibommbl","status":"publish","type":"page","link":"https:\/\/lasido.de\/?page_id=1108","title":{"rendered":"Rommbldibommbl"},"content":{"rendered":"\n<div class=\"wp-block-columns is-layout-flex wp-container-core-columns-is-layout-28f84493 wp-block-columns-is-layout-flex\">\n<div class=\"wp-block-column is-layout-flow wp-block-column-is-layout-flow\">\n<p><strong>Hinweis zum Titel:<\/strong><br>Dieser Titel ist auch ein Folgest\u00fcck zu &#8222;Band-Mix&#8220;. Darin hei\u00dft das St\u00fcck im 7\/8-Takt &#8222;Rumbling&#8220;. &#8222;Rommbldibommbl&#8220; ist in etwa die schw\u00e4bische \u00dcbersetzung daf\u00fcr.<\/p>\n<\/div>\n\n\n\n<div class=\"wp-block-column is-layout-flow wp-block-column-is-layout-flow\">\n<p><strong>Musikp\u00e4dagogische Hinweise:<\/strong><br>&#8222;Rumbling&#8220; aus &#8222;Band-Mix&#8220; hat eine Kollegin auf einem Seminar mal mit den Worten &#8222;Brennnessel-Aua-Aua&#8220; einstudiert. Analog dazu kann man den 7\/8-Takt von &#8222;Rommbldibommbl&#8220; mit &#8222;Aua-Aua-Brennnessel&#8220; verbal vor\u00fcben. Gerne k\u00f6nnen eigene Wortspiele gesucht werden. Die Aufteilung des 7\/8-Taktes ist 2\/8, 2\/8, 3\/8.<br>Musiktheoretisch kann man noch auf die chromatisch absteigende Tonleiter im Bass hinweisen. Daraus ergibt sich dann auch die Harmonie und letztendlich auch die Melodie.<\/p>\n<\/div>\n<\/div>\n\n\n\n<hr class=\"wp-block-separator has-css-opacity is-style-wide is-style-wide--1\"\/>\n\n\n\n<center>\n<iframe loading=\"lazy\" width=\"100%\" height=\"166\" scrolling=\"no\" frameborder=\"no\" allow=\"autoplay\" src=\"https:\/\/w.soundcloud.com\/player\/?url=https%3A\/\/api.soundcloud.com\/tracks\/1227011842&amp;color=%23ff5500&amp;auto_play=false&amp;hide_related=false&amp;show_comments=true&amp;show_user=true&amp;show_reposts=false&amp;show_teaser=true\"><\/iframe><div style=\"font-size: 10px; color: #cccccc;line-break: anywhere;word-break: normal;overflow: hidden;white-space: nowrap;text-overflow: ellipsis; font-family: Interstate,Lucida Grande,Lucida Sans Unicode,Lucida Sans,Garuda,Verdana,Tahoma,sans-serif;font-weight: 100;\"><a href=\"https:\/\/soundcloud.com\/joerg-lanzinger\" title=\"J\u00f6rg Lanzinger\" target=\"_blank\" style=\"color: #cccccc; text-decoration: none;\" rel=\"noopener\">J\u00f6rg Lanzinger<\/a> \u00b7 <a href=\"https:\/\/soundcloud.com\/joerg-lanzinger\/rommbldibommbl\" title=\"Rommbldibommbl\" target=\"_blank\" style=\"color: #cccccc; text-decoration: none;\" rel=\"noopener\">Rommbldibommbl<\/a><\/div>\n<\/center>\n\n\n\n<center>\n<iframe loading=\"lazy\" width=\"100%\" height=\"166\" scrolling=\"no\" frameborder=\"no\" allow=\"autoplay\" src=\"https:\/\/w.soundcloud.com\/player\/?url=https%3A\/\/api.soundcloud.com\/tracks\/1227012442&amp;color=%23ff5500&amp;auto_play=false&amp;hide_related=false&amp;show_comments=true&amp;show_user=true&amp;show_reposts=false&amp;show_teaser=true\"><\/iframe><div style=\"font-size: 10px; color: #cccccc;line-break: anywhere;word-break: normal;overflow: hidden;white-space: nowrap;text-overflow: ellipsis; font-family: Interstate,Lucida Grande,Lucida Sans Unicode,Lucida Sans,Garuda,Verdana,Tahoma,sans-serif;font-weight: 100;\"><a href=\"https:\/\/soundcloud.com\/joerg-lanzinger\" title=\"J\u00f6rg Lanzinger\" target=\"_blank\" style=\"color: #cccccc; text-decoration: none;\" rel=\"noopener\">J\u00f6rg Lanzinger<\/a> \u00b7 <a href=\"https:\/\/soundcloud.com\/joerg-lanzinger\/rommbldibommbl-langsamer\" title=\"Rommbldibommbl langsamer\" target=\"_blank\" style=\"color: #cccccc; text-decoration: none;\" rel=\"noopener\">Rommbldibommbl langsamer<\/a><\/div>\n<\/center>\n\n\n\n<hr class=\"wp-block-separator has-alpha-channel-opacity is-style-wide is-style-wide--2\"\/>\n\n\n\n<p class=\"has-small-font-size\"><strong>Zus\u00e4tzliche Noten:<\/strong><\/p>\n\n\n<div class=\"sdm_download_item \"><div class=\"sdm_download_item_top\"><div class=\"sdm_download_thumbnail\"><\/div><div class=\"sdm_download_title\">Rommbldibommbl &#8211; Partitur<\/div><\/div><div style=\"clear:both;\"><\/div><div class=\"sdm_download_description\"><\/div><div class=\"sdm_download_link\"><span class=\"sdm_download_button\"><a href=\"https:\/\/lasido.de\/?sdm_process_download=1&#038;download_id=1988\" class=\"sdm_download grey\" title=\"Rommbldibommbl &#8211; Partitur\" target=\"_self\">Jetzt herunterladen!<\/a><\/span><span class=\"sdm_download_item_count\"><span class=\"sdm_item_count_number\">431<\/span><span class=\"sdm_item_count_string\"> Downloads<\/span><\/span><\/div><\/div><div class=\"sdm_clear_float\"><\/div>\n\n<div class=\"sdm_download_item \"><div class=\"sdm_download_item_top\"><div class=\"sdm_download_thumbnail\"><\/div><div class=\"sdm_download_title\">Rommbldibommbl &#8211; zweistimmig homophon<\/div><\/div><div style=\"clear:both;\"><\/div><div class=\"sdm_download_description\"><\/div><div class=\"sdm_download_link\"><span class=\"sdm_download_button\"><a href=\"https:\/\/lasido.de\/?sdm_process_download=1&#038;download_id=1990\" class=\"sdm_download grey\" title=\"Rommbldibommbl &#8211; zweistimmig homophon\" target=\"_self\">Jetzt herunterladen!<\/a><\/span><span class=\"sdm_download_item_count\"><span class=\"sdm_item_count_number\">430<\/span><span class=\"sdm_item_count_string\"> Downloads<\/span><\/span><\/div><\/div><div class=\"sdm_clear_float\"><\/div>\n\n<div class=\"sdm_download_item \"><div class=\"sdm_download_item_top\"><div class=\"sdm_download_thumbnail\"><\/div><div class=\"sdm_download_title\">Rommbldibommbl &#8211; zweistimmig polyphon<\/div><\/div><div style=\"clear:both;\"><\/div><div class=\"sdm_download_description\"><\/div><div class=\"sdm_download_link\"><span class=\"sdm_download_button\"><a href=\"https:\/\/lasido.de\/?sdm_process_download=1&#038;download_id=1992\" class=\"sdm_download grey\" title=\"Rommbldibommbl &#8211; zweistimmig polyphon\" target=\"_self\">Jetzt herunterladen!<\/a><\/span><span class=\"sdm_download_item_count\"><span class=\"sdm_item_count_number\">441<\/span><span class=\"sdm_item_count_string\"> Downloads<\/span><\/span><\/div><\/div><div class=\"sdm_clear_float\"><\/div>\n\n<div class=\"sdm_download_item \"><div class=\"sdm_download_item_top\"><div class=\"sdm_download_thumbnail\"><\/div><div class=\"sdm_download_title\">Rommbldibommbl &#8211; Zither<\/div><\/div><div style=\"clear:both;\"><\/div><div class=\"sdm_download_description\"><\/div><div class=\"sdm_download_link\"><span class=\"sdm_download_button\"><a href=\"https:\/\/lasido.de\/?sdm_process_download=1&#038;download_id=1994\" class=\"sdm_download grey\" title=\"Rommbldibommbl &#8211; Zither\" target=\"_self\">Jetzt herunterladen!<\/a><\/span><span class=\"sdm_download_item_count\"><span class=\"sdm_item_count_number\">430<\/span><span class=\"sdm_item_count_string\"> Downloads<\/span><\/span><\/div><\/div><div class=\"sdm_clear_float\"><\/div>\n\n<div class=\"sdm_download_item \"><div class=\"sdm_download_item_top\"><div class=\"sdm_download_thumbnail\"><\/div><div class=\"sdm_download_title\">Rommbldibommbl &#8211; Keyboard<\/div><\/div><div style=\"clear:both;\"><\/div><div class=\"sdm_download_description\"><\/div><div class=\"sdm_download_link\"><span class=\"sdm_download_button\"><a href=\"https:\/\/lasido.de\/?sdm_process_download=1&#038;download_id=1996\" class=\"sdm_download grey\" title=\"Rommbldibommbl &#8211; Keyboard\" target=\"_self\">Jetzt herunterladen!<\/a><\/span><span class=\"sdm_download_item_count\"><span class=\"sdm_item_count_number\">443<\/span><span class=\"sdm_item_count_string\"> Downloads<\/span><\/span><\/div><\/div><div class=\"sdm_clear_float\"><\/div>\n\n<div class=\"sdm_download_item \"><div class=\"sdm_download_item_top\"><div class=\"sdm_download_thumbnail\"><\/div><div class=\"sdm_download_title\">Rommbldibommbl &#8211; Perkussion<\/div><\/div><div style=\"clear:both;\"><\/div><div class=\"sdm_download_description\"><\/div><div class=\"sdm_download_link\"><span class=\"sdm_download_button\"><a href=\"https:\/\/lasido.de\/?sdm_process_download=1&#038;download_id=1998\" class=\"sdm_download grey\" title=\"Rommbldibommbl &#8211; Perkussion\" target=\"_self\">Jetzt herunterladen!<\/a><\/span><span class=\"sdm_download_item_count\"><span class=\"sdm_item_count_number\">436<\/span><span class=\"sdm_item_count_string\"> Downloads<\/span><\/span><\/div><\/div><div class=\"sdm_clear_float\"><\/div>\n\n\n<hr class=\"wp-block-separator has-alpha-channel-opacity is-style-wide is-style-wide--3\"\/>\n\n\n\n<p>Videos folgen in K\u00fcrze.<\/p>\n\n\n\n<hr class=\"wp-block-separator has-alpha-channel-opacity is-style-wide is-style-wide--4\"\/>\n\n\n\n<p><a href=\"https:\/\/lasido.de\/?page_id=1106\" data-type=\"page\" data-id=\"1106\">Gisbert und die leere Granatapfelsaftflasche<\/a> &#8211; <a href=\"https:\/\/lasido.de\/?page_id=1079\" data-type=\"page\" data-id=\"1079\">Zur\u00fcck zu &#8222;Band-Mix 2&#8220;<\/a> &#8211; <a href=\"https:\/\/lasido.de\/?page_id=1110\" data-type=\"page\" data-id=\"1110\">Das Ufo auf der Wiese<\/a><\/p>\n","protected":false},"excerpt":{"rendered":"<p>Hinweis zum Titel:Dieser Titel ist auch ein Folgest\u00fcck zu &#8222;Band-Mix&#8220;. Darin hei\u00dft das St\u00fcck im 7\/8-Takt &#8222;Rumbling&#8220;. &#8222;Rommbldibommbl&#8220; ist in etwa die schw\u00e4bische \u00dcbersetzung daf\u00fcr. Musikp\u00e4dagogische Hinweise:&#8222;Rumbling&#8220; aus &#8222;Band-Mix&#8220; hat eine Kollegin auf einem Seminar mal mit den Worten &#8222;Brennnessel-Aua-Aua&#8220; einstudiert. Analog dazu kann man den 7\/8-Takt von &#8222;Rommbldibommbl&#8220; mit &#8222;Aua-Aua-Brennnessel&#8220; verbal vor\u00fcben. Gerne k\u00f6nnen [&hellip;]<\/p>\n","protected":false},"author":1,"featured_media":0,"parent":1079,"menu_order":8,"comment_status":"closed","ping_status":"closed","template":"","meta":{"footnotes":""},"class_list":["post-1108","page","type-page","status-publish","hentry"],"_links":{"self":[{"href":"https:\/\/lasido.de\/index.php?rest_route=\/wp\/v2\/pages\/1108","targetHints":{"allow":["GET"]}}],"collection":[{"href":"https:\/\/lasido.de\/index.php?rest_route=\/wp\/v2\/pages"}],"about":[{"href":"https:\/\/lasido.de\/index.php?rest_route=\/wp\/v2\/types\/page"}],"author":[{"embeddable":true,"href":"https:\/\/lasido.de\/index.php?rest_route=\/wp\/v2\/users\/1"}],"replies":[{"embeddable":true,"href":"https:\/\/lasido.de\/index.php?rest_route=%2Fwp%2Fv2%2Fcomments&post=1108"}],"version-history":[{"count":8,"href":"https:\/\/lasido.de\/index.php?rest_route=\/wp\/v2\/pages\/1108\/revisions"}],"predecessor-version":[{"id":2001,"href":"https:\/\/lasido.de\/index.php?rest_route=\/wp\/v2\/pages\/1108\/revisions\/2001"}],"up":[{"embeddable":true,"href":"https:\/\/lasido.de\/index.php?rest_route=\/wp\/v2\/pages\/1079"}],"wp:attachment":[{"href":"https:\/\/lasido.de\/index.php?rest_route=%2Fwp%2Fv2%2Fmedia&parent=1108"}],"curies":[{"name":"wp","href":"https:\/\/api.w.org\/{rel}","templated":true}]}}