{"id":1647,"date":"2024-02-20T21:11:32","date_gmt":"2024-02-20T19:11:32","guid":{"rendered":"https:\/\/lasido.de\/?page_id=1647"},"modified":"2025-03-09T21:12:04","modified_gmt":"2025-03-09T19:12:04","slug":"modern","status":"publish","type":"page","link":"https:\/\/lasido.de\/?page_id=1647","title":{"rendered":"Modern"},"content":{"rendered":"\n<hr class=\"wp-block-separator has-alpha-channel-opacity is-style-wide is-style-wide--1\"\/>\n\n\n\n<p>Hier kann man f\u00fcr den Service spenden:<\/p>\n\n\n\n<form action=\"https:\/\/www.paypal.com\/donate\" method=\"post\" target=\"_top\">\n<input type=\"hidden\" name=\"hosted_button_id\" value=\"XXCKV2GPVTW6Y\" \/>\n<input type=\"image\" src=\"https:\/\/www.paypalobjects.com\/de_DE\/DE\/i\/btn\/btn_donate_LG.gif\" border=\"0\" name=\"submit\" title=\"PayPal - The safer, easier way to pay online!\" alt=\"Spenden mit dem PayPal-Button\" \/>\n<img loading=\"lazy\" decoding=\"async\" alt=\"\" border=\"0\" src=\"https:\/\/www.paypal.com\/de_DE\/i\/scr\/pixel.gif\" width=\"1\" height=\"1\" \/>\n<\/form>\n\n\n<div class=\"sdm_download_item \"><div class=\"sdm_download_item_top\"><div class=\"sdm_download_thumbnail\"><\/div><div class=\"sdm_download_title\">Hearts on Board<\/div><\/div><div style=\"clear:both;\"><\/div><div class=\"sdm_download_description\"><p>Ein St\u00fcck aus dem Notenheft &#8222;Band-Mix&#8220; arrangiert f\u00fcr 2-stimmiges Spiel auf dem Hackbrett (evtl. auch f\u00fcr Gitarre).<\/p>\n<p><a href=\"https:\/\/youtube.com\/shorts\/qacSAQopfGs?si=x42LZUvMz4CrBJqz\" target=\"_blank\" rel=\"noopener\">https:\/\/youtube.com\/shorts\/qacSAQopfGs?si=x42LZUvMz4CrBJqz<\/a><\/p>\n<\/div><div class=\"sdm_download_link\"><span class=\"sdm_download_button\"><a href=\"https:\/\/lasido.de\/?sdm_process_download=1&download_id=2185\" class=\"sdm_download grey\" title=\"Hearts on Board\" target=\"_self\">Jetzt herunterladen!<\/a><\/span><span class=\"sdm_download_item_count\"><span class=\"sdm_item_count_number\">349<\/span><span class=\"sdm_item_count_string\"> Downloads<\/span><\/span><\/div><\/div><div class=\"sdm_download_item \"><div class=\"sdm_download_item_top\"><div class=\"sdm_download_thumbnail\"><\/div><div class=\"sdm_download_title\">Les Cordes Jaunes<\/div><\/div><div style=\"clear:both;\"><\/div><div class=\"sdm_download_description\"><p>Ein f\u00fcr das Hackbrett-Orchester &#8222;Gelbe Saiten&#8220; komponierter Walzer in einer Duo-Fassung f\u00fcr Hackbrett und Gitarre. Das &#8222;M\u00fcnchner Saitenquintett&#8220; hat das St\u00fcck bei den BR &#8222;Wirtshausmusikanten&#8220; gespielt:<\/p>\n<p><a href=\"https:\/\/www.youtube.com\/watch?v=e1kpW6bw4F0\" target=\"_blank\" rel=\"noopener\">https:\/\/www.youtube.com\/watch?v=e1kpW6bw4F0<\/a><\/p>\n<\/div><div class=\"sdm_download_link\"><span class=\"sdm_download_button\"><a href=\"https:\/\/lasido.de\/?sdm_process_download=1&download_id=2124\" class=\"sdm_download grey\" title=\"Les Cordes Jaunes\" target=\"_self\">Jetzt herunterladen!<\/a><\/span><span class=\"sdm_download_item_count\"><span class=\"sdm_item_count_number\">789<\/span><span class=\"sdm_item_count_string\"> Downloads<\/span><\/span><\/div><\/div><div class=\"sdm_download_item \"><div class=\"sdm_download_item_top\"><div class=\"sdm_download_thumbnail\"><\/div><div class=\"sdm_download_title\">Saturday Afternoon<\/div><\/div><div style=\"clear:both;\"><\/div><div class=\"sdm_download_description\"><p>Komposition f\u00fcr Sch\u00fcler aus dem Jahr 2000. Solo oder im Ensemble spielbar. Mit Stimmen f\u00fcr Bass und Begleitgitarre.<\/p>\n<\/div><div class=\"sdm_download_link\"><span class=\"sdm_download_button\"><a href=\"https:\/\/lasido.de\/?sdm_process_download=1&download_id=2095\" class=\"sdm_download grey\" title=\"Saturday Afternoon\" target=\"_self\">Jetzt herunterladen!<\/a><\/span><span class=\"sdm_download_item_count\"><span class=\"sdm_item_count_number\">544<\/span><span class=\"sdm_item_count_string\"> Downloads<\/span><\/span><\/div><\/div><div class=\"sdm_download_item \"><div class=\"sdm_download_item_top\"><div class=\"sdm_download_thumbnail\"><\/div><div class=\"sdm_download_title\">Marsch der Hirten<\/div><\/div><div style=\"clear:both;\"><\/div><div class=\"sdm_download_description\"><p>Kleine Kompostion nicht nur f\u00fcr Weihnachten.<\/p>\n<p>Die zweite Stimme ist am besten mit einem Hackbrett zu besetzen.<\/p>\n<\/div><div class=\"sdm_download_link\"><span class=\"sdm_download_button\"><a href=\"https:\/\/lasido.de\/?sdm_process_download=1&download_id=1758\" class=\"sdm_download grey\" title=\"Marsch der Hirten\" target=\"_self\">Jetzt herunterladen!<\/a><\/span><span class=\"sdm_download_item_count\"><span class=\"sdm_item_count_number\">749<\/span><span class=\"sdm_item_count_string\"> Downloads<\/span><\/span><\/div><\/div><div class=\"sdm_download_item \"><div class=\"sdm_download_item_top\"><div class=\"sdm_download_thumbnail\"><\/div><div class=\"sdm_download_title\">Regen im Mai<\/div><\/div><div style=\"clear:both;\"><\/div><div class=\"sdm_download_description\"><p>F\u00fcr ein Melodieinstrument in C und Gitarre.<\/p>\n<p>Komposition aus dem Jahr 1999.<\/p>\n<p><a href=\"https:\/\/youtu.be\/dBdYITnMD5M\" target=\"_blank\" rel=\"noopener\">Lernvideo in der YouTube<\/a>.<\/p>\n<\/div><div class=\"sdm_download_link\"><span class=\"sdm_download_button\"><a href=\"https:\/\/lasido.de\/?sdm_process_download=1&download_id=1044\" class=\"sdm_download grey\" title=\"Regen im Mai\" target=\"_self\">Jetzt herunterladen!<\/a><\/span><span class=\"sdm_download_item_count\"><span class=\"sdm_item_count_number\">1443<\/span><span class=\"sdm_item_count_string\"> Downloads<\/span><\/span><\/div><\/div><div class=\"sdm_download_item \"><div class=\"sdm_download_item_top\"><div class=\"sdm_download_thumbnail\"><\/div><div class=\"sdm_download_title\">Dance of the Tomtits<\/div><\/div><div style=\"clear:both;\"><\/div><div class=\"sdm_download_description\"><p>F\u00fcr Hackbrett oder Gitarre solo und Akkordbegleitung.<\/p>\n<p>Ein zweistimmiger Satz ist im Notenheft <a href=\"https:\/\/lasido.de\/?page_id=671\">&#8222;Band-Mix&#8220;<\/a> ver\u00f6ffentlicht.<\/p>\n<p><a href=\"https:\/\/youtu.be\/ap5VJwC2eE8\" target=\"_blank\" rel=\"noopener\">Lernvideo in der YouTube<\/a>.<\/p>\n<\/div><div class=\"sdm_download_link\"><span class=\"sdm_download_button\"><a href=\"https:\/\/lasido.de\/?sdm_process_download=1&download_id=1039\" class=\"sdm_download grey\" title=\"Dance of the Tomtits\" target=\"_self\">Jetzt herunterladen!<\/a><\/span><span class=\"sdm_download_item_count\"><span class=\"sdm_item_count_number\">1462<\/span><span class=\"sdm_item_count_string\"> Downloads<\/span><\/span><\/div><\/div><div class=\"sdm_download_item \"><div class=\"sdm_download_item_top\"><div class=\"sdm_download_thumbnail\"><\/div><div class=\"sdm_download_title\">Venima<\/div><\/div><div style=\"clear:both;\"><\/div><div class=\"sdm_download_description\"><p>F\u00fcr Hackbrett solo.<\/p>\n<p>Ein dreistimmiges Arrangement ist im Notenheft &#8222;<a href=\"https:\/\/lasido.de\/?page_id=671\">A.benlied C.ontra D.ay C.onclusion<\/a>&#8220; ver\u00f6ffentlicht.<\/p>\n<p><a href=\"https:\/\/youtu.be\/vqhbCMUBtSw\" target=\"_blank\" rel=\"noopener\">YouTube-Video<\/a><\/p>\n<\/div><div class=\"sdm_download_link\"><span class=\"sdm_download_button\"><a href=\"https:\/\/lasido.de\/?sdm_process_download=1&download_id=1031\" class=\"sdm_download grey\" title=\"Venima\" target=\"_self\">Jetzt herunterladen!<\/a><\/span><span class=\"sdm_download_item_count\"><span class=\"sdm_item_count_number\">1420<\/span><span class=\"sdm_item_count_string\"> Downloads<\/span><\/span><\/div><\/div><div class=\"sdm_download_item \"><div class=\"sdm_download_item_top\"><div class=\"sdm_download_thumbnail\"><\/div><div class=\"sdm_download_title\">Interludium XVII &#8211; Eleno mome<\/div><\/div><div style=\"clear:both;\"><\/div><div class=\"sdm_download_description\"><p>F\u00fcr Hackbrett solo.<\/p>\n<p>Ein Zither- bzw. Ensemble-Arrangement ist in dem Heft &#8222;<a href=\"https:\/\/lasido.de\/?page_id=656\">Neun (profane) Interludien<\/a>&#8220; ver\u00f6ffentlicht.<\/p>\n<p><a href=\"https:\/\/youtu.be\/i1df8duejDI\" target=\"_blank\" rel=\"noopener\">YouTube-Video<\/a><\/p>\n<\/div><div class=\"sdm_download_link\"><span class=\"sdm_download_button\"><a href=\"https:\/\/lasido.de\/?sdm_process_download=1&download_id=1010\" class=\"sdm_download grey\" title=\"Interludium XVII &#8211; Eleno mome\" target=\"_self\">Jetzt herunterladen!<\/a><\/span><span class=\"sdm_download_item_count\"><span class=\"sdm_item_count_number\">1387<\/span><span class=\"sdm_item_count_string\"> Downloads<\/span><\/span><\/div><\/div><div class=\"sdm_download_item \"><div class=\"sdm_download_item_top\"><div class=\"sdm_download_thumbnail\"><\/div><div class=\"sdm_download_title\">Yellowgreen<\/div><\/div><div style=\"clear:both;\"><\/div><div class=\"sdm_download_description\"><p>F\u00fcr Saitentrio (Hackbrett, Zither, Gitarre).<\/p>\n<p>Aufnahme des &#8222;<a href=\"http:\/\/www.saitentrio.de\" target=\"_blank\" rel=\"noopener\">Lanzinger Trios<\/a>&#8222;: <a href=\"https:\/\/youtu.be\/3Px1ClH8cqM\" target=\"_blank\" rel=\"noopener\">https:\/\/youtu.be\/3Px1ClH8cqM<\/a><\/p>\n<\/div><div class=\"sdm_download_link\"><span class=\"sdm_download_button\"><a href=\"https:\/\/lasido.de\/?sdm_process_download=1&download_id=1008\" class=\"sdm_download grey\" title=\"Yellowgreen\" target=\"_self\">Jetzt herunterladen!<\/a><\/span><span class=\"sdm_download_item_count\"><span class=\"sdm_item_count_number\">1615<\/span><span class=\"sdm_item_count_string\"> Downloads<\/span><\/span><\/div><\/div><div class=\"sdm_download_item \"><div class=\"sdm_download_item_top\"><div class=\"sdm_download_thumbnail\"><\/div><div class=\"sdm_download_title\">Rocking Christmas<\/div><\/div><div style=\"clear:both;\"><\/div><div class=\"sdm_download_description\"><p>Einfaches Weihnachtslied nicht nur f\u00fcr den Musikunterricht, einstimmig mit Akkorden.<\/p>\n<p><a href=\"https:\/\/www.youtube.com\/watch?v=y-WrTDBeqXM\" target=\"_blank\" rel=\"noopener\">YouTube-Video<\/a><\/p>\n<\/div><div class=\"sdm_download_link\"><span class=\"sdm_download_button\"><a href=\"https:\/\/lasido.de\/?sdm_process_download=1&download_id=971\" class=\"sdm_download grey\" title=\"Rocking Christmas\" target=\"_self\">Jetzt herunterladen!<\/a><\/span><span class=\"sdm_download_item_count\"><span class=\"sdm_item_count_number\">1555<\/span><span class=\"sdm_item_count_string\"> Downloads<\/span><\/span><\/div><\/div><div class=\"sdm_download_item \"><div class=\"sdm_download_item_top\"><div class=\"sdm_download_thumbnail\"><\/div><div class=\"sdm_download_title\">Sonnenschnee<\/div><\/div><div style=\"clear:both;\"><\/div><div class=\"sdm_download_description\"><p>F\u00fcr drei Melodieinstrumente und Begleitung.<\/p>\n<p><a href=\"https:\/\/www.youtube.com\/watch?v=qAyfNmjTPcI\" target=\"_blank\" rel=\"noopener\">YouTube-Video<\/a><\/p>\n<\/div><div class=\"sdm_download_link\"><span class=\"sdm_download_button\"><a href=\"https:\/\/lasido.de\/?sdm_process_download=1&download_id=895\" class=\"sdm_download grey\" title=\"Sonnenschnee\" target=\"_blank\">Jetzt herunterladen!<\/a><\/span><span class=\"sdm_download_item_count\"><span class=\"sdm_item_count_number\">1712<\/span><span class=\"sdm_item_count_string\"> Downloads<\/span><\/span><\/div><\/div><div class=\"sdm_clear_float\"><\/div>\n","protected":false},"excerpt":{"rendered":"<p>Hier kann man f\u00fcr den Service spenden:<\/p>\n","protected":false},"author":1,"featured_media":0,"parent":896,"menu_order":1,"comment_status":"closed","ping_status":"closed","template":"","meta":{"footnotes":""},"class_list":["post-1647","page","type-page","status-publish","hentry"],"_links":{"self":[{"href":"https:\/\/lasido.de\/index.php?rest_route=\/wp\/v2\/pages\/1647","targetHints":{"allow":["GET"]}}],"collection":[{"href":"https:\/\/lasido.de\/index.php?rest_route=\/wp\/v2\/pages"}],"about":[{"href":"https:\/\/lasido.de\/index.php?rest_route=\/wp\/v2\/types\/page"}],"author":[{"embeddable":true,"href":"https:\/\/lasido.de\/index.php?rest_route=\/wp\/v2\/users\/1"}],"replies":[{"embeddable":true,"href":"https:\/\/lasido.de\/index.php?rest_route=%2Fwp%2Fv2%2Fcomments&post=1647"}],"version-history":[{"count":4,"href":"https:\/\/lasido.de\/index.php?rest_route=\/wp\/v2\/pages\/1647\/revisions"}],"predecessor-version":[{"id":2039,"href":"https:\/\/lasido.de\/index.php?rest_route=\/wp\/v2\/pages\/1647\/revisions\/2039"}],"up":[{"embeddable":true,"href":"https:\/\/lasido.de\/index.php?rest_route=\/wp\/v2\/pages\/896"}],"wp:attachment":[{"href":"https:\/\/lasido.de\/index.php?rest_route=%2Fwp%2Fv2%2Fmedia&parent=1647"}],"curies":[{"name":"wp","href":"https:\/\/api.w.org\/{rel}","templated":true}]}}