{"id":1650,"date":"2024-02-20T21:13:03","date_gmt":"2024-02-20T19:13:03","guid":{"rendered":"https:\/\/lasido.de\/?page_id=1650"},"modified":"2025-03-09T21:12:15","modified_gmt":"2025-03-09T19:12:15","slug":"traditionell","status":"publish","type":"page","link":"https:\/\/lasido.de\/?page_id=1650","title":{"rendered":"Traditionell"},"content":{"rendered":"\n<hr class=\"wp-block-separator has-alpha-channel-opacity is-style-wide is-style-wide--1\"\/>\n\n\n\n<p>Hier kann man f\u00fcr den Service spenden:<\/p>\n\n\n\n<form action=\"https:\/\/www.paypal.com\/donate\" method=\"post\" target=\"_top\">\n<input type=\"hidden\" name=\"hosted_button_id\" value=\"XXCKV2GPVTW6Y\" \/>\n<input type=\"image\" src=\"https:\/\/www.paypalobjects.com\/de_DE\/DE\/i\/btn\/btn_donate_LG.gif\" border=\"0\" name=\"submit\" title=\"PayPal - The safer, easier way to pay online!\" alt=\"Spenden mit dem PayPal-Button\" \/>\n<img loading=\"lazy\" decoding=\"async\" alt=\"\" border=\"0\" src=\"https:\/\/www.paypal.com\/de_DE\/i\/scr\/pixel.gif\" width=\"1\" height=\"1\" \/>\n<\/form>\n\n\n<div class=\"sdm_download_item \"><div class=\"sdm_download_item_top\"><div class=\"sdm_download_thumbnail\"><\/div><div class=\"sdm_download_title\">Brenztaler Menuett<\/div><\/div><div style=\"clear:both;\"><\/div><div class=\"sdm_download_description\"><p>Kleine Komposition f\u00fcr das Ensemble-Spiel, 2 oder 3 Stimmen plus Gitarre. Einer langj\u00e4hrigen, erwachsenen Sch\u00fclerin gewidmet.<\/p>\n<\/div><div class=\"sdm_download_link\"><span class=\"sdm_download_button\"><a href=\"https:\/\/lasido.de\/?sdm_process_download=1&download_id=2310\" class=\"sdm_download grey\" title=\"Brenztaler Menuett\" target=\"_self\">Jetzt herunterladen!<\/a><\/span><span class=\"sdm_download_item_count\"><span class=\"sdm_item_count_number\">130<\/span><span class=\"sdm_item_count_string\"> Downloads<\/span><\/span><\/div><\/div><div class=\"sdm_download_item \"><div class=\"sdm_download_item_top\"><div class=\"sdm_download_thumbnail\"><\/div><div class=\"sdm_download_title\">Les Cordes Jaunes<\/div><\/div><div style=\"clear:both;\"><\/div><div class=\"sdm_download_description\"><p>Ein f\u00fcr das Hackbrett-Orchester &#8222;Gelbe Saiten&#8220; komponierter Walzer in einer Duo-Fassung f\u00fcr Hackbrett und Gitarre. Das &#8222;M\u00fcnchner Saitenquintett&#8220; hat das St\u00fcck bei den BR &#8222;Wirtshausmusikanten&#8220; gespielt:<\/p>\n<p><a href=\"https:\/\/www.youtube.com\/watch?v=e1kpW6bw4F0\" target=\"_blank\" rel=\"noopener\">https:\/\/www.youtube.com\/watch?v=e1kpW6bw4F0<\/a><\/p>\n<\/div><div class=\"sdm_download_link\"><span class=\"sdm_download_button\"><a href=\"https:\/\/lasido.de\/?sdm_process_download=1&download_id=2124\" class=\"sdm_download grey\" title=\"Les Cordes Jaunes\" target=\"_self\">Jetzt herunterladen!<\/a><\/span><span class=\"sdm_download_item_count\"><span class=\"sdm_item_count_number\">816<\/span><span class=\"sdm_item_count_string\"> Downloads<\/span><\/span><\/div><\/div><div class=\"sdm_download_item \"><div class=\"sdm_download_item_top\"><div class=\"sdm_download_thumbnail\"><\/div><div class=\"sdm_download_title\">12\u00b0 Weihnachts-Rheinl\u00e4nder<\/div><\/div><div style=\"clear:both;\"><\/div><div class=\"sdm_download_description\"><p>Dieses Volksmusik-St\u00fcck entstand f\u00fcr meine Diplomarbeit im Jahr 2002. (siehe <a href=\"http:\/\/www.volksmusikbass.de\" target=\"_blank\" rel=\"noopener\">www.volksmusikbass.de<\/a>) Der dritte Teil wurde sp\u00e4ter erg\u00e4nzt und ist eine Bearbeitung des Winterliedes &#8222;Schneefl\u00f6ckchen, Wei\u00dfr\u00f6ckchen&#8220;.<\/p>\n<\/div><div class=\"sdm_download_link\"><span class=\"sdm_download_button\"><a href=\"https:\/\/lasido.de\/?sdm_process_download=1&download_id=1936\" class=\"sdm_download grey\" title=\"12\u00b0 Weihnachts-Rheinl\u00e4nder\" target=\"_self\">Jetzt herunterladen!<\/a><\/span><span class=\"sdm_download_item_count\"><span class=\"sdm_item_count_number\">553<\/span><span class=\"sdm_item_count_string\"> Downloads<\/span><\/span><\/div><\/div><div class=\"sdm_download_item \"><div class=\"sdm_download_item_top\"><div class=\"sdm_download_thumbnail\"><\/div><div class=\"sdm_download_title\">Neunzehnhundertdreiundzwanziger Landler<\/div><\/div><div style=\"clear:both;\"><\/div><div class=\"sdm_download_description\"><p>Die 3. Stimme ist nicht obligat. Wenn sie nicht besetzt wird, kann im D und E Teil die 1. Stimme 2-stimmig spielen. (Stichnoten)<\/p>\n<\/div><div class=\"sdm_download_link\"><span class=\"sdm_download_button\"><a href=\"https:\/\/lasido.de\/?sdm_process_download=1&download_id=1867\" class=\"sdm_download grey\" title=\"Neunzehnhundertdreiundzwanziger Landler\" target=\"_self\">Jetzt herunterladen!<\/a><\/span><span class=\"sdm_download_item_count\"><span class=\"sdm_item_count_number\">779<\/span><span class=\"sdm_item_count_string\"> Downloads<\/span><\/span><\/div><\/div><div class=\"sdm_download_item \"><div class=\"sdm_download_item_top\"><div class=\"sdm_download_thumbnail\"><\/div><div class=\"sdm_download_title\">Einstein Landler<\/div><\/div><div style=\"clear:both;\"><\/div><div class=\"sdm_download_description\"><p>Dieser Landler ist mit einer GEMA-NK-Lizenz ver\u00f6ffentlicht und kann unter bestimmten Vorraussetzungen kostenfrei aufgef\u00fchrt werden, z.B. auf GEMA-freien Volksmusikveranstaltungen. Weitere Infos zur NK-Lizenz unter <a href=\"http:\/\/www.gema.de\" target=\"_blank\" rel=\"noopener\">www.gema.de<\/a>.<\/p>\n<p>Um die n\u00f6tigen Dokumente f\u00fcr die kostenlose Lizenzierung an zu fordern, einfach eine kurze Nachricht schicken, z.B. \u00fcber den Kontakt-Button auf der Startseite.<\/p>\n<\/div><div class=\"sdm_download_link\"><span class=\"sdm_download_button\"><a href=\"https:\/\/lasido.de\/?sdm_process_download=1&download_id=1731\" class=\"sdm_download grey\" title=\"Einstein Landler\" target=\"_self\">Jetzt herunterladen!<\/a><\/span><span class=\"sdm_download_item_count\"><span class=\"sdm_item_count_number\">777<\/span><span class=\"sdm_item_count_string\"> Downloads<\/span><\/span><\/div><\/div><div class=\"sdm_download_item \"><div class=\"sdm_download_item_top\"><div class=\"sdm_download_thumbnail\"><\/div><div class=\"sdm_download_title\">In der Bauernstub<\/div><\/div><div style=\"clear:both;\"><\/div><div class=\"sdm_download_description\"><p>Eine meiner ersten Kompositionen f\u00fcr Volksmusik-Ensembles aus den Anfang 90er Jahren.<\/p>\n<\/div><div class=\"sdm_download_link\"><span class=\"sdm_download_button\"><a href=\"https:\/\/lasido.de\/?sdm_process_download=1&download_id=1629\" class=\"sdm_download grey\" title=\"In der Bauernstub\" target=\"_self\">Jetzt herunterladen!<\/a><\/span><span class=\"sdm_download_item_count\"><span class=\"sdm_item_count_number\">1124<\/span><span class=\"sdm_item_count_string\"> Downloads<\/span><\/span><\/div><\/div><div class=\"sdm_download_item \"><div class=\"sdm_download_item_top\"><div class=\"sdm_download_thumbnail\"><\/div><div class=\"sdm_download_title\">Altenberger Hackbrett Polka<\/div><\/div><div style=\"clear:both;\"><\/div><div class=\"sdm_download_description\"><p>F\u00fcr Hackbrett solo und Volksmusikbegleitung (Gitarre, Harfe, Kontrabass, etc.)<\/p>\n<p>Aus dem Repertoire der &#8222;Syrgensteiner Volksmusik&#8220;, 1997<\/p>\n<p><a href=\"https:\/\/youtu.be\/nKhDyCJRUcM\" target=\"_blank\" rel=\"noopener\">YouTube-Video<\/a><\/p>\n<\/div><div class=\"sdm_download_link\"><span class=\"sdm_download_button\"><a href=\"https:\/\/lasido.de\/?sdm_process_download=1&download_id=1035\" class=\"sdm_download grey\" title=\"Altenberger Hackbrett Polka\" target=\"_self\">Jetzt herunterladen!<\/a><\/span><span class=\"sdm_download_item_count\"><span class=\"sdm_item_count_number\">1652<\/span><span class=\"sdm_item_count_string\"> Downloads<\/span><\/span><\/div><\/div><div class=\"sdm_download_item \"><div class=\"sdm_download_item_top\"><div class=\"sdm_download_thumbnail\"><\/div><div class=\"sdm_download_title\">Geisterstunden Polka<\/div><\/div><div style=\"clear:both;\"><\/div><div class=\"sdm_download_description\"><p>F\u00fcr drei Melodieinstrumente und Begleitung.<\/p>\n<p>Aufnahme der Gruppe &#8222;Nord Ost Saitig&#8220;: <a href=\"https:\/\/www.youtube.com\/watch?v=61CzZy90lWM\" target=\"_blank\" rel=\"noopener\">https:\/\/www.youtube.com\/watch?v=61CzZy90lWM<\/a><\/p>\n<\/div><div class=\"sdm_download_link\"><span class=\"sdm_download_button\"><a href=\"https:\/\/lasido.de\/?sdm_process_download=1&download_id=999\" class=\"sdm_download grey\" title=\"Geisterstunden Polka\" target=\"_blank\">Jetzt herunterladen!<\/a><\/span><span class=\"sdm_download_item_count\"><span class=\"sdm_item_count_number\">1719<\/span><span class=\"sdm_item_count_string\"> Downloads<\/span><\/span><\/div><\/div><div class=\"sdm_download_item \"><div class=\"sdm_download_item_top\"><div class=\"sdm_download_thumbnail\"><\/div><div class=\"sdm_download_title\">St. Karls Menuett<\/div><\/div><div style=\"clear:both;\"><\/div><div class=\"sdm_download_description\"><p>F\u00fcr drei Melodieinstrumente und Begleitung.<\/p>\n<\/div><div class=\"sdm_download_link\"><span class=\"sdm_download_button\"><a href=\"https:\/\/lasido.de\/?sdm_process_download=1&download_id=966\" class=\"sdm_download grey\" title=\"St. Karls Menuett\" target=\"_self\">Jetzt herunterladen!<\/a><\/span><span class=\"sdm_download_item_count\"><span class=\"sdm_item_count_number\">1733<\/span><span class=\"sdm_item_count_string\"> Downloads<\/span><\/span><\/div><\/div><div class=\"sdm_clear_float\"><\/div>\n","protected":false},"excerpt":{"rendered":"<p>Hier kann man f\u00fcr den Service spenden:<\/p>\n","protected":false},"author":1,"featured_media":0,"parent":896,"menu_order":2,"comment_status":"closed","ping_status":"closed","template":"","meta":{"footnotes":""},"class_list":["post-1650","page","type-page","status-publish","hentry"],"_links":{"self":[{"href":"https:\/\/lasido.de\/index.php?rest_route=\/wp\/v2\/pages\/1650","targetHints":{"allow":["GET"]}}],"collection":[{"href":"https:\/\/lasido.de\/index.php?rest_route=\/wp\/v2\/pages"}],"about":[{"href":"https:\/\/lasido.de\/index.php?rest_route=\/wp\/v2\/types\/page"}],"author":[{"embeddable":true,"href":"https:\/\/lasido.de\/index.php?rest_route=\/wp\/v2\/users\/1"}],"replies":[{"embeddable":true,"href":"https:\/\/lasido.de\/index.php?rest_route=%2Fwp%2Fv2%2Fcomments&post=1650"}],"version-history":[{"count":3,"href":"https:\/\/lasido.de\/index.php?rest_route=\/wp\/v2\/pages\/1650\/revisions"}],"predecessor-version":[{"id":2040,"href":"https:\/\/lasido.de\/index.php?rest_route=\/wp\/v2\/pages\/1650\/revisions\/2040"}],"up":[{"embeddable":true,"href":"https:\/\/lasido.de\/index.php?rest_route=\/wp\/v2\/pages\/896"}],"wp:attachment":[{"href":"https:\/\/lasido.de\/index.php?rest_route=%2Fwp%2Fv2%2Fmedia&parent=1650"}],"curies":[{"name":"wp","href":"https:\/\/api.w.org\/{rel}","templated":true}]}}