{"id":1674,"date":"2024-02-26T13:29:51","date_gmt":"2024-02-26T11:29:51","guid":{"rendered":"https:\/\/lasido.de\/?page_id=1674"},"modified":"2024-02-26T13:33:07","modified_gmt":"2024-02-26T11:33:07","slug":"musiker","status":"publish","type":"page","link":"https:\/\/lasido.de\/?page_id=1674","title":{"rendered":"Musiker"},"content":{"rendered":"\n<div class=\"wp-block-columns is-layout-flex wp-container-core-columns-is-layout-28f84493 wp-block-columns-is-layout-flex\">\n<div class=\"wp-block-column is-layout-flow wp-block-column-is-layout-flow\">\n<figure class=\"wp-block-image size-large is-style-default\"><a href=\"https:\/\/lasido.de\/wordpress\/wp-content\/uploads\/2021\/01\/Jo\u0308rg-live-2016-scaled.jpg\"><img loading=\"lazy\" decoding=\"async\" width=\"683\" height=\"1024\" src=\"https:\/\/lasido.de\/wordpress\/wp-content\/uploads\/2021\/01\/Jo\u0308rg-live-2016-683x1024.jpg\" alt=\"\" class=\"wp-image-913\" style=\"aspect-ratio:9\/16;object-fit:cover\" srcset=\"https:\/\/lasido.de\/wordpress\/wp-content\/uploads\/2021\/01\/Jo\u0308rg-live-2016-683x1024.jpg 683w, https:\/\/lasido.de\/wordpress\/wp-content\/uploads\/2021\/01\/Jo\u0308rg-live-2016-200x300.jpg 200w, https:\/\/lasido.de\/wordpress\/wp-content\/uploads\/2021\/01\/Jo\u0308rg-live-2016-768x1152.jpg 768w, https:\/\/lasido.de\/wordpress\/wp-content\/uploads\/2021\/01\/Jo\u0308rg-live-2016-1024x1536.jpg 1024w, https:\/\/lasido.de\/wordpress\/wp-content\/uploads\/2021\/01\/Jo\u0308rg-live-2016-1365x2048.jpg 1365w, https:\/\/lasido.de\/wordpress\/wp-content\/uploads\/2021\/01\/Jo\u0308rg-live-2016-scaled.jpg 1707w\" sizes=\"auto, (max-width: 683px) 100vw, 683px\" \/><\/a><\/figure>\n<\/div>\n\n\n\n<div class=\"wp-block-column is-layout-flow wp-block-column-is-layout-flow\">\n<figure class=\"wp-block-image size-large is-style-default\"><a href=\"https:\/\/lasido.de\/wordpress\/wp-content\/uploads\/2023\/10\/In-Aktion-2019-2-scaled.jpg\"><img loading=\"lazy\" decoding=\"async\" width=\"683\" height=\"1024\" src=\"https:\/\/lasido.de\/wordpress\/wp-content\/uploads\/2023\/10\/In-Aktion-2019-2-683x1024.jpg\" alt=\"\" class=\"wp-image-1504\" style=\"aspect-ratio:9\/16;object-fit:cover\" srcset=\"https:\/\/lasido.de\/wordpress\/wp-content\/uploads\/2023\/10\/In-Aktion-2019-2-683x1024.jpg 683w, https:\/\/lasido.de\/wordpress\/wp-content\/uploads\/2023\/10\/In-Aktion-2019-2-200x300.jpg 200w, https:\/\/lasido.de\/wordpress\/wp-content\/uploads\/2023\/10\/In-Aktion-2019-2-768x1152.jpg 768w, https:\/\/lasido.de\/wordpress\/wp-content\/uploads\/2023\/10\/In-Aktion-2019-2-1024x1536.jpg 1024w, https:\/\/lasido.de\/wordpress\/wp-content\/uploads\/2023\/10\/In-Aktion-2019-2-1365x2048.jpg 1365w, https:\/\/lasido.de\/wordpress\/wp-content\/uploads\/2023\/10\/In-Aktion-2019-2-scaled.jpg 1707w\" sizes=\"auto, (max-width: 683px) 100vw, 683px\" \/><\/a><\/figure>\n<\/div>\n\n\n\n<div class=\"wp-block-column is-layout-flow wp-block-column-is-layout-flow\">\n<figure class=\"wp-block-image size-large is-style-default\"><a href=\"https:\/\/lasido.de\/wordpress\/wp-content\/uploads\/2021\/01\/Jo\u0308rg-live-2015.jpg\"><img loading=\"lazy\" decoding=\"async\" width=\"580\" height=\"1024\" src=\"https:\/\/lasido.de\/wordpress\/wp-content\/uploads\/2021\/01\/Jo\u0308rg-live-2015-580x1024.jpg\" alt=\"\" class=\"wp-image-912\" style=\"aspect-ratio:9\/16;object-fit:cover\" srcset=\"https:\/\/lasido.de\/wordpress\/wp-content\/uploads\/2021\/01\/Jo\u0308rg-live-2015-580x1024.jpg 580w, https:\/\/lasido.de\/wordpress\/wp-content\/uploads\/2021\/01\/Jo\u0308rg-live-2015-170x300.jpg 170w, https:\/\/lasido.de\/wordpress\/wp-content\/uploads\/2021\/01\/Jo\u0308rg-live-2015-600x1059.jpg 600w, https:\/\/lasido.de\/wordpress\/wp-content\/uploads\/2021\/01\/Jo\u0308rg-live-2015.jpg 698w\" sizes=\"auto, (max-width: 580px) 100vw, 580px\" \/><\/a><\/figure>\n<\/div>\n<\/div>\n\n\n\n<p>J\u00f6rg Lanzinger ist Multiinstrumentalist.<\/p>\n\n\n\n<p>Studiert hat er Hackbrett, Zither und Kontrabass (p\u00e4dagogische Studieng\u00e4nge mit jeweiliger Lehrberechtigung).<\/p>\n\n\n\n<p>\u00d6ffentlich musiziert(e) er zudem auf Gitarre, E-Bass, Trompete, Fl\u00fcgelhorn und Tenorhorn.<\/p>\n\n\n\n<p>F\u00fcr den Hausgebrauch beherrscht er auch Klavier und Schlagzeug.<\/p>\n\n\n\n<p>Er tritt solo auf, musiziert in kleinen Ensembles und spielt oder dirigiert in Orchestern oder Ch\u00f6ren.<\/p>\n\n\n\n<p>In unterschiedlichen Besetzungen gastiert er auf B\u00fchnen im In- und Ausland (z.B. USA, Japan, Schottland, Bulgarien, Slowakei, Schweiz, \u00d6sterreich).<\/p>\n\n\n\n<p>Seit 1994 ist er regelm\u00e4\u00dfig Teil von musikalischen Produktionen (Tontr\u00e4ger, Radio- oder TV-Sendungen, Musiktheater).<\/p>\n\n\n\n<p>Er ist Initiator und musikalischer Leiter zahlreicher Veranstaltungs- und Festivalreihen, z.B.\u00a0<a href=\"https:\/\/www.hackbrett.de\/\" target=\"_blank\" rel=\"noreferrer noopener\">hackbrett.xx<\/a>, Syrgensteiner Adventssingen, Bachtal-Jugend-Musikfestival, \u2026<\/p>\n\n\n\n<p><\/p>\n","protected":false},"excerpt":{"rendered":"<p>J\u00f6rg Lanzinger ist Multiinstrumentalist. Studiert hat er Hackbrett, Zither und Kontrabass (p\u00e4dagogische Studieng\u00e4nge mit jeweiliger Lehrberechtigung). \u00d6ffentlich musiziert(e) er zudem auf Gitarre, E-Bass, Trompete, Fl\u00fcgelhorn und Tenorhorn. F\u00fcr den Hausgebrauch beherrscht er auch Klavier und Schlagzeug. Er tritt solo auf, musiziert in kleinen Ensembles und spielt oder dirigiert in Orchestern oder Ch\u00f6ren. In unterschiedlichen Besetzungen [&hellip;]<\/p>\n","protected":false},"author":1,"featured_media":0,"parent":299,"menu_order":1,"comment_status":"closed","ping_status":"closed","template":"","meta":{"footnotes":""},"class_list":["post-1674","page","type-page","status-publish","hentry"],"_links":{"self":[{"href":"https:\/\/lasido.de\/index.php?rest_route=\/wp\/v2\/pages\/1674","targetHints":{"allow":["GET"]}}],"collection":[{"href":"https:\/\/lasido.de\/index.php?rest_route=\/wp\/v2\/pages"}],"about":[{"href":"https:\/\/lasido.de\/index.php?rest_route=\/wp\/v2\/types\/page"}],"author":[{"embeddable":true,"href":"https:\/\/lasido.de\/index.php?rest_route=\/wp\/v2\/users\/1"}],"replies":[{"embeddable":true,"href":"https:\/\/lasido.de\/index.php?rest_route=%2Fwp%2Fv2%2Fcomments&post=1674"}],"version-history":[{"count":2,"href":"https:\/\/lasido.de\/index.php?rest_route=\/wp\/v2\/pages\/1674\/revisions"}],"predecessor-version":[{"id":1680,"href":"https:\/\/lasido.de\/index.php?rest_route=\/wp\/v2\/pages\/1674\/revisions\/1680"}],"up":[{"embeddable":true,"href":"https:\/\/lasido.de\/index.php?rest_route=\/wp\/v2\/pages\/299"}],"wp:attachment":[{"href":"https:\/\/lasido.de\/index.php?rest_route=%2Fwp%2Fv2%2Fmedia&parent=1674"}],"curies":[{"name":"wp","href":"https:\/\/api.w.org\/{rel}","templated":true}]}}