{"id":1681,"date":"2024-02-26T13:33:55","date_gmt":"2024-02-26T11:33:55","guid":{"rendered":"https:\/\/lasido.de\/?page_id=1681"},"modified":"2024-02-26T13:33:55","modified_gmt":"2024-02-26T11:33:55","slug":"komponist","status":"publish","type":"page","link":"https:\/\/lasido.de\/?page_id=1681","title":{"rendered":"Komponist"},"content":{"rendered":"\n<div class=\"wp-block-columns is-layout-flex wp-container-core-columns-is-layout-28f84493 wp-block-columns-is-layout-flex\">\n<div class=\"wp-block-column is-layout-flow wp-block-column-is-layout-flow\">\n<figure class=\"wp-block-image size-large is-style-default\"><a href=\"https:\/\/lasido.de\/wordpress\/wp-content\/uploads\/2020\/06\/Noten-4.png\"><img loading=\"lazy\" decoding=\"async\" width=\"724\" height=\"1024\" src=\"https:\/\/lasido.de\/wordpress\/wp-content\/uploads\/2020\/06\/Noten-4-724x1024.png\" alt=\"\" class=\"wp-image-701\" style=\"aspect-ratio:3\/4;object-fit:cover\" srcset=\"https:\/\/lasido.de\/wordpress\/wp-content\/uploads\/2020\/06\/Noten-4-724x1024.png 724w, https:\/\/lasido.de\/wordpress\/wp-content\/uploads\/2020\/06\/Noten-4-600x849.png 600w, https:\/\/lasido.de\/wordpress\/wp-content\/uploads\/2020\/06\/Noten-4-212x300.png 212w, https:\/\/lasido.de\/wordpress\/wp-content\/uploads\/2020\/06\/Noten-4-768x1086.png 768w, https:\/\/lasido.de\/wordpress\/wp-content\/uploads\/2020\/06\/Noten-4-1086x1536.png 1086w, https:\/\/lasido.de\/wordpress\/wp-content\/uploads\/2020\/06\/Noten-4-210x297.png 210w, https:\/\/lasido.de\/wordpress\/wp-content\/uploads\/2020\/06\/Noten-4-315x446.png 315w, https:\/\/lasido.de\/wordpress\/wp-content\/uploads\/2020\/06\/Noten-4-420x594.png 420w, https:\/\/lasido.de\/wordpress\/wp-content\/uploads\/2020\/06\/Noten-4.png 1240w\" sizes=\"auto, (max-width: 724px) 100vw, 724px\" \/><\/a><\/figure>\n<\/div>\n\n\n\n<div class=\"wp-block-column is-layout-flow wp-block-column-is-layout-flow\">\n<figure class=\"wp-block-image size-large is-style-default\"><a href=\"https:\/\/lasido.de\/wordpress\/wp-content\/uploads\/2020\/06\/Noten-1.png\"><img loading=\"lazy\" decoding=\"async\" width=\"724\" height=\"1024\" src=\"https:\/\/lasido.de\/wordpress\/wp-content\/uploads\/2020\/06\/Noten-1-724x1024.png\" alt=\"\" class=\"wp-image-698\" style=\"aspect-ratio:3\/4;object-fit:cover\" srcset=\"https:\/\/lasido.de\/wordpress\/wp-content\/uploads\/2020\/06\/Noten-1-724x1024.png 724w, https:\/\/lasido.de\/wordpress\/wp-content\/uploads\/2020\/06\/Noten-1-600x848.png 600w, https:\/\/lasido.de\/wordpress\/wp-content\/uploads\/2020\/06\/Noten-1-212x300.png 212w, https:\/\/lasido.de\/wordpress\/wp-content\/uploads\/2020\/06\/Noten-1-768x1086.png 768w, https:\/\/lasido.de\/wordpress\/wp-content\/uploads\/2020\/06\/Noten-1-1087x1536.png 1087w, https:\/\/lasido.de\/wordpress\/wp-content\/uploads\/2020\/06\/Noten-1-210x297.png 210w, https:\/\/lasido.de\/wordpress\/wp-content\/uploads\/2020\/06\/Noten-1-315x446.png 315w, https:\/\/lasido.de\/wordpress\/wp-content\/uploads\/2020\/06\/Noten-1-420x594.png 420w, https:\/\/lasido.de\/wordpress\/wp-content\/uploads\/2020\/06\/Noten-1.png 1240w\" sizes=\"auto, (max-width: 724px) 100vw, 724px\" \/><\/a><\/figure>\n<\/div>\n\n\n\n<div class=\"wp-block-column is-layout-flow wp-block-column-is-layout-flow\">\n<figure class=\"wp-block-image size-large is-style-default\"><a href=\"https:\/\/lasido.de\/wordpress\/wp-content\/uploads\/2020\/06\/Noten-5.png\"><img loading=\"lazy\" decoding=\"async\" width=\"724\" height=\"1024\" src=\"https:\/\/lasido.de\/wordpress\/wp-content\/uploads\/2020\/06\/Noten-5-724x1024.png\" alt=\"\" class=\"wp-image-702\" style=\"aspect-ratio:3\/4;object-fit:cover\" srcset=\"https:\/\/lasido.de\/wordpress\/wp-content\/uploads\/2020\/06\/Noten-5-724x1024.png 724w, https:\/\/lasido.de\/wordpress\/wp-content\/uploads\/2020\/06\/Noten-5-600x849.png 600w, https:\/\/lasido.de\/wordpress\/wp-content\/uploads\/2020\/06\/Noten-5-212x300.png 212w, https:\/\/lasido.de\/wordpress\/wp-content\/uploads\/2020\/06\/Noten-5-768x1086.png 768w, https:\/\/lasido.de\/wordpress\/wp-content\/uploads\/2020\/06\/Noten-5-1086x1536.png 1086w, https:\/\/lasido.de\/wordpress\/wp-content\/uploads\/2020\/06\/Noten-5-210x297.png 210w, https:\/\/lasido.de\/wordpress\/wp-content\/uploads\/2020\/06\/Noten-5-315x446.png 315w, https:\/\/lasido.de\/wordpress\/wp-content\/uploads\/2020\/06\/Noten-5-420x594.png 420w, https:\/\/lasido.de\/wordpress\/wp-content\/uploads\/2020\/06\/Noten-5.png 1240w\" sizes=\"auto, (max-width: 724px) 100vw, 724px\" \/><\/a><\/figure>\n<\/div>\n<\/div>\n\n\n\n<p>Der Fokus der kompositorischen T\u00e4tigkeit liegt auf dem Schreiben von St\u00fccken f\u00fcr die eigenen Ensembles, sowie auf das Erstellen von Spielliteratur f\u00fcr den Instrumentalunterricht.<\/p>\n\n\n\n<p>Ergebnis dieser T\u00e4tigkeit sind zahlreiche&nbsp;<a href=\"https:\/\/lasido.de\/?page_id=52\">Notenhefte<\/a>&nbsp;und&nbsp;<a href=\"https:\/\/lasido.de\/?page_id=431\">CD-Produktionen<\/a>&nbsp;mit eigenen Kompositionen.<\/p>\n\n\n\n<p>Hinzu kommt das Arrangieren von Musikst\u00fccken, vor allem f\u00fcr die eigenen Ensembles, wie dem Hackbrett-Orchester &#8222;<a href=\"http:\/\/www.hackbrett.de\" target=\"_blank\" rel=\"noreferrer noopener\">Gelbe Saiten<\/a>&#8220; oder dem gemischten Chor des Gesangverein Hermaringen.<\/p>\n","protected":false},"excerpt":{"rendered":"<p>Der Fokus der kompositorischen T\u00e4tigkeit liegt auf dem Schreiben von St\u00fccken f\u00fcr die eigenen Ensembles, sowie auf das Erstellen von Spielliteratur f\u00fcr den Instrumentalunterricht. Ergebnis dieser T\u00e4tigkeit sind zahlreiche&nbsp;Notenhefte&nbsp;und&nbsp;CD-Produktionen&nbsp;mit eigenen Kompositionen. Hinzu kommt das Arrangieren von Musikst\u00fccken, vor allem f\u00fcr die eigenen Ensembles, wie dem Hackbrett-Orchester &#8222;Gelbe Saiten&#8220; oder dem gemischten Chor des Gesangverein Hermaringen.<\/p>\n","protected":false},"author":1,"featured_media":0,"parent":299,"menu_order":3,"comment_status":"closed","ping_status":"closed","template":"","meta":{"footnotes":""},"class_list":["post-1681","page","type-page","status-publish","hentry"],"_links":{"self":[{"href":"https:\/\/lasido.de\/index.php?rest_route=\/wp\/v2\/pages\/1681","targetHints":{"allow":["GET"]}}],"collection":[{"href":"https:\/\/lasido.de\/index.php?rest_route=\/wp\/v2\/pages"}],"about":[{"href":"https:\/\/lasido.de\/index.php?rest_route=\/wp\/v2\/types\/page"}],"author":[{"embeddable":true,"href":"https:\/\/lasido.de\/index.php?rest_route=\/wp\/v2\/users\/1"}],"replies":[{"embeddable":true,"href":"https:\/\/lasido.de\/index.php?rest_route=%2Fwp%2Fv2%2Fcomments&post=1681"}],"version-history":[{"count":1,"href":"https:\/\/lasido.de\/index.php?rest_route=\/wp\/v2\/pages\/1681\/revisions"}],"predecessor-version":[{"id":1682,"href":"https:\/\/lasido.de\/index.php?rest_route=\/wp\/v2\/pages\/1681\/revisions\/1682"}],"up":[{"embeddable":true,"href":"https:\/\/lasido.de\/index.php?rest_route=\/wp\/v2\/pages\/299"}],"wp:attachment":[{"href":"https:\/\/lasido.de\/index.php?rest_route=%2Fwp%2Fv2%2Fmedia&parent=1681"}],"curies":[{"name":"wp","href":"https:\/\/api.w.org\/{rel}","templated":true}]}}