{"id":2047,"date":"2025-03-09T21:27:52","date_gmt":"2025-03-09T19:27:52","guid":{"rendered":"https:\/\/lasido.de\/?page_id=2047"},"modified":"2025-03-10T13:00:33","modified_gmt":"2025-03-10T11:00:33","slug":"speziell-fuer-zither","status":"publish","type":"page","link":"https:\/\/lasido.de\/?page_id=2047","title":{"rendered":"www.zither.info"},"content":{"rendered":"\n<hr class=\"wp-block-separator has-alpha-channel-opacity is-style-wide is-style-wide--1\"\/>\n\n\n\n<p class=\"has-x-large-font-size\"><strong>Noten speziell f\u00fcr Zither<\/strong><\/p>\n\n\n\n<hr class=\"wp-block-separator has-alpha-channel-opacity is-style-wide is-style-wide--2\"\/>\n\n\n\n<p>Hier kann man f\u00fcr den Service spenden:<\/p>\n\n\n\n<form action=\"https:\/\/www.paypal.com\/donate\" method=\"post\" target=\"_top\">\n<input type=\"hidden\" name=\"hosted_button_id\" value=\"XXCKV2GPVTW6Y\" \/>\n<input type=\"image\" src=\"https:\/\/www.paypalobjects.com\/de_DE\/DE\/i\/btn\/btn_donate_LG.gif\" border=\"0\" name=\"submit\" title=\"PayPal - The safer, easier way to pay online!\" alt=\"Spenden mit dem PayPal-Button\" \/>\n<img loading=\"lazy\" decoding=\"async\" alt=\"\" border=\"0\" src=\"https:\/\/www.paypal.com\/de_DE\/i\/scr\/pixel.gif\" width=\"1\" height=\"1\" \/>\n<\/form>\n\n\n<div class=\"sdm_download_item \"><div class=\"sdm_download_item_top\"><div class=\"sdm_download_thumbnail\"><\/div><div class=\"sdm_download_title\">Interludium XVIII &#8211; Arabesque<\/div><\/div><div style=\"clear:both;\"><\/div><div class=\"sdm_download_description\"><p>Komposition von J\u00f6rg Lanzinger aus dem Notenheft &#8222;Neun (profane) Interludien&#8220;, eingerichtet f\u00fcr Zither-Quartett.<\/p>\n<p>zi0016<\/p>\n<\/div><div class=\"sdm_download_link\"><span class=\"sdm_download_button\"><a href=\"https:\/\/lasido.de\/?sdm_process_download=1&download_id=2087\" class=\"sdm_download grey\" title=\"Interludium XVIII &#8211; Arabesque\" target=\"_self\">Jetzt herunterladen!<\/a><\/span><span class=\"sdm_download_item_count\"><span class=\"sdm_item_count_number\">633<\/span><span class=\"sdm_item_count_string\"> Downloads<\/span><\/span><\/div><\/div><div class=\"sdm_download_item \"><div class=\"sdm_download_item_top\"><div class=\"sdm_download_thumbnail\"><\/div><div class=\"sdm_download_title\">Fuzzi-Goggo Marsch-Polka<\/div><\/div><div style=\"clear:both;\"><\/div><div class=\"sdm_download_description\"><p>Volksmusik-St\u00fcck von J\u00f6rg Lanzinger, eingerichtet f\u00fcr Zither-Quartett.<\/p>\n<p>zi0015<\/p>\n<\/div><div class=\"sdm_download_link\"><span class=\"sdm_download_button\"><a href=\"https:\/\/lasido.de\/?sdm_process_download=1&download_id=2085\" class=\"sdm_download grey\" title=\"Fuzzi-Goggo Marsch-Polka\" target=\"_self\">Jetzt herunterladen!<\/a><\/span><span class=\"sdm_download_item_count\"><span class=\"sdm_item_count_number\">614<\/span><span class=\"sdm_item_count_string\"> Downloads<\/span><\/span><\/div><\/div><div class=\"sdm_download_item \"><div class=\"sdm_download_item_top\"><div class=\"sdm_download_thumbnail\"><\/div><div class=\"sdm_download_title\">The Prince of Denmark&#8217;s March<\/div><\/div><div style=\"clear:both;\"><\/div><div class=\"sdm_download_description\"><p>Komposition von Jeremiah Clarke (~1674-1707), bearbeitet f\u00fcr Zither-Quartett.<\/p>\n<p>zi0014<\/p>\n<\/div><div class=\"sdm_download_link\"><span class=\"sdm_download_button\"><a href=\"https:\/\/lasido.de\/?sdm_process_download=1&download_id=2083\" class=\"sdm_download grey\" title=\"The Prince of Denmark&#8217;s March\" target=\"_self\">Jetzt herunterladen!<\/a><\/span><span class=\"sdm_download_item_count\"><span class=\"sdm_item_count_number\">603<\/span><span class=\"sdm_item_count_string\"> Downloads<\/span><\/span><\/div><\/div><div class=\"sdm_download_item \"><div class=\"sdm_download_item_top\"><div class=\"sdm_download_thumbnail\"><\/div><div class=\"sdm_download_title\">Ritter Musik<\/div><\/div><div style=\"clear:both;\"><\/div><div class=\"sdm_download_description\"><p class=\"p1\">Nach dem Lied &#8222;So treiben wir den Winter aus&#8220; (16. Jh.), Arrangement f\u00fcr Zither-Quartett.<\/p>\n<p>zi0013<\/p>\n<\/div><div class=\"sdm_download_link\"><span class=\"sdm_download_button\"><a href=\"https:\/\/lasido.de\/?sdm_process_download=1&download_id=2081\" class=\"sdm_download grey\" title=\"Ritter Musik\" target=\"_self\">Jetzt herunterladen!<\/a><\/span><span class=\"sdm_download_item_count\"><span class=\"sdm_item_count_number\">580<\/span><span class=\"sdm_item_count_string\"> Downloads<\/span><\/span><\/div><\/div><div class=\"sdm_download_item \"><div class=\"sdm_download_item_top\"><div class=\"sdm_download_thumbnail\"><\/div><div class=\"sdm_download_title\">Interludium V<\/div><\/div><div style=\"clear:both;\"><\/div><div class=\"sdm_download_description\"><p>Komposition von J\u00f6rg Lanzinger aus dem Notenheft &#8222;Neun (sakrale) Interludien&#8220;, eingerichtet f\u00fcr ein bis drei Zithern.<\/p>\n<p>zi0012<\/p>\n<\/div><div class=\"sdm_download_link\"><span class=\"sdm_download_button\"><a href=\"https:\/\/lasido.de\/?sdm_process_download=1&download_id=2079\" class=\"sdm_download grey\" title=\"Interludium V\" target=\"_self\">Jetzt herunterladen!<\/a><\/span><span class=\"sdm_download_item_count\"><span class=\"sdm_item_count_number\">611<\/span><span class=\"sdm_item_count_string\"> Downloads<\/span><\/span><\/div><\/div><div class=\"sdm_download_item \"><div class=\"sdm_download_item_top\"><div class=\"sdm_download_thumbnail\"><\/div><div class=\"sdm_download_title\">Alter Thurm Walzer<\/div><\/div><div style=\"clear:both;\"><\/div><div class=\"sdm_download_description\"><p>Volksmusik-St\u00fcck von J\u00f6rg Lanzinger f\u00fcr Zither-Trio.<\/p>\n<p>zi0011<\/p>\n<\/div><div class=\"sdm_download_link\"><span class=\"sdm_download_button\"><a href=\"https:\/\/lasido.de\/?sdm_process_download=1&download_id=2077\" class=\"sdm_download grey\" title=\"Alter Thurm Walzer\" target=\"_self\">Jetzt herunterladen!<\/a><\/span><span class=\"sdm_download_item_count\"><span class=\"sdm_item_count_number\">619<\/span><span class=\"sdm_item_count_string\"> Downloads<\/span><\/span><\/div><\/div><div class=\"sdm_download_item \"><div class=\"sdm_download_item_top\"><div class=\"sdm_download_thumbnail\"><\/div><div class=\"sdm_download_title\">Son ar chistr<\/div><\/div><div style=\"clear:both;\"><\/div><div class=\"sdm_download_description\"><p>Bretonisches Trinklied f\u00fcr ein bis drei Zithern.<\/p>\n<p>zi0010<\/p>\n<\/div><div class=\"sdm_download_link\"><span class=\"sdm_download_button\"><a href=\"https:\/\/lasido.de\/?sdm_process_download=1&download_id=2075\" class=\"sdm_download grey\" title=\"Son ar chistr\" target=\"_self\">Jetzt herunterladen!<\/a><\/span><span class=\"sdm_download_item_count\"><span class=\"sdm_item_count_number\">613<\/span><span class=\"sdm_item_count_string\"> Downloads<\/span><\/span><\/div><\/div><div class=\"sdm_download_item \"><div class=\"sdm_download_item_top\"><div class=\"sdm_download_thumbnail\"><\/div><div class=\"sdm_download_title\">Soon May the Wellerman Come<\/div><\/div><div style=\"clear:both;\"><\/div><div class=\"sdm_download_description\"><p>Ber\u00fchmtes Seefahrer-Lied f\u00fcr ein bis drei Zithern.<\/p>\n<p>zi0009<\/p>\n<\/div><div class=\"sdm_download_link\"><span class=\"sdm_download_button\"><a href=\"https:\/\/lasido.de\/?sdm_process_download=1&download_id=2073\" class=\"sdm_download grey\" title=\"Soon May the Wellerman Come\" target=\"_self\">Jetzt herunterladen!<\/a><\/span><span class=\"sdm_download_item_count\"><span class=\"sdm_item_count_number\">596<\/span><span class=\"sdm_item_count_string\"> Downloads<\/span><\/span><\/div><\/div><div class=\"sdm_download_item \"><div class=\"sdm_download_item_top\"><div class=\"sdm_download_thumbnail\"><\/div><div class=\"sdm_download_title\">Yellowgreen<\/div><\/div><div style=\"clear:both;\"><\/div><div class=\"sdm_download_description\"><p>Komposition von J\u00f6rg Lanzinger, eingerichtet f\u00fcr Zither-Duo.<\/p>\n<p>zi0008<\/p>\n<\/div><div class=\"sdm_download_link\"><span class=\"sdm_download_button\"><a href=\"https:\/\/lasido.de\/?sdm_process_download=1&download_id=2071\" class=\"sdm_download grey\" title=\"Yellowgreen\" target=\"_self\">Jetzt herunterladen!<\/a><\/span><span class=\"sdm_download_item_count\"><span class=\"sdm_item_count_number\">562<\/span><span class=\"sdm_item_count_string\"> Downloads<\/span><\/span><\/div><\/div><div class=\"sdm_download_item \"><div class=\"sdm_download_item_top\"><div class=\"sdm_download_thumbnail\"><\/div><div class=\"sdm_download_title\">Geisterstunden Polka<\/div><\/div><div style=\"clear:both;\"><\/div><div class=\"sdm_download_description\"><p>Volksmusik-St\u00fcck von J\u00f6rg Lanzinger, bearbeitet f\u00fcr zwei Zithern.<\/p>\n<p>zi0007<\/p>\n<\/div><div class=\"sdm_download_link\"><span class=\"sdm_download_button\"><a href=\"https:\/\/lasido.de\/?sdm_process_download=1&download_id=2069\" class=\"sdm_download grey\" title=\"Geisterstunden Polka\" target=\"_self\">Jetzt herunterladen!<\/a><\/span><span class=\"sdm_download_item_count\"><span class=\"sdm_item_count_number\">596<\/span><span class=\"sdm_item_count_string\"> Downloads<\/span><\/span><\/div><\/div><div class=\"sdm_download_item \"><div class=\"sdm_download_item_top\"><div class=\"sdm_download_thumbnail\"><\/div><div class=\"sdm_download_title\">Marchee<\/div><\/div><div style=\"clear:both;\"><\/div><div class=\"sdm_download_description\"><p>Anonymes Werk aus dem &#8222;Ochsenhausener Orgelbuch&#8220;, bearbeitet f\u00fcr zwei Zithern.<\/p>\n<p>zi0006<\/p>\n<\/div><div class=\"sdm_download_link\"><span class=\"sdm_download_button\"><a href=\"https:\/\/lasido.de\/?sdm_process_download=1&download_id=2067\" class=\"sdm_download grey\" title=\"Marchee\" target=\"_self\">Jetzt herunterladen!<\/a><\/span><span class=\"sdm_download_item_count\"><span class=\"sdm_item_count_number\">560<\/span><span class=\"sdm_item_count_string\"> Downloads<\/span><\/span><\/div><\/div><div class=\"sdm_download_item \"><div class=\"sdm_download_item_top\"><div class=\"sdm_download_thumbnail\"><\/div><div class=\"sdm_download_title\">Rainy Tuesday<\/div><\/div><div style=\"clear:both;\"><\/div><div class=\"sdm_download_description\"><p>Kompostion von J\u00f6rg Lanzinger aus dem Notenheft &#8222;B.A.C.H.&#8220;, bearbeitet f\u00fcr Zither-Duo.<\/p>\n<p>zi0005<\/p>\n<\/div><div class=\"sdm_download_link\"><span class=\"sdm_download_button\"><a href=\"https:\/\/lasido.de\/?sdm_process_download=1&download_id=2065\" class=\"sdm_download grey\" title=\"Rainy Tuesday\" target=\"_self\">Jetzt herunterladen!<\/a><\/span><span class=\"sdm_download_item_count\"><span class=\"sdm_item_count_number\">588<\/span><span class=\"sdm_item_count_string\"> Downloads<\/span><\/span><\/div><\/div><div class=\"sdm_download_item \"><div class=\"sdm_download_item_top\"><div class=\"sdm_download_thumbnail\"><\/div><div class=\"sdm_download_title\">Ein Abend im Tiergarten<\/div><\/div><div style=\"clear:both;\"><\/div><div class=\"sdm_download_description\"><p>Komposition von J\u00f6rg Lanzinger, ver\u00f6ffentlicht vom &#8222;Lanzinger Trio&#8220;.<\/p>\n<p>https:\/\/youtu.be\/WQLzNkZMUNo?si=8xto70_OINTi0dgD<\/p>\n<p>zi0004<\/p>\n<\/div><div class=\"sdm_download_link\"><span class=\"sdm_download_button\"><a href=\"https:\/\/lasido.de\/?sdm_process_download=1&download_id=2063\" class=\"sdm_download grey\" title=\"Ein Abend im Tiergarten\" target=\"_self\">Jetzt herunterladen!<\/a><\/span><span class=\"sdm_download_item_count\"><span class=\"sdm_item_count_number\">587<\/span><span class=\"sdm_item_count_string\"> Downloads<\/span><\/span><\/div><\/div><div class=\"sdm_download_item \"><div class=\"sdm_download_item_top\"><div class=\"sdm_download_thumbnail\"><\/div><div class=\"sdm_download_title\">Landler Nr. 1, 2 &#038; 3<\/div><\/div><div style=\"clear:both;\"><\/div><div class=\"sdm_download_description\"><p>Drei Landler aus dem &#8222;L\u00e4ndlerbuch von Max M\u00fcnzl&#8220;, bearbeitet f\u00fcr Zither solo.<\/p>\n<p>zi0003<\/p>\n<\/div><div class=\"sdm_download_link\"><span class=\"sdm_download_button\"><a href=\"https:\/\/lasido.de\/?sdm_process_download=1&download_id=2061\" class=\"sdm_download grey\" title=\"Landler Nr. 1, 2 &#038; 3\" target=\"_self\">Jetzt herunterladen!<\/a><\/span><span class=\"sdm_download_item_count\"><span class=\"sdm_item_count_number\">597<\/span><span class=\"sdm_item_count_string\"> Downloads<\/span><\/span><\/div><\/div><div class=\"sdm_download_item \"><div class=\"sdm_download_item_top\"><div class=\"sdm_download_thumbnail\"><\/div><div class=\"sdm_download_title\">Gavott rondeau<\/div><\/div><div style=\"clear:both;\"><\/div><div class=\"sdm_download_description\"><p>Von Conrad Michael Schneider (1673-1752) f\u00fcr Tasteninstrumente komponiertes St\u00fcck, eingerichtet f\u00fcr Zither.<\/p>\n<p>zi0002<\/p>\n<\/div><div class=\"sdm_download_link\"><span class=\"sdm_download_button\"><a href=\"https:\/\/lasido.de\/?sdm_process_download=1&download_id=2059\" class=\"sdm_download grey\" title=\"Gavott rondeau\" target=\"_self\">Jetzt herunterladen!<\/a><\/span><span class=\"sdm_download_item_count\"><span class=\"sdm_item_count_number\">569<\/span><span class=\"sdm_item_count_string\"> Downloads<\/span><\/span><\/div><\/div><div class=\"sdm_download_item \"><div class=\"sdm_download_item_top\"><div class=\"sdm_download_thumbnail\"><\/div><div class=\"sdm_download_title\">If You&#8217;re Happy and You Know It<\/div><\/div><div style=\"clear:both;\"><\/div><div class=\"sdm_download_description\"><p>Einfaches Kinderlied aus Amerika f\u00fcr Anf\u00e4nger.<\/p>\n<p>zi0001<\/p>\n<\/div><div class=\"sdm_download_link\"><span class=\"sdm_download_button\"><a href=\"https:\/\/lasido.de\/?sdm_process_download=1&download_id=2056\" class=\"sdm_download grey\" title=\"If You&#8217;re Happy and You Know It\" target=\"_self\">Jetzt herunterladen!<\/a><\/span><span class=\"sdm_download_item_count\"><span class=\"sdm_item_count_number\">579<\/span><span class=\"sdm_item_count_string\"> Downloads<\/span><\/span><\/div><\/div><div class=\"sdm_clear_float\"><\/div>\n\n\n\n<p><\/p>\n","protected":false},"excerpt":{"rendered":"<p>Noten speziell f\u00fcr Zither Hier kann man f\u00fcr den Service spenden:<\/p>\n","protected":false},"author":1,"featured_media":0,"parent":896,"menu_order":5,"comment_status":"closed","ping_status":"closed","template":"","meta":{"footnotes":""},"class_list":["post-2047","page","type-page","status-publish","hentry"],"_links":{"self":[{"href":"https:\/\/lasido.de\/index.php?rest_route=\/wp\/v2\/pages\/2047","targetHints":{"allow":["GET"]}}],"collection":[{"href":"https:\/\/lasido.de\/index.php?rest_route=\/wp\/v2\/pages"}],"about":[{"href":"https:\/\/lasido.de\/index.php?rest_route=\/wp\/v2\/types\/page"}],"author":[{"embeddable":true,"href":"https:\/\/lasido.de\/index.php?rest_route=\/wp\/v2\/users\/1"}],"replies":[{"embeddable":true,"href":"https:\/\/lasido.de\/index.php?rest_route=%2Fwp%2Fv2%2Fcomments&post=2047"}],"version-history":[{"count":3,"href":"https:\/\/lasido.de\/index.php?rest_route=\/wp\/v2\/pages\/2047\/revisions"}],"predecessor-version":[{"id":2089,"href":"https:\/\/lasido.de\/index.php?rest_route=\/wp\/v2\/pages\/2047\/revisions\/2089"}],"up":[{"embeddable":true,"href":"https:\/\/lasido.de\/index.php?rest_route=\/wp\/v2\/pages\/896"}],"wp:attachment":[{"href":"https:\/\/lasido.de\/index.php?rest_route=%2Fwp%2Fv2%2Fmedia&parent=2047"}],"curies":[{"name":"wp","href":"https:\/\/api.w.org\/{rel}","templated":true}]}}