{"id":2192,"date":"2025-09-23T21:20:11","date_gmt":"2025-09-23T19:20:11","guid":{"rendered":"https:\/\/lasido.de\/?page_id=2192"},"modified":"2025-09-24T20:11:18","modified_gmt":"2025-09-24T18:11:18","slug":"gscheitholt","status":"publish","type":"page","link":"https:\/\/lasido.de\/?page_id=2192","title":{"rendered":"G&#8217;scheitholt"},"content":{"rendered":"\n<hr class=\"wp-block-separator has-alpha-channel-opacity\"\/>\n\n\n\n<p>Was ist das?\u00a0Das\u00a0<strong>Scheitholt<\/strong>\u00a0ist ein historisches Saiteninstrument und eine fr\u00fche Vorstufe der heutigen\u00a0<strong>Zither<\/strong>. (Quelle: Wikipedia)\u00a0<em><strong>G\u2019scheit halt<\/strong><\/em>\u00a0ist im s\u00fcddeutschen Raum ein umgangssprachlicher Ausdruck f\u00fcr\u00a0<strong><em>richtig eben<\/em><\/strong>.\u00a0<strong>G\u2019scheitholt<\/strong>\u00a0ist Deutschlands erste Rock-Band mit Gesang, Schlagzeug, Zither und steht f\u00fcr die\u00a0<strong>Neue Welle Zither-Rock<\/strong>.<\/p>\n\n\n\n<hr class=\"wp-block-separator has-alpha-channel-opacity\"\/>\n\n\n\n<figure class=\"wp-block-image aligncenter size-large\"><a href=\"https:\/\/lasido.de\/wordpress\/wp-content\/uploads\/2025\/07\/gh_2025_1-scaled.jpeg\"><img loading=\"lazy\" decoding=\"async\" width=\"768\" height=\"1024\" src=\"https:\/\/lasido.de\/wordpress\/wp-content\/uploads\/2025\/07\/gh_2025_1-768x1024.jpeg\" alt=\"\" class=\"wp-image-2152\" srcset=\"https:\/\/lasido.de\/wordpress\/wp-content\/uploads\/2025\/07\/gh_2025_1-768x1024.jpeg 768w, https:\/\/lasido.de\/wordpress\/wp-content\/uploads\/2025\/07\/gh_2025_1-225x300.jpeg 225w, https:\/\/lasido.de\/wordpress\/wp-content\/uploads\/2025\/07\/gh_2025_1-1152x1536.jpeg 1152w, https:\/\/lasido.de\/wordpress\/wp-content\/uploads\/2025\/07\/gh_2025_1-1536x2048.jpeg 1536w, https:\/\/lasido.de\/wordpress\/wp-content\/uploads\/2025\/07\/gh_2025_1-scaled.jpeg 1920w\" sizes=\"auto, (max-width: 768px) 100vw, 768px\" \/><\/a><\/figure>\n\n\n\n<hr class=\"wp-block-separator has-alpha-channel-opacity is-style-default\"\/>\n\n\n\n<p>In der Besetzung Zither, Schlagzeug, Gesang begibt sich die Band \u201eG\u2019scheitholt\u201c auf die Mission, die Neue-Welle-Zither-Rock in den Weiten der Popmusik aus zu breiten. Das Trio um den Multiinstrumentalisten J\u00f6rg Lanzinger folgt den Spuren von Zither-Rock Pionieren wie dem Zither-Man\u00e4 und setzt das vielseitige Saiteninstrument in ein modernes Bandgef\u00fcge, das mit der S\u00e4ngerin Nadine Erath und dem Schlagzeuger Thomas Lehmeier komplettiert wird. Schon allein durch den Einsatz von J\u00f6rgs Zither erhalten die Songs einen unverwechselbaren Sound, welcher mit Nadines Stimme veredelt und mit Thomas\u2019 Groove perfektioniert wird. Seit der B\u00fchnen-Premiere im Herbst 2014 konnte die Band schon mehrere Konzert-Highlights setzen, u.a. in M\u00fcnchen, Laakirchen (Ober\u00f6sterreich) und Ulm. \u201eG\u2019scheitholt\u201c ist ein Kunstwort, zusammengesetzt aus dem Namen des historischen Instruments \u201eScheitholt\u201c und der s\u00fcddeutschen Redewendung \u201egscheit halt\u201c, was so viel bedeutet wie \u201erichtig eben\u201c.<\/p>\n\n\n\n<p>Die Zither ist eins der bayerischsten Instrumente \u00fcberhaupt: schon&nbsp;<em>Sissis<\/em>&nbsp;Vater Herzog Max in Bayern war ihr&nbsp;<em>verfallen<\/em>.&nbsp;<em>G\u2019scheitholt<\/em>&nbsp;f\u00fchrt diese Tradition fort und versetzt dieses vielseitige Saiteninstrument in das 21. Jahrhundert. Mit der&nbsp;<em>Neuen-Welle-Zither-Rock<\/em>&nbsp;wird die Zither in eine Rockband integriert, ersetzt durch ihren polyphonen Aufbau gleich E-Gitarre und Bass und bringt kreative Impulse f\u00fcr das Songwriting.<\/p>\n\n\n\n<hr class=\"wp-block-separator has-alpha-channel-opacity\"\/>\n\n\n\n<p>Pics by\u00a0photonic blues \u2013 Nikolaos Festas<\/p>\n\n\n\n<figure class=\"wp-block-image size-large\"><a href=\"https:\/\/lasido.de\/wordpress\/wp-content\/uploads\/2025\/09\/20160722-2021-IMG_7821-scaled.jpg\"><img loading=\"lazy\" decoding=\"async\" width=\"1024\" height=\"683\" src=\"https:\/\/lasido.de\/wordpress\/wp-content\/uploads\/2025\/09\/20160722-2021-IMG_7821-1024x683.jpg\" alt=\"\" class=\"wp-image-2207\" srcset=\"https:\/\/lasido.de\/wordpress\/wp-content\/uploads\/2025\/09\/20160722-2021-IMG_7821-1024x683.jpg 1024w, https:\/\/lasido.de\/wordpress\/wp-content\/uploads\/2025\/09\/20160722-2021-IMG_7821-300x200.jpg 300w, https:\/\/lasido.de\/wordpress\/wp-content\/uploads\/2025\/09\/20160722-2021-IMG_7821-768x512.jpg 768w\" sizes=\"auto, (max-width: 1024px) 100vw, 1024px\" \/><\/a><\/figure>\n\n\n\n<figure class=\"wp-block-image size-large\"><a href=\"https:\/\/lasido.de\/wordpress\/wp-content\/uploads\/2025\/09\/20160722-2027-IMG_7849-scaled.jpg\"><img loading=\"lazy\" decoding=\"async\" width=\"683\" height=\"1024\" src=\"https:\/\/lasido.de\/wordpress\/wp-content\/uploads\/2025\/09\/20160722-2027-IMG_7849-683x1024.jpg\" alt=\"\" class=\"wp-image-2208\" srcset=\"https:\/\/lasido.de\/wordpress\/wp-content\/uploads\/2025\/09\/20160722-2027-IMG_7849-683x1024.jpg 683w, https:\/\/lasido.de\/wordpress\/wp-content\/uploads\/2025\/09\/20160722-2027-IMG_7849-200x300.jpg 200w, https:\/\/lasido.de\/wordpress\/wp-content\/uploads\/2025\/09\/20160722-2027-IMG_7849-scaled.jpg 1707w\" sizes=\"auto, (max-width: 683px) 100vw, 683px\" \/><\/a><\/figure>\n\n\n\n<figure class=\"wp-block-image size-large\"><a href=\"https:\/\/lasido.de\/wordpress\/wp-content\/uploads\/2025\/09\/20160722-2026-IMG_7839-scaled.jpg\"><img loading=\"lazy\" decoding=\"async\" width=\"1024\" height=\"576\" src=\"https:\/\/lasido.de\/wordpress\/wp-content\/uploads\/2025\/09\/20160722-2026-IMG_7839-1024x576.jpg\" alt=\"\" class=\"wp-image-2209\" srcset=\"https:\/\/lasido.de\/wordpress\/wp-content\/uploads\/2025\/09\/20160722-2026-IMG_7839-1024x576.jpg 1024w, https:\/\/lasido.de\/wordpress\/wp-content\/uploads\/2025\/09\/20160722-2026-IMG_7839-300x169.jpg 300w, https:\/\/lasido.de\/wordpress\/wp-content\/uploads\/2025\/09\/20160722-2026-IMG_7839-768x432.jpg 768w\" sizes=\"auto, (max-width: 1024px) 100vw, 1024px\" \/><\/a><\/figure>\n\n\n\n<figure class=\"wp-block-image size-full\"><a href=\"https:\/\/lasido.de\/wordpress\/wp-content\/uploads\/2025\/09\/20160722-2020-IMG_7807-scaled.jpg\"><img loading=\"lazy\" decoding=\"async\" width=\"1707\" height=\"2560\" src=\"https:\/\/lasido.de\/wordpress\/wp-content\/uploads\/2025\/09\/20160722-2020-IMG_7807-scaled.jpg\" alt=\"\" class=\"wp-image-2210\" srcset=\"https:\/\/lasido.de\/wordpress\/wp-content\/uploads\/2025\/09\/20160722-2020-IMG_7807-scaled.jpg 1707w, https:\/\/lasido.de\/wordpress\/wp-content\/uploads\/2025\/09\/20160722-2020-IMG_7807-200x300.jpg 200w\" sizes=\"auto, (max-width: 1707px) 100vw, 1707px\" \/><\/a><\/figure>\n","protected":false},"excerpt":{"rendered":"<p>Was ist das?\u00a0Das\u00a0Scheitholt\u00a0ist ein historisches Saiteninstrument und eine fr\u00fche Vorstufe der heutigen\u00a0Zither. (Quelle: Wikipedia)\u00a0G\u2019scheit halt\u00a0ist im s\u00fcddeutschen Raum ein umgangssprachlicher Ausdruck f\u00fcr\u00a0richtig eben.\u00a0G\u2019scheitholt\u00a0ist Deutschlands erste Rock-Band mit Gesang, Schlagzeug, Zither und steht f\u00fcr die\u00a0Neue Welle Zither-Rock. In der Besetzung Zither, Schlagzeug, Gesang begibt sich die Band \u201eG\u2019scheitholt\u201c auf die Mission, die Neue-Welle-Zither-Rock in den Weiten [&hellip;]<\/p>\n","protected":false},"author":1,"featured_media":0,"parent":1683,"menu_order":3,"comment_status":"closed","ping_status":"closed","template":"","meta":{"footnotes":""},"class_list":["post-2192","page","type-page","status-publish","hentry"],"_links":{"self":[{"href":"https:\/\/lasido.de\/index.php?rest_route=\/wp\/v2\/pages\/2192","targetHints":{"allow":["GET"]}}],"collection":[{"href":"https:\/\/lasido.de\/index.php?rest_route=\/wp\/v2\/pages"}],"about":[{"href":"https:\/\/lasido.de\/index.php?rest_route=\/wp\/v2\/types\/page"}],"author":[{"embeddable":true,"href":"https:\/\/lasido.de\/index.php?rest_route=\/wp\/v2\/users\/1"}],"replies":[{"embeddable":true,"href":"https:\/\/lasido.de\/index.php?rest_route=%2Fwp%2Fv2%2Fcomments&post=2192"}],"version-history":[{"count":2,"href":"https:\/\/lasido.de\/index.php?rest_route=\/wp\/v2\/pages\/2192\/revisions"}],"predecessor-version":[{"id":2211,"href":"https:\/\/lasido.de\/index.php?rest_route=\/wp\/v2\/pages\/2192\/revisions\/2211"}],"up":[{"embeddable":true,"href":"https:\/\/lasido.de\/index.php?rest_route=\/wp\/v2\/pages\/1683"}],"wp:attachment":[{"href":"https:\/\/lasido.de\/index.php?rest_route=%2Fwp%2Fv2%2Fmedia&parent=2192"}],"curies":[{"name":"wp","href":"https:\/\/api.w.org\/{rel}","templated":true}]}}