{"id":2214,"date":"2025-09-24T13:56:00","date_gmt":"2025-09-24T11:56:00","guid":{"rendered":"https:\/\/lasido.de\/?page_id=2214"},"modified":"2025-10-10T17:30:06","modified_gmt":"2025-10-10T15:30:06","slug":"muenchner-saitenquintett","status":"publish","type":"page","link":"https:\/\/lasido.de\/?page_id=2214","title":{"rendered":"M\u00fcnchner Saitenquintett"},"content":{"rendered":"\n<figure class=\"wp-block-image size-large\"><a href=\"https:\/\/lasido.de\/wordpress\/wp-content\/uploads\/2023\/09\/MSQ_2023_5.jpeg\"><img loading=\"lazy\" decoding=\"async\" width=\"1024\" height=\"885\" src=\"https:\/\/lasido.de\/wordpress\/wp-content\/uploads\/2023\/09\/MSQ_2023_5-1024x885.jpeg\" alt=\"\" class=\"wp-image-1469\" srcset=\"https:\/\/lasido.de\/wordpress\/wp-content\/uploads\/2023\/09\/MSQ_2023_5-1024x885.jpeg 1024w, https:\/\/lasido.de\/wordpress\/wp-content\/uploads\/2023\/09\/MSQ_2023_5-300x259.jpeg 300w, https:\/\/lasido.de\/wordpress\/wp-content\/uploads\/2023\/09\/MSQ_2023_5-768x664.jpeg 768w, https:\/\/lasido.de\/wordpress\/wp-content\/uploads\/2023\/09\/MSQ_2023_5-1536x1327.jpeg 1536w, https:\/\/lasido.de\/wordpress\/wp-content\/uploads\/2023\/09\/MSQ_2023_5-2048x1770.jpeg 2048w\" sizes=\"auto, (max-width: 1024px) 100vw, 1024px\" \/><\/a><\/figure>\n\n\n\n<p>Traditionelle Volksmusik in einer traditionellen Stubenmusik-Besetzung mit Hackbrett, Zither, Harfe, Gitarre und Kontrabass (Saitenquintett).<\/p>\n\n\n\n<hr class=\"wp-block-separator has-alpha-channel-opacity\"\/>\n\n\n\n<p>Die Musiker des\u00a0<strong>M\u00fcnchner Saitenquintetts<\/strong>\u00a0haben sich w\u00e4hrend ihrer Studienzeit am Richard-Strauss-Konservatorium kennengelernt. Nach zwanzig Jahren \u2013 im Herbst 2021 \u2013 haben sie wieder zusammengefunden, um gemeinsam ihrer Leidenschaft nachzugehen. Nachdem sich die Wohnorte der Mitglieder \u00fcber ganz Bayern verteilen, ist nun M\u00fcnchen abermals der zentrale Anlaufpunkt f\u00fcr die Probenarbeit geworden und somit war auch schnell der Name\u00a0<strong>M\u00fcnchner Saitenquintett<\/strong>\u00a0geboren.<\/p>\n\n\n\n<hr class=\"wp-block-separator has-alpha-channel-opacity\"\/>\n\n\n\n<p>In der traditionellen Quintett-Besetzung lassen die Musikanten in erster Linie echte bayrische Volksmusik und h\u00f6fische Musik erklingen, wobei nat\u00fcrlich auch andere Stilrichtungen in ihr Repertoire mit einflie\u00dfen. Ob staad oder lustig, konzertant oder im Wirtshaus, mit einem abwechslungsreichen Programm wissen sie ihr Publikum immer gut zu unterhalten.<br>Bei Bedarf gestaltet das M\u00fcnchner Saitenquintett Ihre Veranstaltung nicht nur mit Musik, sondern auch mit ausgew\u00e4hlten Texten und Moderationen, passend zum jeweiligen Anlass.<\/p>\n\n\n\n<hr class=\"wp-block-separator has-alpha-channel-opacity\"\/>\n\n\n\n<figure class=\"wp-block-image size-large\"><a href=\"https:\/\/lasido.de\/wordpress\/wp-content\/uploads\/2023\/09\/MSQ_2023_3-scaled.jpeg\"><img loading=\"lazy\" decoding=\"async\" width=\"1024\" height=\"768\" src=\"https:\/\/lasido.de\/wordpress\/wp-content\/uploads\/2023\/09\/MSQ_2023_3-1024x768.jpeg\" alt=\"\" class=\"wp-image-1468\" srcset=\"https:\/\/lasido.de\/wordpress\/wp-content\/uploads\/2023\/09\/MSQ_2023_3-1024x768.jpeg 1024w, https:\/\/lasido.de\/wordpress\/wp-content\/uploads\/2023\/09\/MSQ_2023_3-300x225.jpeg 300w, https:\/\/lasido.de\/wordpress\/wp-content\/uploads\/2023\/09\/MSQ_2023_3-768x576.jpeg 768w, https:\/\/lasido.de\/wordpress\/wp-content\/uploads\/2023\/09\/MSQ_2023_3-1536x1153.jpeg 1536w, https:\/\/lasido.de\/wordpress\/wp-content\/uploads\/2023\/09\/MSQ_2023_3-2048x1537.jpeg 2048w\" sizes=\"auto, (max-width: 1024px) 100vw, 1024px\" \/><\/a><\/figure>\n\n\n\n<p>Von links nach recht:<\/p>\n\n\n\n<p><strong>Elisabeth Grandl<\/strong>, \u2013 \u201eNicht ohne meine Harfe.\u201c Das k\u00f6nnte fast das Lebensmotto der M\u00fcnchnerin Elisabeth Grandl sein. Sie studierte in M\u00fcnchen am Richard-Strauss-Konservatorium Harfe bei Ragnhild Kopp und Volksmusik und schloss ihr p\u00e4dagogisches Diplom \u00fcber die Hochschule f\u00fcr Musik N\u00fcrnberg \u2013 Augsburg ab. Seit ihrem erfolgreichen Abschluss ist sie als Musiklehrerin am Musikforum Blutenburg t\u00e4tig und gibt ihre musikalische Leidenschaft auch auf Volksmusikseminaren weiter. Neben ihrer solistischen Konzertt\u00e4tigkeit wirkt sie bei verschiedensten Orchesterprojekten mit und spielt bei mehreren Kammermusikensembles \u2013 klassisch, traditionell und experimentell \u2013 bei \u201eDreibauf\u201c, beim \u201eDuo Luft &amp; Saiten\u201c, bei den \u201eUnterwaller Musikantinnen\u201c, den \u201eK\u00f6schinger Saitentratzer\u201c und beim \u201eEnsemble Galante\u201c. Regelm\u00e4\u00dfig ist Elisabeth Grandl bei Produktionen des\u00a0 Bayerischen Rundfunk und des Bayerischen Fernsehen zu h\u00f6ren und zu sehen!<\/p>\n\n\n\n<p><strong>Regina Frank<\/strong>, in Tirschenreuth geboren,&nbsp;studierte Zither bei Prof. Georg Glasl am Richard-Strauss Konservatorium M\u00fcnchen, sowie Alte Musik bei Prof. Michael Eberth und schloss ihr p\u00e4dagogisches Diplom \u00fcber die Hochschule f\u00fcr Musik N\u00fcrnberg \u2013 Augsburg ab. Im Anschluss studierte sie Konzertfach Zither am Tiroler Landeskonservatorium Innsbruck bei Harald Oberlechner, sowie Historische Auff\u00fchrungspraxis an der Musikhochschule Trossingen bei Prof. Rolf Lislevand (k\u00fcnstlerisches Diplom).&nbsp;<\/p>\n\n\n\n<p>Sie ist solistisch, sowie in mehreren Kammermusikprojekten unterschiedlicher Stilrichtungen t\u00e4tig. 2012 war sie Preistr\u00e4gerin beim 5. Internationalen Wettbewerb f\u00fcr Zither solo in M\u00fcnchen und 2013 Preistr\u00e4gerin beim Volksmusikwettbewerb&nbsp;<em>Zwieseler Fink<\/em>&nbsp;mit der&nbsp;<em>Saitenmusik Neualbenreuth<\/em>. Neben ihrer Kammermusikt\u00e4tigkeiten mit der&nbsp;<em>Saitenmusik Neualbenreuth<\/em>, dem&nbsp;<em>M\u00fcnchner Saitenquintett<\/em>, dem Barockensemble&nbsp;<em>I Zefiretti<\/em>&nbsp;u. a. unterrichtet Regina Frank an der Kreismusikschule Tirschenreuth, an der Sing- und Musikschule Regensburg, an der St\u00e4dtischen Musikschule Landshut sowie an der Musikschule Markt Essenbach.&nbsp;<\/p>\n\n\n\n<p><strong>Alexandra Herzinger<\/strong>, wollte schon als kleines Kind unbedingt Gitarre lernen, wie ein Foto im Alter von 3 Jahren mit dem Instrument vorm Christbaum beweist. Sp\u00e4ter wollte sie dann ihre Leidenschaft zum Beruf machen und w\u00e4hrend ihres Studiums der klassischen Gitarre am Richard-Strauss Konservatorium M\u00fcnchen entdeckte sie ihre Liebe zur Volksmusik. Seitdem spielt sie mit ihren Kolleginnen der 84er Musi, mit denen sie auch viel Jahre f\u00fcr \u201eLive Music Now\u201c der Menuhin Stiftung unterwegs war. Seit 2011 spielt sie auch mit Monika Drasch und ihrer gr\u00fcnen Geige.<br>Alexandra arbeitet als Musiklehrerin f\u00fcr Gitarre und Hackbrett bei sich zuhause in Griesst\u00e4tt.<\/p>\n\n\n\n<p><strong>Carolin Schmid<\/strong>, geboren in Tegernsee,\u00a0 absolvierte ihr Studium am Richard-Strauss-Konservatorium in M\u00fcnchen mit den Hauptf\u00e4chern Hackbrett bei Birgit Stolzenburg \u2013 de Biasio und Volksmusik bei Sepp Hornsteiner, sowie dem Zusatzfach Harfe bei Florian Pedarnig. Ihr p\u00e4dagogisches Diplom schloss sie in Kooperation mit der Hochschule f\u00fcr Musik N\u00fcrnberg \u2013 Augsburg ab. In ihrem Heimatort Hausham erteilt sie Privatunterricht, zudem unterrichtet sie an der Musikschule Gr\u00fcnwald und am Sonderp\u00e4dagogischen F\u00f6rderzentrum Hausham. Des Weiteren referiert sie bei verschiedenen Hackbrett- und Volksmusikseminaren und ist als Organisatorin f\u00fcr Sch\u00fcler- und Lehrerfortbildungen t\u00e4tig. Neben Ihrer Unterrichtst\u00e4tigkeit konzertiert sie als Solistin, sowie in verschiedenen Ensembles unterschiedlicher musikalischer Stilrichtungen. Eine ihrer weiteren gro\u00dfen Leidenschaften ist das Theater. Sie fungiert als Schauspielerin und Regisseurin, vorrangig am \u201eSchlierseer Bauerntheater\u201c. Au\u00dferdem ist sie als Sprecherin und Moderatorin bei verschiedensten Veranstaltungen zu h\u00f6ren.<\/p>\n\n\n\n<p><strong>J\u00f6rg Lanzinger<\/strong>, in Lauingen a.d. Donau\u00a0 geboren, studierte Volksmusik bei Prof. Sepp Hornsteiner am Richard-Strauss-Konservatorium M\u00fcnchen, sowie Hackbrett, Zither und Kontrabass im Zusatzfach. Seinen Abschluss als Diplom-Volksmusiklehrer legte er an der Hochschule f\u00fcr Musik N\u00fcrnberg \u2013 Augsburg ab. W\u00e4hrend seines Studiums war er zu zahlreichen Konzertreisen mit dem damaligen Saitenquintett und der Leitung von Prof. Georg Glasl eingeladen, u.a. nach Japan, in die USA, nach Schottland, Bulgarien und in die Slowakei. Auch bei CD- und Radio-Produktionen f\u00fcr den BR oder den Bezirk Oberbayern war er schon zu Studienzeiten mit dabei. Nach seiner Zeit in M\u00fcnchen hat er sich eine freiberufliche T\u00e4tigkeit als Musiker, Musiklehrer und Komponist in seiner nordschw\u00e4bischen Heimatgemeinde Syrgenstein aufgebaut. Mit seinen Ensembles ist er stetig in Funk und Fernsehen vertreten; als Referent ist er regelm\u00e4\u00dfig auf Seminaren in S\u00fcddeutschland, \u00d6sterreich und der Schweiz; als Komponist ver\u00f6ffentlicht er Musik vor allem f\u00fcr den Instrumentalunterricht im Eigenverlag und \u00fcber Fachverlage f\u00fcr Hackbrett und Zither.<\/p>\n\n\n\n<figure class=\"wp-block-image size-large\"><a href=\"https:\/\/lasido.de\/wordpress\/wp-content\/uploads\/2024\/11\/69_WIMU_051-scaled.jpg\"><img loading=\"lazy\" decoding=\"async\" width=\"1024\" height=\"683\" src=\"https:\/\/lasido.de\/wordpress\/wp-content\/uploads\/2024\/11\/69_WIMU_051-1024x683.jpg\" alt=\"\" class=\"wp-image-1921\" srcset=\"https:\/\/lasido.de\/wordpress\/wp-content\/uploads\/2024\/11\/69_WIMU_051-1024x683.jpg 1024w, https:\/\/lasido.de\/wordpress\/wp-content\/uploads\/2024\/11\/69_WIMU_051-300x200.jpg 300w, https:\/\/lasido.de\/wordpress\/wp-content\/uploads\/2024\/11\/69_WIMU_051-768x512.jpg 768w, https:\/\/lasido.de\/wordpress\/wp-content\/uploads\/2024\/11\/69_WIMU_051-1536x1024.jpg 1536w, https:\/\/lasido.de\/wordpress\/wp-content\/uploads\/2024\/11\/69_WIMU_051-2048x1365.jpg 2048w\" sizes=\"auto, (max-width: 1024px) 100vw, 1024px\" \/><\/a><figcaption class=\"wp-element-caption\">Bei den BR Wirtshausmusikanten mit Traudi Siferlinger und Dominik Gl\u00f6bl, Foto: Ralf Wilschewski, BR<\/figcaption><\/figure>\n","protected":false},"excerpt":{"rendered":"<p>Traditionelle Volksmusik in einer traditionellen Stubenmusik-Besetzung mit Hackbrett, Zither, Harfe, Gitarre und Kontrabass (Saitenquintett). Die Musiker des\u00a0M\u00fcnchner Saitenquintetts\u00a0haben sich w\u00e4hrend ihrer Studienzeit am Richard-Strauss-Konservatorium kennengelernt. Nach zwanzig Jahren \u2013 im Herbst 2021 \u2013 haben sie wieder zusammengefunden, um gemeinsam ihrer Leidenschaft nachzugehen. Nachdem sich die Wohnorte der Mitglieder \u00fcber ganz Bayern verteilen, ist nun M\u00fcnchen [&hellip;]<\/p>\n","protected":false},"author":1,"featured_media":0,"parent":1683,"menu_order":2,"comment_status":"closed","ping_status":"closed","template":"","meta":{"footnotes":""},"class_list":["post-2214","page","type-page","status-publish","hentry"],"_links":{"self":[{"href":"https:\/\/lasido.de\/index.php?rest_route=\/wp\/v2\/pages\/2214","targetHints":{"allow":["GET"]}}],"collection":[{"href":"https:\/\/lasido.de\/index.php?rest_route=\/wp\/v2\/pages"}],"about":[{"href":"https:\/\/lasido.de\/index.php?rest_route=\/wp\/v2\/types\/page"}],"author":[{"embeddable":true,"href":"https:\/\/lasido.de\/index.php?rest_route=\/wp\/v2\/users\/1"}],"replies":[{"embeddable":true,"href":"https:\/\/lasido.de\/index.php?rest_route=%2Fwp%2Fv2%2Fcomments&post=2214"}],"version-history":[{"count":2,"href":"https:\/\/lasido.de\/index.php?rest_route=\/wp\/v2\/pages\/2214\/revisions"}],"predecessor-version":[{"id":2233,"href":"https:\/\/lasido.de\/index.php?rest_route=\/wp\/v2\/pages\/2214\/revisions\/2233"}],"up":[{"embeddable":true,"href":"https:\/\/lasido.de\/index.php?rest_route=\/wp\/v2\/pages\/1683"}],"wp:attachment":[{"href":"https:\/\/lasido.de\/index.php?rest_route=%2Fwp%2Fv2%2Fmedia&parent=2214"}],"curies":[{"name":"wp","href":"https:\/\/api.w.org\/{rel}","templated":true}]}}