{"id":2283,"date":"2025-11-17T19:44:38","date_gmt":"2025-11-17T17:44:38","guid":{"rendered":"https:\/\/lasido.de\/?page_id=2283"},"modified":"2025-11-17T19:44:38","modified_gmt":"2025-11-17T17:44:38","slug":"bachtaler-maennerchor","status":"publish","type":"page","link":"https:\/\/lasido.de\/?page_id=2283","title":{"rendered":"Bachtaler M\u00e4nnerchor"},"content":{"rendered":"\n<figure class=\"wp-block-image size-large\"><a href=\"https:\/\/lasido.de\/wordpress\/wp-content\/uploads\/2025\/11\/Bachtaler-Maennerchor-scaled.jpeg\"><img loading=\"lazy\" decoding=\"async\" width=\"1024\" height=\"827\" src=\"https:\/\/lasido.de\/wordpress\/wp-content\/uploads\/2025\/11\/Bachtaler-Maennerchor-1024x827.jpeg\" alt=\"\" class=\"wp-image-2275\" srcset=\"https:\/\/lasido.de\/wordpress\/wp-content\/uploads\/2025\/11\/Bachtaler-Maennerchor-1024x827.jpeg 1024w, https:\/\/lasido.de\/wordpress\/wp-content\/uploads\/2025\/11\/Bachtaler-Maennerchor-300x242.jpeg 300w, https:\/\/lasido.de\/wordpress\/wp-content\/uploads\/2025\/11\/Bachtaler-Maennerchor-768x620.jpeg 768w, https:\/\/lasido.de\/wordpress\/wp-content\/uploads\/2025\/11\/Bachtaler-Maennerchor-1536x1240.jpeg 1536w, https:\/\/lasido.de\/wordpress\/wp-content\/uploads\/2025\/11\/Bachtaler-Maennerchor-2048x1653.jpeg 2048w\" sizes=\"auto, (max-width: 1024px) 100vw, 1024px\" \/><\/a><\/figure>\n\n\n\n<p>Projekt-M\u00e4nnerchor<\/p>\n\n\n\n<p>F\u00fcr besondere Anl\u00e4sse in der Gemeinde Syrgenstein.<\/p>\n","protected":false},"excerpt":{"rendered":"<p>Projekt-M\u00e4nnerchor F\u00fcr besondere Anl\u00e4sse in der Gemeinde Syrgenstein.<\/p>\n","protected":false},"author":1,"featured_media":0,"parent":1683,"menu_order":0,"comment_status":"closed","ping_status":"closed","template":"","meta":{"footnotes":""},"class_list":["post-2283","page","type-page","status-publish","hentry"],"_links":{"self":[{"href":"https:\/\/lasido.de\/index.php?rest_route=\/wp\/v2\/pages\/2283","targetHints":{"allow":["GET"]}}],"collection":[{"href":"https:\/\/lasido.de\/index.php?rest_route=\/wp\/v2\/pages"}],"about":[{"href":"https:\/\/lasido.de\/index.php?rest_route=\/wp\/v2\/types\/page"}],"author":[{"embeddable":true,"href":"https:\/\/lasido.de\/index.php?rest_route=\/wp\/v2\/users\/1"}],"replies":[{"embeddable":true,"href":"https:\/\/lasido.de\/index.php?rest_route=%2Fwp%2Fv2%2Fcomments&post=2283"}],"version-history":[{"count":1,"href":"https:\/\/lasido.de\/index.php?rest_route=\/wp\/v2\/pages\/2283\/revisions"}],"predecessor-version":[{"id":2284,"href":"https:\/\/lasido.de\/index.php?rest_route=\/wp\/v2\/pages\/2283\/revisions\/2284"}],"up":[{"embeddable":true,"href":"https:\/\/lasido.de\/index.php?rest_route=\/wp\/v2\/pages\/1683"}],"wp:attachment":[{"href":"https:\/\/lasido.de\/index.php?rest_route=%2Fwp%2Fv2%2Fmedia&parent=2283"}],"curies":[{"name":"wp","href":"https:\/\/api.w.org\/{rel}","templated":true}]}}