{"id":52,"date":"2014-07-09T14:14:36","date_gmt":"2014-07-09T12:14:36","guid":{"rendered":"http:\/\/lasido.de\/?page_id=52"},"modified":"2024-03-04T20:15:57","modified_gmt":"2024-03-04T18:15:57","slug":"noten","status":"publish","type":"page","link":"https:\/\/lasido.de\/?page_id=52","title":{"rendered":"Noten"},"content":{"rendered":"\n<p><a href=\"https:\/\/lasido.de\/?page_id=1635\" data-type=\"page\" data-id=\"1635\">Eigenverlag J\u00f6rg Lanzinger<\/a><\/p>\n\n\n\n<p class=\"has-small-font-size\">Im Eigenverlag J\u00f6rg Lanzinger sind zahlreiche Hefte erschienen, die direkt \u00fcber die Homepage bestellt werden k\u00f6nnen.<\/p>\n\n\n\n<p><a href=\"https:\/\/lasido.de\/?page_id=896\" data-type=\"page\" data-id=\"896\">Kostenlose Downloads<\/a><\/p>\n\n\n\n<p class=\"has-small-font-size\">Hier stehen Noten zum kostenlosen Download bereit.<\/p>\n\n\n\n<p><a href=\"https:\/\/lasido.de\/?page_id=1640\" data-type=\"page\" data-id=\"1640\">Online-Notenhefte<\/a><\/p>\n\n\n\n<p class=\"has-small-font-size\">Die Online-Notenhefte bieten zus\u00e4tzlichen Inhalt zu bestimmten, im Druck erschienen, Heften.<\/p>\n\n\n\n<p><a href=\"https:\/\/lasido.de\/?page_id=1643\" data-type=\"page\" data-id=\"1643\">Partnerverlage<\/a><\/p>\n\n\n\n<p class=\"has-small-font-size\">Auflistung der Verlage, die Werke von J\u00f6rg Lanzinger ver\u00f6ffentlicht haben.<\/p>\n","protected":false},"excerpt":{"rendered":"<p>Eigenverlag J\u00f6rg Lanzinger Im Eigenverlag J\u00f6rg Lanzinger sind zahlreiche Hefte erschienen, die direkt \u00fcber die Homepage bestellt werden k\u00f6nnen. Kostenlose Downloads Hier stehen Noten zum kostenlosen Download bereit. Online-Notenhefte Die Online-Notenhefte bieten zus\u00e4tzlichen Inhalt zu bestimmten, im Druck erschienen, Heften. Partnerverlage Auflistung der Verlage, die Werke von J\u00f6rg Lanzinger ver\u00f6ffentlicht haben.<\/p>\n","protected":false},"author":1,"featured_media":0,"parent":0,"menu_order":6,"comment_status":"closed","ping_status":"closed","template":"templates\/template-full.php","meta":{"footnotes":""},"class_list":["post-52","page","type-page","status-publish","hentry"],"_links":{"self":[{"href":"https:\/\/lasido.de\/index.php?rest_route=\/wp\/v2\/pages\/52","targetHints":{"allow":["GET"]}}],"collection":[{"href":"https:\/\/lasido.de\/index.php?rest_route=\/wp\/v2\/pages"}],"about":[{"href":"https:\/\/lasido.de\/index.php?rest_route=\/wp\/v2\/types\/page"}],"author":[{"embeddable":true,"href":"https:\/\/lasido.de\/index.php?rest_route=\/wp\/v2\/users\/1"}],"replies":[{"embeddable":true,"href":"https:\/\/lasido.de\/index.php?rest_route=%2Fwp%2Fv2%2Fcomments&post=52"}],"version-history":[{"count":139,"href":"https:\/\/lasido.de\/index.php?rest_route=\/wp\/v2\/pages\/52\/revisions"}],"predecessor-version":[{"id":1726,"href":"https:\/\/lasido.de\/index.php?rest_route=\/wp\/v2\/pages\/52\/revisions\/1726"}],"wp:attachment":[{"href":"https:\/\/lasido.de\/index.php?rest_route=%2Fwp%2Fv2%2Fmedia&parent=52"}],"curies":[{"name":"wp","href":"https:\/\/api.w.org\/{rel}","templated":true}]}}