{"id":558,"date":"2019-05-06T10:44:32","date_gmt":"2019-05-06T08:44:32","guid":{"rendered":"https:\/\/lasido.de\/?page_id=558"},"modified":"2026-04-16T16:04:06","modified_gmt":"2026-04-16T14:04:06","slug":"between-the-lines","status":"publish","type":"page","link":"https:\/\/lasido.de\/?page_id=558","title":{"rendered":"Between the Lines"},"content":{"rendered":"\n<figure class=\"wp-block-image size-large is-style-default\"><a href=\"https:\/\/lasido.de\/wordpress\/wp-content\/uploads\/2026\/04\/btl_2026_1.jpeg\"><img loading=\"lazy\" decoding=\"async\" width=\"768\" height=\"1024\" src=\"https:\/\/lasido.de\/wordpress\/wp-content\/uploads\/2026\/04\/btl_2026_1-768x1024.jpeg\" alt=\"\" class=\"wp-image-2363\" srcset=\"https:\/\/lasido.de\/wordpress\/wp-content\/uploads\/2026\/04\/btl_2026_1-768x1024.jpeg 768w, https:\/\/lasido.de\/wordpress\/wp-content\/uploads\/2026\/04\/btl_2026_1-225x300.jpeg 225w, https:\/\/lasido.de\/wordpress\/wp-content\/uploads\/2026\/04\/btl_2026_1-1152x1536.jpeg 1152w, https:\/\/lasido.de\/wordpress\/wp-content\/uploads\/2026\/04\/btl_2026_1.jpeg 1536w\" sizes=\"auto, (max-width: 768px) 100vw, 768px\" \/><\/a><\/figure>\n\n\n\n<div id=\"pl-558\" class=\"panel-layout\">\n<div id=\"pg-558-0\" class=\"panel-grid panel-no-style\">\n<div id=\"pgc-558-0-0\" class=\"panel-grid-cell\" data-weight=\"0.5\">\n<div id=\"panel-558-0-0-0\" class=\"so-panel widget widget_text panel-first-child panel-last-child\" data-index=\"0\" data-style=\"{&quot;background_image_attachment&quot;:false,&quot;background_display&quot;:&quot;tile&quot;}\">\n<div class=\"textwidget\">\n<p class=\"paragraph_style_1\"><span class=\"style_1\">Fesselnde Rock-Songs und eine mitrei\u00dfende Live-Performance: das ist das Ergebnis einer \u00fcber 15-j\u00e4hrigen Bandentwicklung, die zu der Besetzung zur\u00fcckgef\u00fchrt hat, die bereits Ende der 90-er Jahre gro\u00dfe Erfolge feiern konnte: Shows als Support f\u00fcr&nbsp;<\/span><span class=\"style_2\">Die Happy<\/span><span class=\"style_1\">,&nbsp;<\/span><span class=\"style_2\">Bonfire<\/span><span class=\"style_1\">,&nbsp;<\/span><span class=\"style_2\">The Seer<\/span><span class=\"style_1\">,&nbsp;<\/span><span class=\"style_2\">Axxis<\/span><span class=\"style_1\">und die&nbsp;<\/span><span class=\"style_2\">Scorpions<\/span><span class=\"style_1\">, Headliner-Gigs im gesamten S\u00fcddeutschen Raum, Radio-Airplay u.a. bei Radio 7 und RT1 Augsburg, Teilnahme beim Bundes-Rock- und Pop-Festival in Kassel, \u2026.<br><\/span><\/p>\n<p class=\"paragraph_style_2\">Als Fundament dieses Erfolges hat die Band stets ein herausragendes und eigenst\u00e4ndiges Songwriting begriffen, bei dem eing\u00e4ngige Hooklines und ein treibender Groove im Vordergrund stehen. Darauf achtet nicht zuletzt die kreative Kraft J\u00f6rg Lanzinger, der sein Talent als Multiinstrumentalist, Bandcoach, Songwriter, Arrangeur und Produzent zum Beruf gemacht hat. Doch auch bei bestem Songmaterial gilt: Ohne echten Frontman keine gro\u00dfe Show! Ein solcher ist mit Lars&nbsp; Neumuth in die Band zur\u00fcckgekehrt. Mit den Cover-Rock Bands&nbsp;<span class=\"style_3\">Shark<\/span>&nbsp;und&nbsp;<span class=\"style_3\">Wanted<\/span>hat er bei bis zu 200 Gigs pro Jahr in Deutschland und dar\u00fcber hinaus seine F\u00e4higkeiten perfektioniert, die Emotionen des Publikums zu erreichen, indem er die Botschaft der Musik mit ausdrucksvoller Show und Entertainment unterstreicht. Komplettiert durch Markus Mayer, der zuletzt mit den Studioproduktionen der Metal-Band&nbsp;<span class=\"style_3\">Stringface<\/span>&nbsp;viel Anerkennung f\u00fcr seinen pr\u00e4zisen und treibenden Beat geerntet hat, sowie Christian Sch\u00f6llhorn, der routiniert mit Akkustikgitarre, Crunshsounds oder dem fetten Rocker-Brett f\u00fcr einen variabel wuchtigen und gef\u00fchlvollen Klangteppich und die einschneidenden Soli sorgt, verhallt der Sound nicht \u00fcber den K\u00f6pfen des Publikums, sondern rockt frontal und schn\u00f6rkellos die Halle!<span class=\"style_1\"><br><\/span><\/p>\n<p class=\"paragraph_style_1\"><span class=\"style_1\">Genau das wird die Band auch bei der Live-Performance ihres Ende 2009 produzierten 5. Studiowerks \u201eBack to Life\u201c wieder unter Beweis stellen. Don\u2019t miss the Show!<\/span><\/p>\n<p><strong>Band-Geschichte<\/strong><\/p>\n<p class=\"paragraph_style_1\"><strong><span class=\"style_1\">1991<\/span><\/strong>&nbsp;Erster \u00f6ffentlicher Auftritt unter dem Namen \u201cBurning Pyre\u201d mit J\u00f6rg Lanzinger am Bass und Markus Mayer am Schlagzeug (weitere Gr\u00fcndungsmitglieder: S\u00e4nger und Gitarrist Marko Speer, Keyboarder Holger Rutat, beide bis 1992)<\/p>\n<p class=\"paragraph_style_1\"><strong><span class=\"style_2\">1992<\/span><\/strong>&nbsp;Wechsel des Line-Ups: Lars Neumuth wird S\u00e4nger, Christian Sch\u00f6llhorn wird Gitarrist<\/p>\n<p class=\"paragraph_style_1\"><strong><span class=\"style_1\">1993<\/span><\/strong>&nbsp;Erstes Demo<\/p>\n<p class=\"paragraph_style_1\"><strong><span class=\"style_2\">1994<\/span><\/strong>&nbsp;Zweites Demo, nun unter dem Namen \u201cBetween The Lines\u201d<\/p>\n<p class=\"paragraph_style_1\"><strong><span class=\"style_1\">1995<\/span><\/strong>&nbsp;Outrage-Festival-Tour durch ganz Deutschland, Thomas Lehmeier wird Schlagzeuger<\/p>\n<p class=\"paragraph_style_1\"><strong><span class=\"style_2\">1996<\/span><\/strong>&nbsp;Erste CD \u201c\u2026and elsewhere\u201d<\/p>\n<p class=\"paragraph_style_1\"><strong><span class=\"style_1\">1997<\/span><\/strong>&nbsp;Viele Konzerte, darunter ein Auftritt im Vorprogramm der \u201cScorpions\u201c<\/p>\n<p class=\"paragraph_style_1\"><strong><span class=\"style_2\">1998<\/span><\/strong>&nbsp;Zweite CD \u201cStep Sigh\u201d, Radio Airplay bei Radio 7 und RT1<\/p>\n<p class=\"paragraph_style_1\"><strong><span class=\"style_1\">1999<\/span><\/strong>&nbsp;Wechsel des Line-Ups: Christian Eisenhauer und Markus Gr\u00f6bl sind die neuen Gitarristen,&nbsp; dritte CD \u201cExplosion\u201d, zahlreiche Konzert, u.a. im Vorprogramm von \u201cBonfire\u201d, die Drums werden mit Steffen Sch\u00f6fisch neu besetzt<\/p>\n<p class=\"paragraph_style_1\"><strong><span class=\"style_2\">2002<\/span><\/strong>&nbsp;Neugruppierung und Aufbau eines Unplugged-Programms, Martin Lanzinger wird S\u00e4nger, Susanne F\u00fcssel spielt neben J\u00f6rg Lanzinger Akustik-Gitarre, Thomas Lehmeier \u00fcbernimmt den rhythmischen Part an der Cajon<\/p>\n<p class=\"paragraph_style_1\"><strong><span class=\"style_1\">2004<\/span><\/strong>&nbsp;Vierte CD \u201eNot sophisticated\u201c<\/p>\n<p class=\"paragraph_style_1\"><strong><span class=\"style_2\">2006<\/span><\/strong>&nbsp;Teilnahme am Projekt \u201eBeats Against Violence\u201c wieder mit E-Gitarre, Bass und Drums<\/p>\n<p class=\"paragraph_style_1\"><strong><span class=\"style_1\">2008<\/span><\/strong>&nbsp;Reunion der \u201eStep-High\u201c-Besetzung: Lars Neumuth (Gesang), Christian Sch\u00f6llhorn (Gitarre), J\u00f6rg Lanzinger (Bass) und Thomas Lehmeier (Schlagzeug)<\/p>\n<p class=\"paragraph_style_1\"><strong><span class=\"style_2\">2009<\/span><\/strong>&nbsp;F\u00fcnfte CD \u201eBack To Life\u201c, Markus Mayer folgt Thomas Lehmeier als Schlagzeuger<\/p>\n<p class=\"paragraph_style_1\"><strong><span class=\"style_1\">2013<\/span><\/strong>&nbsp;Wechsel des Line-Ups: Nadine Erath wird S\u00e4ngerin, Janosch K\u00fcbler erg\u00e4nzt mit Gitarre<\/p>\n<p class=\"paragraph_style_1\"><strong><span class=\"style_1\">2026<\/span><\/strong>&nbsp;Reunion zum 30-j\u00e4hrigen Jubil\u00e4um von &#8222;And Elsewhere&#8220;: Lars Neumuth, Christian Sch\u00f6llhorn, Markus Gr\u00f6bl, J\u00f6rg Lanzinger, Steffen Sch\u00f6ffisch<\/p>\n<\/div>\n<\/div>\n<\/div>\n<div id=\"pgc-558-0-1\" class=\"panel-grid-cell\" data-weight=\"0.5\">\n<div id=\"panel-558-0-1-0\" class=\"so-panel widget widget_custom_html panel-first-child\" data-index=\"1\" data-style=\"{&quot;background_image_attachment&quot;:false,&quot;background_display&quot;:&quot;tile&quot;}\"><\/div><\/div><\/div><\/div>\n","protected":false},"excerpt":{"rendered":"<p>Fesselnde Rock-Songs und eine mitrei\u00dfende Live-Performance: das ist das Ergebnis einer \u00fcber 15-j\u00e4hrigen Bandentwicklung, die zu der Besetzung zur\u00fcckgef\u00fchrt hat, die bereits Ende der 90-er Jahre gro\u00dfe Erfolge feiern konnte: Shows als Support f\u00fcr&nbsp;Die Happy,&nbsp;Bonfire,&nbsp;The Seer,&nbsp;Axxisund die&nbsp;Scorpions, Headliner-Gigs im gesamten S\u00fcddeutschen Raum, Radio-Airplay u.a. bei Radio 7 und RT1 Augsburg, Teilnahme beim Bundes-Rock- und Pop-Festival [&hellip;]<\/p>\n","protected":false},"author":1,"featured_media":0,"parent":1683,"menu_order":7,"comment_status":"closed","ping_status":"closed","template":"","meta":{"footnotes":""},"class_list":["post-558","page","type-page","status-publish","hentry"],"_links":{"self":[{"href":"https:\/\/lasido.de\/index.php?rest_route=\/wp\/v2\/pages\/558","targetHints":{"allow":["GET"]}}],"collection":[{"href":"https:\/\/lasido.de\/index.php?rest_route=\/wp\/v2\/pages"}],"about":[{"href":"https:\/\/lasido.de\/index.php?rest_route=\/wp\/v2\/types\/page"}],"author":[{"embeddable":true,"href":"https:\/\/lasido.de\/index.php?rest_route=\/wp\/v2\/users\/1"}],"replies":[{"embeddable":true,"href":"https:\/\/lasido.de\/index.php?rest_route=%2Fwp%2Fv2%2Fcomments&post=558"}],"version-history":[{"count":16,"href":"https:\/\/lasido.de\/index.php?rest_route=\/wp\/v2\/pages\/558\/revisions"}],"predecessor-version":[{"id":2365,"href":"https:\/\/lasido.de\/index.php?rest_route=\/wp\/v2\/pages\/558\/revisions\/2365"}],"up":[{"embeddable":true,"href":"https:\/\/lasido.de\/index.php?rest_route=\/wp\/v2\/pages\/1683"}],"wp:attachment":[{"href":"https:\/\/lasido.de\/index.php?rest_route=%2Fwp%2Fv2%2Fmedia&parent=558"}],"curies":[{"name":"wp","href":"https:\/\/api.w.org\/{rel}","templated":true}]}}