{"id":755,"date":"2020-10-25T11:44:40","date_gmt":"2020-10-25T09:44:40","guid":{"rendered":"https:\/\/lasido.de\/?page_id=755"},"modified":"2023-10-17T20:28:00","modified_gmt":"2023-10-17T18:28:00","slug":"kontakt-und-impressum","status":"publish","type":"page","link":"https:\/\/lasido.de\/?page_id=755","title":{"rendered":"Impressum"},"content":{"rendered":"\n<p>Verantwortlich f\u00fcr die Website www.lasido.de:<\/p>\n\n\n\n<p><strong>J\u00f6rg Lanzinger<\/strong><\/p>\n\n\n\n<p><em>Musiker &#8211; Diplommusiklehrer<\/em><\/p>\n\n\n\n<p>Neue Stra\u00dfe 4<br>89428 Syrgenstein<\/p>\n\n\n\n<p>Germany<\/p>\n\n\n\n<p>Email: mail@lasido.de<\/p>\n\n\n\n<p>Telefon: +49 9077 708770<\/p>\n\n\n\n<p>Steuernummer: 109\/243\/50615<br>USt-ID: DE256798818<\/p>\n","protected":false},"excerpt":{"rendered":"<p>Verantwortlich f\u00fcr die Website www.lasido.de: J\u00f6rg Lanzinger Musiker &#8211; Diplommusiklehrer Neue Stra\u00dfe 489428 Syrgenstein Germany Email: mail@lasido.de Telefon: +49 9077 708770 Steuernummer: 109\/243\/50615USt-ID: DE256798818<\/p>\n","protected":false},"author":1,"featured_media":0,"parent":0,"menu_order":8,"comment_status":"closed","ping_status":"closed","template":"","meta":{"footnotes":""},"class_list":["post-755","page","type-page","status-publish","hentry"],"_links":{"self":[{"href":"https:\/\/lasido.de\/index.php?rest_route=\/wp\/v2\/pages\/755","targetHints":{"allow":["GET"]}}],"collection":[{"href":"https:\/\/lasido.de\/index.php?rest_route=\/wp\/v2\/pages"}],"about":[{"href":"https:\/\/lasido.de\/index.php?rest_route=\/wp\/v2\/types\/page"}],"author":[{"embeddable":true,"href":"https:\/\/lasido.de\/index.php?rest_route=\/wp\/v2\/users\/1"}],"replies":[{"embeddable":true,"href":"https:\/\/lasido.de\/index.php?rest_route=%2Fwp%2Fv2%2Fcomments&post=755"}],"version-history":[{"count":8,"href":"https:\/\/lasido.de\/index.php?rest_route=\/wp\/v2\/pages\/755\/revisions"}],"predecessor-version":[{"id":1514,"href":"https:\/\/lasido.de\/index.php?rest_route=\/wp\/v2\/pages\/755\/revisions\/1514"}],"wp:attachment":[{"href":"https:\/\/lasido.de\/index.php?rest_route=%2Fwp%2Fv2%2Fmedia&parent=755"}],"curies":[{"name":"wp","href":"https:\/\/api.w.org\/{rel}","templated":true}]}}